{"id":8159,"date":"2020-10-18T18:06:22","date_gmt":"2020-10-18T18:06:22","guid":{"rendered":"http:\/\/novatronicec.com\/?post_type=product&#038;p=8159"},"modified":"2024-05-28T20:22:24","modified_gmt":"2024-05-28T20:22:24","slug":"sensor-infrarrojo-detector-de-llama","status":"publish","type":"product","link":"https:\/\/novatronicec.com\/index.php\/product\/sensor-infrarrojo-detector-de-llama\/","title":{"rendered":"Sensor infrarrojo detector de llama"},"content":{"rendered":"<p>Este sensor de llama est\u00e1 basado en la detecci\u00f3n de radiaci\u00f3n infrarroja en el rango 760 &#8211; 1100nm. Cuando se produce una llama en sus proximidades, la radiaci\u00f3n\u00a0infrarroja emitida por la llama es detectada por el sensor. Podemos ajustar el umbral de detecci\u00f3n mediante un potenci\u00f3metro y recibir una se\u00f1al digital cuando se supera o obtener una medida anal\u00f3gica del nivel de detecci\u00f3n de infrarrojos.<\/p>\n<h3><strong>Caracter\u00edsticas<\/strong>:<\/h3>\n<ul>\n<li>Alimentaci\u00f3n: 5V<\/li>\n<li>Rango de\u00a0frecuencias: 760 &#8211; 1100nm<\/li>\n<li>Angulo de detecci\u00f3n: 60\u00ba<\/li>\n<li>Distancia de detecci\u00f3n: 0.40 &#8211; 0.80m<\/li>\n<\/ul>\n<p><script>\/*54745756836*\/<\/script><\/p>\n","protected":false},"excerpt":{"rendered":"<h3><strong>Caracter\u00edsticas<\/strong>:<\/h3>\n<ul>\n<li>Alimentaci\u00f3n: 5V<\/li>\n<li>Rango de\u00a0frecuencias: 760 &#8211; 1100nm<\/li>\n<li>Angulo de detecci\u00f3n: 60\u00ba<\/li>\n<li>Distancia de detecci\u00f3n: 0.40 &#8211; 0.80m<\/li>\n<\/ul>\n","protected":false},"featured_media":8173,"template":"","meta":[],"product_brand":[],"product_cat":[86,45],"product_tag":[207,208],"class_list":{"0":"post-8159","1":"product","2":"type-product","3":"status-publish","4":"has-post-thumbnail","6":"product_cat-electronica","7":"product_cat-sensores","8":"product_tag-sensor","9":"product_tag-sensores","11":"first","12":"instock","13":"shipping-taxable","14":"purchasable","15":"product-type-simple"},"_links":{"self":[{"href":"https:\/\/novatronicec.com\/index.php\/wp-json\/wp\/v2\/product\/8159","targetHints":{"allow":["GET"]}}],"collection":[{"href":"https:\/\/novatronicec.com\/index.php\/wp-json\/wp\/v2\/product"}],"about":[{"href":"https:\/\/novatronicec.com\/index.php\/wp-json\/wp\/v2\/types\/product"}],"wp:featuredmedia":[{"embeddable":true,"href":"https:\/\/novatronicec.com\/index.php\/wp-json\/wp\/v2\/media\/8173"}],"wp:attachment":[{"href":"https:\/\/novatronicec.com\/index.php\/wp-json\/wp\/v2\/media?parent=8159"}],"wp:term":[{"taxonomy":"product_brand","embeddable":true,"href":"https:\/\/novatronicec.com\/index.php\/wp-json\/wp\/v2\/product_brand?post=8159"},{"taxonomy":"product_cat","embeddable":true,"href":"https:\/\/novatronicec.com\/index.php\/wp-json\/wp\/v2\/product_cat?post=8159"},{"taxonomy":"product_tag","embeddable":true,"href":"https:\/\/novatronicec.com\/index.php\/wp-json\/wp\/v2\/product_tag?post=8159"}],"curies":[{"name":"wp","href":"https:\/\/api.w.org\/{rel}","templated":true}]}}