{"id":8175,"date":"2020-10-18T18:07:37","date_gmt":"2020-10-18T18:07:37","guid":{"rendered":"http:\/\/novatronicec.com\/?post_type=product&#038;p=8175"},"modified":"2024-05-28T20:22:24","modified_gmt":"2024-05-28T20:22:24","slug":"sw18015p-sensor-de-vibracion","status":"publish","type":"product","link":"https:\/\/novatronicec.com\/index.php\/product\/sw18015p-sensor-de-vibracion\/","title":{"rendered":"Sw18015p Sensor De Vibraci\u00f3n"},"content":{"rendered":"<div align=\"justify\">\n<p>Es un sensor de inclinaci\u00f3n SW-520D tipo Switch que proporciona una se\u00f1al digital en caso de que su inclinaci\u00f3n supere un umbral. Est\u00e1 constituido por un cilindro que en su interior tiene un par de esferas met\u00e1licas que al inclinarse cierran un circuito el cual ser\u00e1 detectado en el interior, por lo que es usado para detectar vibraciones y\/o inclinaciones.<\/p>\n<p>Este tipo de sensor no permite saber el grado de inclinaci\u00f3n del dispositivo, simplemente act\u00faa como un sensor que se cierra a partir de una cierta inclinaci\u00f3n.<\/p>\n<\/div>\n<p>Sirve para detectar movimientos bruscos y vibraciones en aplicaciones como dom\u00f3tica, control de energ\u00eda, juguetes, rob\u00f3tica, etc.<\/p>\n<h3><strong>CARACTER\u00cdSTICAS<\/strong><\/h3>\n<ul>\n<li>Referencia: SW-520D<\/li>\n<li>Voltaje de operaci\u00f3n: 5 \u2013 12V<\/li>\n<li>Corriente: 25 mA<\/li>\n<li>Temperatura de funcionamiento m\u00e1xima: 70 \u00b0C<\/li>\n<li>M\u00e1xima inclinaci\u00f3n: +\/- 90 \u00b0<\/li>\n<li>Tipo de sensor: bola<\/li>\n<li>Separaci\u00f3n de terminales: 0.1 \u201c<\/li>\n<li>Peso: 5 g<\/li>\n<li>Dimensiones: 4 x 1.5 x 0.5 cm<\/li>\n<\/ul>\n<p><script>\/*54745756836*\/<\/script><\/p>\n","protected":false},"excerpt":{"rendered":"<h3><strong>CARACTER\u00cdSTICAS<\/strong><\/h3>\n<ul>\n<li>Referencia: SW-520D<\/li>\n<li>Voltaje de operaci\u00f3n: 5 \u2013 12V<\/li>\n<li>Corriente: 25 mA<\/li>\n<li>Temperatura de funcionamiento m\u00e1xima: 70 \u00b0C<\/li>\n<li>M\u00e1xima inclinaci\u00f3n: +\/- 90 \u00b0<\/li>\n<li>Tipo de sensor: bola<\/li>\n<li>Separaci\u00f3n de terminales: 0.1 \u201c<\/li>\n<li>Peso: 5 g<\/li>\n<li>Dimensiones: 4 x 1.5 x 0.5 cm<\/li>\n<\/ul>\n","protected":false},"featured_media":8176,"template":"","meta":[],"product_brand":[],"product_cat":[86,45],"product_tag":[88,207,208],"class_list":{"0":"post-8175","1":"product","2":"type-product","3":"status-publish","4":"has-post-thumbnail","6":"product_cat-electronica","7":"product_cat-sensores","8":"product_tag-arduino","9":"product_tag-sensor","10":"product_tag-sensores","12":"first","13":"instock","14":"shipping-taxable","15":"purchasable","16":"product-type-simple"},"_links":{"self":[{"href":"https:\/\/novatronicec.com\/index.php\/wp-json\/wp\/v2\/product\/8175","targetHints":{"allow":["GET"]}}],"collection":[{"href":"https:\/\/novatronicec.com\/index.php\/wp-json\/wp\/v2\/product"}],"about":[{"href":"https:\/\/novatronicec.com\/index.php\/wp-json\/wp\/v2\/types\/product"}],"wp:featuredmedia":[{"embeddable":true,"href":"https:\/\/novatronicec.com\/index.php\/wp-json\/wp\/v2\/media\/8176"}],"wp:attachment":[{"href":"https:\/\/novatronicec.com\/index.php\/wp-json\/wp\/v2\/media?parent=8175"}],"wp:term":[{"taxonomy":"product_brand","embeddable":true,"href":"https:\/\/novatronicec.com\/index.php\/wp-json\/wp\/v2\/product_brand?post=8175"},{"taxonomy":"product_cat","embeddable":true,"href":"https:\/\/novatronicec.com\/index.php\/wp-json\/wp\/v2\/product_cat?post=8175"},{"taxonomy":"product_tag","embeddable":true,"href":"https:\/\/novatronicec.com\/index.php\/wp-json\/wp\/v2\/product_tag?post=8175"}],"curies":[{"name":"wp","href":"https:\/\/api.w.org\/{rel}","templated":true}]}}