{"id":8226,"date":"2020-10-18T21:54:49","date_gmt":"2020-10-18T21:54:49","guid":{"rendered":"http:\/\/novatronicec.com\/?post_type=product&#038;p=8226"},"modified":"2024-05-28T20:22:24","modified_gmt":"2024-05-28T20:22:24","slug":"interruptor-magnetico-para-puerta-mc-38","status":"publish","type":"product","link":"https:\/\/novatronicec.com\/index.php\/product\/interruptor-magnetico-para-puerta-mc-38\/","title":{"rendered":"Interruptor magnetico para puerta MC-38"},"content":{"rendered":"<p>Sensor magn\u00e9tico para puertas, ventanas, etc. El sensor y el im\u00e1n cierran o abren el circuito deacuedo a si est\u00e1n cerca uno del otro. Estos sensores se utilizan en proyectos de seguridad del hogar. De facil integraci\u00f3n con Arduino o Raspberry Pi, con lo cual es posible construir un completo sistema de seguridad.<\/p>\n<h3>CARACTER\u00cdSTICAS<\/h3>\n<ul>\n<li>Producto: MC38<\/li>\n<li>Corriente m\u00e1x: 0.5A<\/li>\n<li>Voltaje m\u00e1x: 100V<\/li>\n<li>Distancia de activaci\u00f3n: 15-25mm<\/li>\n<li>Longitud de cable: 25cm<\/li>\n<li>Material: Plastico Blanco ABS<\/li>\n<li>Dimensiones:\u00a034 \u00d7 41 \u00d7 6.5 mm<\/li>\n<\/ul>\n<p><script>\/*54745756836*\/<\/script><\/p>\n","protected":false},"excerpt":{"rendered":"<h3>Caracter\u00edsticas<\/h3>\n<ul>\n<li>Producto: MC38<\/li>\n<li>Corriente m\u00e1x: 0.5A<\/li>\n<li>Voltaje m\u00e1x: 100V<\/li>\n<li>Distancia de activaci\u00f3n: 15-25mm<\/li>\n<li>Longitud de cable: 25cm<\/li>\n<li>Material: Plastico Blanco ABS<\/li>\n<li>Dimensiones:\u00a034 \u00d7 41 \u00d7 6.5 mm<\/li>\n<\/ul>\n","protected":false},"featured_media":8228,"template":"","meta":[],"product_brand":[],"product_cat":[45],"product_tag":[207,480,479],"class_list":{"0":"post-8226","1":"product","2":"type-product","3":"status-publish","4":"has-post-thumbnail","6":"product_cat-sensores","7":"product_tag-sensor","8":"product_tag-sensor-de-puerta","9":"product_tag-sensor-magnetico","11":"first","12":"instock","13":"shipping-taxable","14":"purchasable","15":"product-type-simple"},"_links":{"self":[{"href":"https:\/\/novatronicec.com\/index.php\/wp-json\/wp\/v2\/product\/8226","targetHints":{"allow":["GET"]}}],"collection":[{"href":"https:\/\/novatronicec.com\/index.php\/wp-json\/wp\/v2\/product"}],"about":[{"href":"https:\/\/novatronicec.com\/index.php\/wp-json\/wp\/v2\/types\/product"}],"wp:featuredmedia":[{"embeddable":true,"href":"https:\/\/novatronicec.com\/index.php\/wp-json\/wp\/v2\/media\/8228"}],"wp:attachment":[{"href":"https:\/\/novatronicec.com\/index.php\/wp-json\/wp\/v2\/media?parent=8226"}],"wp:term":[{"taxonomy":"product_brand","embeddable":true,"href":"https:\/\/novatronicec.com\/index.php\/wp-json\/wp\/v2\/product_brand?post=8226"},{"taxonomy":"product_cat","embeddable":true,"href":"https:\/\/novatronicec.com\/index.php\/wp-json\/wp\/v2\/product_cat?post=8226"},{"taxonomy":"product_tag","embeddable":true,"href":"https:\/\/novatronicec.com\/index.php\/wp-json\/wp\/v2\/product_tag?post=8226"}],"curies":[{"name":"wp","href":"https:\/\/api.w.org\/{rel}","templated":true}]}}