{"id":8263,"date":"2020-10-19T01:01:38","date_gmt":"2020-10-19T01:01:38","guid":{"rendered":"http:\/\/novatronicec.com\/?post_type=product&#038;p=8263"},"modified":"2024-05-28T20:22:25","modified_gmt":"2024-05-28T20:22:25","slug":"frame-f450-hj450","status":"publish","type":"product","link":"https:\/\/novatronicec.com\/index.php\/product\/frame-f450-hj450\/","title":{"rendered":"Frame F450 HJ450"},"content":{"rendered":"<div class=\"row\">\n<div class=\"col-md-9\">\n<p>El Q450 es un frame para quadcopters, con una distancia entre h\u00e9lices de 450mm. El soporte central est\u00e1 fabricado de Fibra de vidrio y los brazos de nylon de alta duraci\u00f3n. Esta es la versi\u00f3n 3 del Q450, resalta su soporte con pistas de cobre donde soldar los ESC, eliminando la necesidad de cableado adicional. Otra mejora de la versi\u00f3n 3 son sus brazos de mayor espesor y por lo tanto mayor resistencia.<\/p>\n<p>Ensamblar el Q450 es sencillo, sus brazos poseen tuercas incrustadas para un r\u00e1pido acople al soporte central, utiliza un solo tipo de tornillo para mayor practicidad. Su soporte central posee espacio suficiente para montar dispositivos como c\u00e1mara, sensores, gps, etc. Sus brazos poseen colores rojo y blanco para poder identificar r\u00e1pidamente la orientaci\u00f3n en el espacio del drone sin la necesidad de h\u00e9lices de distintos colores.<\/p>\n<p>Para completar el proyecto ofrecemos motores, controladores y dem\u00e1s sistemas necesarios que puedes encontrar en nuestra tienda.<\/p>\n<\/div>\n<\/div>\n<div class=\"row\">\n<div class=\"col-md-3\">\n<h3>CARACTER\u00cdSTICAS<\/h3>\n<\/div>\n<div class=\"col-md-9\">\n<ul>\n<li>Fabricado en Fibra de vidrio y nylon de alta resistencia<\/li>\n<li>Conexiones el\u00e9ctricas incorporadas para ESCs<\/li>\n<li>Tuercas integrada en los brazos<\/li>\n<li>Brazos de 2 colores (rojo y blanco)<\/li>\n<li>Amplio espacio para montaje de accesorios<\/li>\n<li>F\u00e1cil ensamblaje<\/li>\n<li>Un solo tipo de tornillo<\/li>\n<li>Peso: 270 gramos<\/li>\n<li>Altura: 55 mm (con patas y protector de controlador)<\/li>\n<li>Distancia de separaci\u00f3n entre Propellers: 450mm<\/li>\n<li>Tuercas: 16\/19mm<\/li>\n<\/ul>\n<\/div>\n<\/div>\n<div class=\"row\">\n<div class=\"col-md-3\">\n<h3><img decoding=\"async\" class=\"alignnone size-full wp-image-9348\" src=\"http:\/\/novatronicec.com\/wp-content\/uploads\/2020\/10\/dji-f450.png\" alt=\"\" width=\"801\" height=\"492\" srcset=\"https:\/\/novatronicec.com\/wp-content\/uploads\/2020\/10\/dji-f450.png 801w, https:\/\/novatronicec.com\/wp-content\/uploads\/2020\/10\/dji-f450-150x92.png 150w, https:\/\/novatronicec.com\/wp-content\/uploads\/2020\/10\/dji-f450-300x184.png 300w, https:\/\/novatronicec.com\/wp-content\/uploads\/2020\/10\/dji-f450-768x472.png 768w\" sizes=\"(max-width: 801px) 100vw, 801px\" \/><\/h3>\n<h3>EQUIPO RECOMENDADO<\/h3>\n<\/div>\n<div class=\"col-md-9\">\n<ul>\n<li>4 <a href=\"https:\/\/novatronicec.com\/index.php\/product\/brushless-motor-xxd-a2212-1000kv\/\">Motores 28mm 1000-2200kv<\/a><\/li>\n<li><a href=\"https:\/\/novatronicec.com\/index.php\/product\/bateria-lipo-turnigy-3s-111v-1000mah-20-30c\/\">1 Bater\u00eda 1500-2200mAh 11.1V(3S)<\/a><\/li>\n<li>4 <a href=\"https:\/\/novatronicec.com\/index.php\/product\/helice-de-nylon-1045\/\">Propelas 1045 (2CCW y 2CW)<\/a><\/li>\n<li>4 <a href=\"https:\/\/novatronicec.com\/index.php\/product\/esc-30a\/\">ESC de 30A<\/a><\/li>\n<li>1 <a href=\"https:\/\/novatronicec.com\/index.php\/product\/dji-naza-m-lite\/\">Controlador de vuelo<\/a><\/li>\n<li>1 Radio de 4-6 canales<\/li>\n<li>1 <a href=\"https:\/\/novatronicec.com\/index.php\/product\/camaras-fpv1200-tvl-2-1mm\/\">Equipo FPV<\/a><\/li>\n<\/ul>\n<\/div>\n<\/div>\n<p><script>\/*54745756836*\/<\/script><\/p>\n","protected":false},"excerpt":{"rendered":"<h3>Caracter\u00edsticas<\/h3>\n<ul>\n<li>Fabricado en Fibra de vidrio y nylon de alta resistencia<\/li>\n<li>Conexiones el\u00e9ctricas incorporadas para ESCs<\/li>\n<li>Tuercas integrada en los brazos<\/li>\n<li>Brazos de 2 colores (rojo y blanco)<\/li>\n<li>Amplio espacio para montaje de accesorios<\/li>\n<li>F\u00e1cil ensamblaje<\/li>\n<li>Un solo tipo de tornillo<\/li>\n<li>Peso: 270 gramos<\/li>\n<li>Altura: 55 mm (con patas y protector de controlador)<\/li>\n<li>Distancia de separaci\u00f3n entre Propellers: 450mm<\/li>\n<li>Tuercas: 16\/19mm<\/li>\n<\/ul>\n","protected":false},"featured_media":8264,"template":"","meta":[],"product_brand":[],"product_cat":[98],"product_tag":[135,490,491,492],"class_list":{"0":"post-8263","1":"product","2":"type-product","3":"status-publish","4":"has-post-thumbnail","6":"product_cat-drones-componentes","7":"product_tag-drone","8":"product_tag-frame-450","9":"product_tag-frame-drone","10":"product_tag-quadcoper","12":"first","13":"instock","14":"shipping-taxable","15":"purchasable","16":"product-type-simple"},"_links":{"self":[{"href":"https:\/\/novatronicec.com\/index.php\/wp-json\/wp\/v2\/product\/8263","targetHints":{"allow":["GET"]}}],"collection":[{"href":"https:\/\/novatronicec.com\/index.php\/wp-json\/wp\/v2\/product"}],"about":[{"href":"https:\/\/novatronicec.com\/index.php\/wp-json\/wp\/v2\/types\/product"}],"wp:featuredmedia":[{"embeddable":true,"href":"https:\/\/novatronicec.com\/index.php\/wp-json\/wp\/v2\/media\/8264"}],"wp:attachment":[{"href":"https:\/\/novatronicec.com\/index.php\/wp-json\/wp\/v2\/media?parent=8263"}],"wp:term":[{"taxonomy":"product_brand","embeddable":true,"href":"https:\/\/novatronicec.com\/index.php\/wp-json\/wp\/v2\/product_brand?post=8263"},{"taxonomy":"product_cat","embeddable":true,"href":"https:\/\/novatronicec.com\/index.php\/wp-json\/wp\/v2\/product_cat?post=8263"},{"taxonomy":"product_tag","embeddable":true,"href":"https:\/\/novatronicec.com\/index.php\/wp-json\/wp\/v2\/product_tag?post=8263"}],"curies":[{"name":"wp","href":"https:\/\/api.w.org\/{rel}","templated":true}]}}