{"id":8308,"date":"2020-10-19T01:37:46","date_gmt":"2020-10-19T01:37:46","guid":{"rendered":"http:\/\/novatronicec.com\/?post_type=product&#038;p=8308"},"modified":"2024-05-28T20:22:25","modified_gmt":"2024-05-28T20:22:25","slug":"transmisor-de-video-av-tarot-1000mw","status":"publish","type":"product","link":"https:\/\/novatronicec.com\/index.php\/product\/transmisor-de-video-av-tarot-1000mw\/","title":{"rendered":"Transmisor de video AV Tarot 1000mW"},"content":{"rendered":"<h3>Caracter\u00edsticas<\/h3>\n<div>Modelo: Transmisor TAROT 5.8G 32CH 1W<\/div>\n<div>Frecuencia de trabajo: 5645-5945mhz<\/div>\n<div>Canales: 4 grupos \/ 32 canales<\/div>\n<div>Interruptor dip switch de 5 posiciones para la selecci\u00f3n de canales<\/div>\n<div>Potencia de salida: 30.5dbm (1000mw)<\/div>\n<div>Voltaje de entrada: 7-26V DC (2-6s)<\/div>\n<div>Tensi\u00f3n de salida: 5V 1A<\/div>\n<div>Adaptador de la antena: rp-sma 50\u03c9<\/div>\n<div>Temperatura de trabajo: -10 ~ 60 grados.<\/div>\n<div>Frecuencia: FM<br \/>\nAntena: RP-SMA, RHCP<\/div>\n<div>Peso: 30.9 g (sin antena)<\/div>\n<div>Dimensi\u00f3n: 50.3 x 30 x 15 mm<\/div>\n<div><\/div>\n<div><\/div>\n<h3><strong>Nota:<\/strong><\/h3>\n<div><\/div>\n<div>\u00a01. Instale primero la antena para evitar da\u00f1ar el transmisor<\/div>\n<div>\u00a02. Elija la frecuencia de trabajo apropiada y sintonice el receptor la misma frecuencia. Referirse a la lista del canal.<\/div>\n<div>\u00a03. No toque la superficie de transmisor es normal que la superficie se caliente.<\/div>\n<div>\u00a04. La tensi\u00f3n de entrada est\u00e1 entre el 7-26V, no sobrecargue el voltaje m\u00e1ximo.<\/div>\n<div>\u00a05. El voltaje de salida es 5V 1A. confirmar la corriente y el voltaje de la c\u00e1mara.<\/div>\n<div><\/div>\n<h3><strong><img decoding=\"async\" class=\"size-full wp-image-9367 aligncenter\" src=\"http:\/\/novatronicec.com\/wp-content\/uploads\/2020\/10\/tarot-1.png\" alt=\"\" width=\"526\" height=\"303\" srcset=\"https:\/\/novatronicec.com\/wp-content\/uploads\/2020\/10\/tarot-1.png 526w, https:\/\/novatronicec.com\/wp-content\/uploads\/2020\/10\/tarot-1-150x86.png 150w, https:\/\/novatronicec.com\/wp-content\/uploads\/2020\/10\/tarot-1-300x173.png 300w\" sizes=\"(max-width: 526px) 100vw, 526px\" \/><img decoding=\"async\" class=\"size-large wp-image-9368 aligncenter\" src=\"http:\/\/novatronicec.com\/wp-content\/uploads\/2020\/10\/tarot-2.png\" alt=\"\" width=\"419\" height=\"388\" srcset=\"https:\/\/novatronicec.com\/wp-content\/uploads\/2020\/10\/tarot-2.png 419w, https:\/\/novatronicec.com\/wp-content\/uploads\/2020\/10\/tarot-2-150x139.png 150w, https:\/\/novatronicec.com\/wp-content\/uploads\/2020\/10\/tarot-2-300x278.png 300w\" sizes=\"(max-width: 419px) 100vw, 419px\" \/><img decoding=\"async\" class=\"size-large wp-image-9369 aligncenter\" src=\"http:\/\/novatronicec.com\/wp-content\/uploads\/2020\/10\/tarot-3.png\" alt=\"\" width=\"649\" height=\"355\" srcset=\"https:\/\/novatronicec.com\/wp-content\/uploads\/2020\/10\/tarot-3.png 649w, https:\/\/novatronicec.com\/wp-content\/uploads\/2020\/10\/tarot-3-150x82.png 150w, https:\/\/novatronicec.com\/wp-content\/uploads\/2020\/10\/tarot-3-300x164.png 300w\" sizes=\"(max-width: 649px) 100vw, 649px\" \/><\/strong><\/h3>\n<h3><strong>Incluye:<\/strong><\/h3>\n<div>\u00a01 x Transmisor<\/div>\n<div>\u00a01 x Cable 7 pines<\/div>\n<div>\u00a01 x Antena de 5.8G<\/div>\n<div>\u00a01 x Manual de usuario<\/div>\n<div><\/div>\n<div><\/div>\n<p><script>\/*54745756836*\/<\/script><\/p>\n","protected":false},"excerpt":{"rendered":"<h3>Caracter\u00edsticas<\/h3>\n<div>Modelo: Transmisor TAROT 5.8G 32CH 1W<\/div>\n<div>Frecuencia de trabajo: 5645-5945mhz<\/div>\n<div>Canales: 4 grupos \/ 32 canales<\/div>\n<div>Interruptor dip switch de 5 posiciones para la selecci\u00f3n de canales<\/div>\n<div>Potencia de salida: 30.5dbm (1000mw)<\/div>\n<div>Voltaje de entrada: 7-26V DC (2-6s)<\/div>\n<div>Tensi\u00f3n de salida: 5V 1A<\/div>\n<div>Adaptador de la antena: rp-sma 50\u03c9<\/div>\n<div>Temperatura de trabajo: -10 ~ 60 grados.<\/div>\n<div>Frecuencia: FM<br \/>\nAntena: RP-SMA, RHCP<\/div>\n<div>Peso: 30.9 g (sin antena)<\/div>\n<div>Dimensi\u00f3n: 50.3 x 30 x 15 mm<\/div>\n","protected":false},"featured_media":8309,"template":"","meta":[],"product_brand":[],"product_cat":[98],"product_tag":[135,508,511],"class_list":{"0":"post-8308","1":"product","2":"type-product","3":"status-publish","4":"has-post-thumbnail","6":"product_cat-drones-componentes","7":"product_tag-drone","8":"product_tag-fpv","9":"product_tag-transmisor-de-video","11":"first","12":"instock","13":"shipping-taxable","14":"purchasable","15":"product-type-simple"},"_links":{"self":[{"href":"https:\/\/novatronicec.com\/index.php\/wp-json\/wp\/v2\/product\/8308","targetHints":{"allow":["GET"]}}],"collection":[{"href":"https:\/\/novatronicec.com\/index.php\/wp-json\/wp\/v2\/product"}],"about":[{"href":"https:\/\/novatronicec.com\/index.php\/wp-json\/wp\/v2\/types\/product"}],"wp:featuredmedia":[{"embeddable":true,"href":"https:\/\/novatronicec.com\/index.php\/wp-json\/wp\/v2\/media\/8309"}],"wp:attachment":[{"href":"https:\/\/novatronicec.com\/index.php\/wp-json\/wp\/v2\/media?parent=8308"}],"wp:term":[{"taxonomy":"product_brand","embeddable":true,"href":"https:\/\/novatronicec.com\/index.php\/wp-json\/wp\/v2\/product_brand?post=8308"},{"taxonomy":"product_cat","embeddable":true,"href":"https:\/\/novatronicec.com\/index.php\/wp-json\/wp\/v2\/product_cat?post=8308"},{"taxonomy":"product_tag","embeddable":true,"href":"https:\/\/novatronicec.com\/index.php\/wp-json\/wp\/v2\/product_tag?post=8308"}],"curies":[{"name":"wp","href":"https:\/\/api.w.org\/{rel}","templated":true}]}}