{"id":8490,"date":"2020-10-22T14:40:18","date_gmt":"2020-10-22T14:40:18","guid":{"rendered":"http:\/\/novatronicec.com\/?post_type=product&#038;p=8490"},"modified":"2025-11-12T20:47:37","modified_gmt":"2025-11-12T20:47:37","slug":"acople-solido-5mm-a-8mm","status":"publish","type":"product","link":"https:\/\/novatronicec.com\/index.php\/product\/acople-solido-5mm-a-8mm\/","title":{"rendered":"Acople flexible 5mm a 8mm"},"content":{"rendered":"<div class=\"row\">\n<div class=\"col-md-9\">\n<p>La forma m\u00e1s sencilla de transmitir potencia desde un motor a un eje es utilizando un acople. Siempre existir\u00e1n problemas de alineamiento entre el eje del motor y el eje a impulsar, por lo que no es recomendable utilizar acoples r\u00edgidos para la uni\u00f3n. Es para esto que se utilizan acoples de tipo flexible que permiten solucionar el problema de los defectos de alineamiento.<\/p>\n<p>Este acople es de aluminio maquinado, posee un ranurado helicoidal y tornillos hexagonales para su ajuste con los ejes. Son muy utilizados en sistemas CNC, impresoras 3D, fajas transportadoras.<\/p>\n<p>Los ejes con di\u00e1metro de 5mm son muy comunes en motores paso a paso Nema 23. Los ejes de 8mm de di\u00e1metro son el est\u00e1ndar en tornillos de\u00a0potencia en impresoras 3D y m\u00e1quinas CNC.\u00a0El acople se fija a los ejes utilizando tornillos allen prisioneros M4 con una llave Allen #2.<\/p>\n<\/div>\n<\/div>\n<div class=\"row\">\n<div class=\"col-md-3\">\n<h3>CARACTER\u00cdSTICAS<\/h3>\n<\/div>\n<div class=\"col-md-9\">\n<ul>\n<li>Di\u00e1metros interiores: 5mm\u00a0a 8mm<\/li>\n<li>Dimensiones: Largo\u00a025mm y Di\u00e1metro exterior 18mm<\/li>\n<li>Tornillo de fijaci\u00f3n(DIN913): M4 (llave Allen #2)<\/li>\n<li>Peso: 15 gramos<\/li>\n<li>Material: Aluminio<\/li>\n<\/ul>\n<\/div>\n<\/div>\n","protected":false},"excerpt":{"rendered":"<h3>Caracter\u00edsticas<\/h3>\n<ul>\n<li>Di\u00e1metros interiores: 5mm\u00a0a 8mm<\/li>\n<li>Dimensiones: Largo\u00a025mm y Di\u00e1metro exterior 18mm<\/li>\n<li>Tornillo de fijaci\u00f3n(DIN913): M4 (llave Allen #2)<\/li>\n<li>Peso: 15 gramos<\/li>\n<li>Material: Aluminio<\/li>\n<\/ul>\n","protected":false},"featured_media":8492,"template":"","meta":[],"product_brand":[],"product_cat":[241],"product_tag":[516,149,515],"class_list":{"0":"post-8490","1":"product","2":"type-product","3":"status-publish","4":"has-post-thumbnail","6":"product_cat-repuestos","7":"product_tag-acople-flexible","8":"product_tag-cnc","9":"product_tag-repuesto","11":"first","12":"instock","13":"shipping-taxable","14":"purchasable","15":"product-type-simple"},"_links":{"self":[{"href":"https:\/\/novatronicec.com\/index.php\/wp-json\/wp\/v2\/product\/8490","targetHints":{"allow":["GET"]}}],"collection":[{"href":"https:\/\/novatronicec.com\/index.php\/wp-json\/wp\/v2\/product"}],"about":[{"href":"https:\/\/novatronicec.com\/index.php\/wp-json\/wp\/v2\/types\/product"}],"wp:featuredmedia":[{"embeddable":true,"href":"https:\/\/novatronicec.com\/index.php\/wp-json\/wp\/v2\/media\/8492"}],"wp:attachment":[{"href":"https:\/\/novatronicec.com\/index.php\/wp-json\/wp\/v2\/media?parent=8490"}],"wp:term":[{"taxonomy":"product_brand","embeddable":true,"href":"https:\/\/novatronicec.com\/index.php\/wp-json\/wp\/v2\/product_brand?post=8490"},{"taxonomy":"product_cat","embeddable":true,"href":"https:\/\/novatronicec.com\/index.php\/wp-json\/wp\/v2\/product_cat?post=8490"},{"taxonomy":"product_tag","embeddable":true,"href":"https:\/\/novatronicec.com\/index.php\/wp-json\/wp\/v2\/product_tag?post=8490"}],"curies":[{"name":"wp","href":"https:\/\/api.w.org\/{rel}","templated":true}]}}