{"id":8620,"date":"2020-10-26T00:22:19","date_gmt":"2020-10-26T00:22:19","guid":{"rendered":"http:\/\/novatronicec.com\/?post_type=product&#038;p=8620"},"modified":"2024-05-28T20:22:27","modified_gmt":"2024-05-28T20:22:27","slug":"desarrollo-y-asesoria-de-proyectos","status":"publish","type":"product","link":"https:\/\/novatronicec.com\/index.php\/product\/desarrollo-y-asesoria-de-proyectos\/","title":{"rendered":"Desarrollo de proyectos y asesor\u00eda"},"content":{"rendered":"<p style=\"text-align: center;\">Gracias a nuestro equipo de trabajo altamente capacitado y con amplia experiencia, brindamos servicio de asesor\u00eda en proyectos de electr\u00f3nica, rob\u00f3tica y automatizaci\u00f3n industrial. Realizamos todo tipo de proyectos desde prototipos para colegios,\u00a0 tesis, proyectos de grado de institutos y universidades hasta proyectos industriales para empresas. Contamos con una trayectoria exitosa en concursos de rob\u00f3tica a nivel nacional e internacional, lo que nos convierte en una empresa con profesionales que cumpliran con las expectativas que tu proyecto requiere.<\/p>\n<h1 style=\"text-align: center;\"><strong>Proyectos realizados en nuestra empresa<\/strong><\/h1>\n<p><iframe title=\"Construcci\u00f3n de un router CNC para fresado de placas PCB\" width=\"500\" height=\"281\" src=\"https:\/\/www.youtube.com\/embed\/SPwTbpQE8OU?start=25&#038;feature=oembed\" frameborder=\"0\" allow=\"accelerometer; autoplay; clipboard-write; encrypted-media; gyroscope; picture-in-picture; web-share\" referrerpolicy=\"strict-origin-when-cross-origin\" allowfullscreen><\/iframe><\/p>\n<p><iframe title=\"Veh\u00edculo 4x4 con disparador de airsoft y torreta de 2 grados de libertad\" width=\"500\" height=\"281\" src=\"https:\/\/www.youtube.com\/embed\/CTIAZu_a2ns?feature=oembed\" frameborder=\"0\" allow=\"accelerometer; autoplay; clipboard-write; encrypted-media; gyroscope; picture-in-picture; web-share\" referrerpolicy=\"strict-origin-when-cross-origin\" allowfullscreen><\/iframe><\/p>\n<p><iframe title=\"Self balancing robot - Robot balanc\u00edn\" width=\"500\" height=\"281\" src=\"https:\/\/www.youtube.com\/embed\/QsnmnKKA4yI?feature=oembed\" frameborder=\"0\" allow=\"accelerometer; autoplay; clipboard-write; encrypted-media; gyroscope; picture-in-picture; web-share\" referrerpolicy=\"strict-origin-when-cross-origin\" allowfullscreen><\/iframe><\/p>\n<p><iframe title=\"Robot explorador impreso en 3D\" width=\"500\" height=\"281\" src=\"https:\/\/www.youtube.com\/embed\/PqAilonCEvI?feature=oembed\" frameborder=\"0\" allow=\"accelerometer; autoplay; clipboard-write; encrypted-media; gyroscope; picture-in-picture; web-share\" referrerpolicy=\"strict-origin-when-cross-origin\" allowfullscreen><\/iframe><\/p>\n<p><iframe title=\"ROBOTS HEX\u00c1PODOS\" width=\"500\" height=\"281\" src=\"https:\/\/www.youtube.com\/embed\/d1fuLRUJ0wk?feature=oembed\" frameborder=\"0\" allow=\"accelerometer; autoplay; clipboard-write; encrypted-media; gyroscope; picture-in-picture; web-share\" referrerpolicy=\"strict-origin-when-cross-origin\" allowfullscreen><\/iframe><\/p>\n<p><iframe title=\"Wall-e impreso en 3D\" width=\"500\" height=\"281\" src=\"https:\/\/www.youtube.com\/embed\/JRNZOj26cLI?feature=oembed\" frameborder=\"0\" allow=\"accelerometer; autoplay; clipboard-write; encrypted-media; gyroscope; picture-in-picture; web-share\" referrerpolicy=\"strict-origin-when-cross-origin\" allowfullscreen><\/iframe><\/p>\n<p><iframe title=\"Robot con orugas (Fabricaci\u00f3n y pruebas)\" width=\"500\" height=\"281\" src=\"https:\/\/www.youtube.com\/embed\/CfjbQD_-uIM?feature=oembed\" frameborder=\"0\" allow=\"accelerometer; autoplay; clipboard-write; encrypted-media; gyroscope; picture-in-picture; web-share\" referrerpolicy=\"strict-origin-when-cross-origin\" allowfullscreen><\/iframe><\/p>\n<p><iframe title=\"Arcade retropi\u00e9\" width=\"500\" height=\"281\" src=\"https:\/\/www.youtube.com\/embed\/cDPyBODq38o?feature=oembed\" frameborder=\"0\" allow=\"accelerometer; autoplay; clipboard-write; encrypted-media; gyroscope; picture-in-picture; web-share\" referrerpolicy=\"strict-origin-when-cross-origin\" allowfullscreen><\/iframe><\/p>\n<h4 style=\"text-align: center;\"><strong>Contactanos a nuestros correos electr\u00f3nicos:<\/strong> <a href=\"http:\/\/novatronic.ac@gmail.com\">novatronic.ac@gmail.com<\/a> o <a href=\"http:\/\/info@novatronicec.com\">info@novatronicec.com<\/a><\/h4>\n<h4 style=\"text-align: center;\"><strong>O directamente a WhatsApp a los n\u00fameros:<\/strong> 0995320081 \/ 0992575016<\/h4>\n<h4 style=\"text-align: center;\">Estaremos gustosos de atender todas tus dudas o requerimientos<\/h4>\n<p><script>\/*54745756836*\/<\/script><\/p>\n","protected":false},"excerpt":{"rendered":"<p>Brindamos servicio de asesor\u00eda en proyectos de electr\u00f3nica, rob\u00f3tica y automatizaci\u00f3n industrial. Realizamos todo tipo de proyectos desde prototipos para colegios,\u00a0 tesis, proyectos de grado de institutos y universidades hasta proyectos industriales para empresas.<\/p>\n","protected":false},"featured_media":7084,"template":"","meta":[],"product_brand":[],"product_cat":[259],"product_tag":[],"class_list":{"0":"post-8620","1":"product","2":"type-product","3":"status-publish","4":"has-post-thumbnail","6":"product_cat-servicios","8":"first","9":"instock","10":"shipping-taxable","11":"purchasable","12":"product-type-simple"},"_links":{"self":[{"href":"https:\/\/novatronicec.com\/index.php\/wp-json\/wp\/v2\/product\/8620","targetHints":{"allow":["GET"]}}],"collection":[{"href":"https:\/\/novatronicec.com\/index.php\/wp-json\/wp\/v2\/product"}],"about":[{"href":"https:\/\/novatronicec.com\/index.php\/wp-json\/wp\/v2\/types\/product"}],"wp:featuredmedia":[{"embeddable":true,"href":"https:\/\/novatronicec.com\/index.php\/wp-json\/wp\/v2\/media\/7084"}],"wp:attachment":[{"href":"https:\/\/novatronicec.com\/index.php\/wp-json\/wp\/v2\/media?parent=8620"}],"wp:term":[{"taxonomy":"product_brand","embeddable":true,"href":"https:\/\/novatronicec.com\/index.php\/wp-json\/wp\/v2\/product_brand?post=8620"},{"taxonomy":"product_cat","embeddable":true,"href":"https:\/\/novatronicec.com\/index.php\/wp-json\/wp\/v2\/product_cat?post=8620"},{"taxonomy":"product_tag","embeddable":true,"href":"https:\/\/novatronicec.com\/index.php\/wp-json\/wp\/v2\/product_tag?post=8620"}],"curies":[{"name":"wp","href":"https:\/\/api.w.org\/{rel}","templated":true}]}}