{"id":8682,"date":"2020-10-29T16:31:35","date_gmt":"2020-10-29T16:31:35","guid":{"rendered":"http:\/\/novatronicec.com\/?post_type=product&#038;p=8682"},"modified":"2025-11-07T22:38:04","modified_gmt":"2025-11-07T22:38:04","slug":"flysky-fsi6s-fs-i6s-2-4g-6ch","status":"publish","type":"product","link":"https:\/\/novatronicec.com\/index.php\/product\/flysky-fsi6s-fs-i6s-2-4g-6ch\/","title":{"rendered":"Radio control FlySky FSI6S FS i6s 2.4G 6ch OR 10ch (Touch)"},"content":{"rendered":"<p>El transmisor FS-i6S y el receptor FS-iA6B constituyen un RC sistema computarizado proporcional digital de 10 Canales a 2,4 GHz AFHDS. Este sistema soporta quadcopters: est\u00e1 dise\u00f1ado y patentado por Flysky especialmente para todos los modelos de radiocontrol, proporcionando una protecci\u00f3n superior contra las interferencias mientras mantiene un bajo consumo de energ\u00eda y una alta sensibilidad del receptor. La tecnolog\u00eda AFHDS de Flysky se considera una de los l\u00edderes en el mercado de RC actualmente.<\/p>\n<p>Podemos destacar caracter\u00edsticas interesantes, como su comunicaci\u00f3n bidireccional capaz de enviar y recibir datos pertinentes del dron (temperatura, sensores, calibraci\u00f3n, soporte i-BUS), sistema de reconocimiento de ID \u00fanico, guardado de hasta 20 modelos diferentes en el mismo receptor, antena omnidireccional de alta ganancia, pantalla t\u00e1ctil para navegar de forma m\u00e1s r\u00e1pida y 10 canales de configuraci\u00f3n.<\/p>\n<p>El ancho de banda de este sistema oscila entre 2.4055 GHz y 2.475 GHz. La banda est\u00e1 dividida en 140 canales, consiguiendo que cada transmisor salte entre 16 canales para reducir la interferencia de otros transmisores.<\/p>\n<h3>CARACTER\u00cdSTICAS<\/h3>\n<ul>\n<li>Color: Negro<\/li>\n<li>Canales: 10<\/li>\n<li>Rango de RF: 2.4055 &#8211; 2.475 GHz<\/li>\n<li>Ancho de banda: 500 KHz<\/li>\n<li>Banda: 140<\/li>\n<li>Poder de RF: Menor de 20 dBm<\/li>\n<li>Sistema 2.4G: AFHDS 2A<\/li>\n<li>Tipo de c\u00f3digo: GFSK<\/li>\n<li>Sensibilidad: 4096<\/li>\n<li>Alarma de baja tensi\u00f3n: S\u00ed. menos de 4.2V<\/li>\n<li>Puerto PS2\/USB: S\u00ed<\/li>\n<li>Entrada de alimentaci\u00f3n: 4.2V \u2013 6.0V<\/li>\n<li>Longitud de la antena: 26 mm x\u00a02<\/li>\n<li>Peso: 410g<\/li>\n<li>Dimensiones: 179 x 81 x 161 mm<\/li>\n<li>Certificado: CE0678, FCC<\/li>\n<\/ul>\n<h3><strong>Receptor FS-iA6B:<\/strong><\/h3>\n<ul>\n<li>Canales: 6<\/li>\n<li>Rango de RF: 2.4055 \uff5e 2.475 GHz<\/li>\n<li>Banda: 140<\/li>\n<li>Sensibilidad RX: -105dBm<\/li>\n<li>Sistema 2.4G: AFHDS 2A<\/li>\n<li>Tipo de c\u00f3digo: GFSK<\/li>\n<li>Puerto i-Bus: S\u00ed<\/li>\n<li>Puerto Adquisi\u00f3n Datos: S\u00ed<\/li>\n<li>Entrada de alimentaci\u00f3n: 4.2V \u2013 6.0V<\/li>\n<li>Longitud de la antena: 26 mm x 2<\/li>\n<li>Peso: 10g<\/li>\n<li>Dimensiones: 47 x 26.2 x 15 mm<\/li>\n<li>Certificado: CE0678, FCC<\/li>\n<\/ul>\n<h3>Contenido del Paquete:<\/h3>\n<ul>\n<li>1 x\u00a0Emisora Flysky FS-i6S 2.4GHz 10CH<\/li>\n<li>1 x\u00a0Receptor FS-iA6B<\/li>\n<\/ul>\n<p><script>\/*54745756836*\/<\/script><\/p>\n","protected":false},"excerpt":{"rendered":"<h3>Caracter\u00edsticas<\/h3>\n<ul>\n<li>Color: Negro<\/li>\n<li>Canales: 10<\/li>\n<li>Rango de RF: 2.4055 &#8211; 2.475 GHz<\/li>\n<li>Ancho de banda: 500 KHz<\/li>\n<li>Banda: 140<\/li>\n<li>Poder de RF: Menor de 20 dBm<\/li>\n<li>Sistema 2.4G: AFHDS 2A<\/li>\n<li>Tipo de c\u00f3digo: GFSK<\/li>\n<li>Sensibilidad: 4096<\/li>\n<li>Alarma de baja tensi\u00f3n: S\u00ed. menos de 4.2V<\/li>\n<li>Puerto PS2\/USB: S\u00ed<\/li>\n<li>Entrada de alimentaci\u00f3n: 4.2V \u2013 6.0V<\/li>\n<li>Longitud de la antena: 26 mm x\u00a02<\/li>\n<li>Peso: 410g<\/li>\n<li>Dimensiones: 179 x 81 x 161 mm<\/li>\n<li>Certificado: CE0678, FCC<\/li>\n<\/ul>\n<h3><strong>Receptor FS-iA6B:<\/strong><\/h3>\n<ul>\n<li>Canales: 6<\/li>\n<li>Rango de RF: 2.4055 \uff5e 2.475 GHz<\/li>\n<li>Banda: 140<\/li>\n<li>Sensibilidad RX: -105dBm<\/li>\n<li>Sistema 2.4G: AFHDS 2A<\/li>\n<li>Tipo de c\u00f3digo: GFSK<\/li>\n<li>Puerto i-Bus: S\u00ed<\/li>\n<li>Puerto Adquisi\u00f3n Datos: S\u00ed<\/li>\n<li>Entrada de alimentaci\u00f3n: 4.2V \u2013 6.0V<\/li>\n<li>Longitud de la antena: 26 mm x 2<\/li>\n<li>Peso: 10g<\/li>\n<li>Dimensiones: 47 x 26.2 x 15 mm<\/li>\n<li>Certificado: CE0678, FCC<\/li>\n<\/ul>\n","protected":false},"featured_media":8686,"template":"","meta":[],"product_brand":[],"product_cat":[99],"product_tag":[536,537,535],"class_list":{"0":"post-8682","1":"product","2":"type-product","3":"status-publish","4":"has-post-thumbnail","6":"product_cat-radiocontroles","7":"product_tag-mando-a-distancia","8":"product_tag-radio-control","9":"product_tag-rc","11":"first","12":"instock","13":"sale","14":"shipping-taxable","15":"purchasable","16":"product-type-simple"},"_links":{"self":[{"href":"https:\/\/novatronicec.com\/index.php\/wp-json\/wp\/v2\/product\/8682","targetHints":{"allow":["GET"]}}],"collection":[{"href":"https:\/\/novatronicec.com\/index.php\/wp-json\/wp\/v2\/product"}],"about":[{"href":"https:\/\/novatronicec.com\/index.php\/wp-json\/wp\/v2\/types\/product"}],"wp:featuredmedia":[{"embeddable":true,"href":"https:\/\/novatronicec.com\/index.php\/wp-json\/wp\/v2\/media\/8686"}],"wp:attachment":[{"href":"https:\/\/novatronicec.com\/index.php\/wp-json\/wp\/v2\/media?parent=8682"}],"wp:term":[{"taxonomy":"product_brand","embeddable":true,"href":"https:\/\/novatronicec.com\/index.php\/wp-json\/wp\/v2\/product_brand?post=8682"},{"taxonomy":"product_cat","embeddable":true,"href":"https:\/\/novatronicec.com\/index.php\/wp-json\/wp\/v2\/product_cat?post=8682"},{"taxonomy":"product_tag","embeddable":true,"href":"https:\/\/novatronicec.com\/index.php\/wp-json\/wp\/v2\/product_tag?post=8682"}],"curies":[{"name":"wp","href":"https:\/\/api.w.org\/{rel}","templated":true}]}}