{"id":8731,"date":"2020-10-31T04:02:19","date_gmt":"2020-10-31T04:02:19","guid":{"rendered":"http:\/\/novatronicec.com\/?post_type=product&#038;p=8731"},"modified":"2026-01-29T14:57:16","modified_gmt":"2026-01-29T14:57:16","slug":"conector-jst-2p-hembra-22awg-10cm","status":"publish","type":"product","link":"https:\/\/novatronicec.com\/index.php\/product\/conector-jst-2p-hembra-22awg-10cm\/","title":{"rendered":"Conector JST 2P Hembra 22AWG 10cm"},"content":{"rendered":"<p><span class=\"a-list-item\">Estos conectores JST son rojos y negros, peque\u00f1os para proyectos de electr\u00f3nica DIY y son adecuados para la mayor\u00eda de los componentes electr\u00f3nicos. Cuentas con aislamiento de PVC<\/span><span class=\"a-list-item\"> de alta calidad ymuy duraderos con excelente flexibilidad. El n\u00facleo de cobre est\u00e1 hecho de alambre de cobre esta\u00f1ado, que es conductor y tiene buenas estabilidad y soldadura.<\/span><\/p>\n<p><span class=\"a-list-item\">De f\u00e1cil conexi\u00f3n incluye cable 22 AWG, el conector macho y el conector hembra se acoplan bien, estable y compacto no se caer\u00e1.<\/span><\/p>\n<p><span class=\"a-list-item\">Usado\u00a0 para la mayor\u00eda de los mini helic\u00f3pteros de control remoto, tiras LED. Se puede utilizar para conectar una variedad de electrodom\u00e9sticos, autom\u00f3viles, iluminaci\u00f3n, juguetes, paneles de control de PCB, etc.<\/span><\/p>\n<h3>Caracter\u00edsticas<\/h3>\n<ul>\n<li>Tipo de conector: JST Hembra<\/li>\n<li>Cable: 22AWG<\/li>\n<li>Longitud del cable: 10 cm<\/li>\n<li>Polos: 2<\/li>\n<li>Polaridad: Si<\/li>\n<\/ul>\n<p><script>\/*54745756836*\/<\/script><\/p>\n","protected":false},"excerpt":{"rendered":"<h3>Caracter\u00edsticas<\/h3>\n<ul>\n<li>Tipo de conector: JST Hembra<\/li>\n<li>Cable: 22AWG<\/li>\n<li>Longitud del cable: 10 cm<\/li>\n<li>Polos: 2<\/li>\n<li>Polaridad: Si<\/li>\n<\/ul>\n","protected":false},"featured_media":8730,"template":"","meta":[],"product_brand":[],"product_cat":[128,98,86],"product_tag":[130,568,569,129],"class_list":{"0":"post-8731","1":"product","2":"type-product","3":"status-publish","4":"has-post-thumbnail","6":"product_cat-baterias","7":"product_cat-drones-componentes","8":"product_cat-electronica","9":"product_tag-baterialipo","10":"product_tag-conector","11":"product_tag-jst","12":"product_tag-lipo","14":"first","15":"instock","16":"shipping-taxable","17":"purchasable","18":"product-type-simple"},"_links":{"self":[{"href":"https:\/\/novatronicec.com\/index.php\/wp-json\/wp\/v2\/product\/8731","targetHints":{"allow":["GET"]}}],"collection":[{"href":"https:\/\/novatronicec.com\/index.php\/wp-json\/wp\/v2\/product"}],"about":[{"href":"https:\/\/novatronicec.com\/index.php\/wp-json\/wp\/v2\/types\/product"}],"wp:featuredmedia":[{"embeddable":true,"href":"https:\/\/novatronicec.com\/index.php\/wp-json\/wp\/v2\/media\/8730"}],"wp:attachment":[{"href":"https:\/\/novatronicec.com\/index.php\/wp-json\/wp\/v2\/media?parent=8731"}],"wp:term":[{"taxonomy":"product_brand","embeddable":true,"href":"https:\/\/novatronicec.com\/index.php\/wp-json\/wp\/v2\/product_brand?post=8731"},{"taxonomy":"product_cat","embeddable":true,"href":"https:\/\/novatronicec.com\/index.php\/wp-json\/wp\/v2\/product_cat?post=8731"},{"taxonomy":"product_tag","embeddable":true,"href":"https:\/\/novatronicec.com\/index.php\/wp-json\/wp\/v2\/product_tag?post=8731"}],"curies":[{"name":"wp","href":"https:\/\/api.w.org\/{rel}","templated":true}]}}