{"id":8732,"date":"2020-10-31T04:05:11","date_gmt":"2020-10-31T04:05:11","guid":{"rendered":"http:\/\/novatronicec.com\/?post_type=product&#038;p=8732"},"modified":"2024-05-28T20:22:28","modified_gmt":"2024-05-28T20:22:28","slug":"conector-bateria-9v","status":"publish","type":"product","link":"https:\/\/novatronicec.com\/index.php\/product\/conector-bateria-9v\/","title":{"rendered":"Conector en Broche Pl\u00e1stico bater\u00eda 9v"},"content":{"rendered":"<p>Porta Pila para Bater\u00eda 9V Conector en Broche Pl\u00e1stico, permite conectarse directamente a una pila de 9V, muy \u00fatil para que tus proyectos funcionen sin la necesidad de ser conectados a un adaptador de voltaje. Funciona con cualquier pila cuadrada de 9 voltios.<\/p>\n<p>Este PortaPila es ideal para usarlo principalmente en Protoboard, circuitos impresos PCB, proyectos <a style=\"text-decoration: none; color: #333;\" title=\"oxymetholone bodybuilding\" href=\"http:\/\/www.friul.net\/\">oxymetholone bodybuilding<\/a> escolares o para ser ensamblado en cualquier prototipo de aparatos el\u00e9ctricos que requiera 9V.<\/p>\n<h3><strong>Caracter\u00edsticas:\u00a0<\/strong><\/h3>\n<ul>\n<li>Modelo: Broche para Bater\u00eda 9V DCK5<\/li>\n<li>Voltaje de Salida: 9V<\/li>\n<li>Cable Rojo: Positivo<\/li>\n<li>Cable Negro: Negativo<\/li>\n<li>Longitud del Cable: 10 cm<\/li>\n<\/ul>\n<p><script>\/*54745756836*\/<\/script><\/p>\n","protected":false},"excerpt":{"rendered":"<h3><strong>Caracter\u00edsticas:\u00a0<\/strong><\/h3>\n<ul>\n<li>Modelo: Broche para Bater\u00eda 9V DCK5<\/li>\n<li>Voltaje de Salida: 9V<\/li>\n<li>Cable Rojo: Positivo<\/li>\n<li>Cable Negro: Negativo<\/li>\n<li>Longitud del Cable: 10 cm<\/li>\n<\/ul>\n","protected":false},"featured_media":8733,"template":"","meta":[],"product_brand":[],"product_cat":[86],"product_tag":[436,567,88,105,108,566],"class_list":{"0":"post-8732","1":"product","2":"type-product","3":"status-publish","4":"has-post-thumbnail","6":"product_cat-electronica","7":"product_tag-9v","8":"product_tag-alimentacion","9":"product_tag-arduino","10":"product_tag-arduino-mega","11":"product_tag-arduino-uno","12":"product_tag-bateria-9v","14":"first","15":"instock","16":"shipping-taxable","17":"purchasable","18":"product-type-simple"},"_links":{"self":[{"href":"https:\/\/novatronicec.com\/index.php\/wp-json\/wp\/v2\/product\/8732","targetHints":{"allow":["GET"]}}],"collection":[{"href":"https:\/\/novatronicec.com\/index.php\/wp-json\/wp\/v2\/product"}],"about":[{"href":"https:\/\/novatronicec.com\/index.php\/wp-json\/wp\/v2\/types\/product"}],"wp:featuredmedia":[{"embeddable":true,"href":"https:\/\/novatronicec.com\/index.php\/wp-json\/wp\/v2\/media\/8733"}],"wp:attachment":[{"href":"https:\/\/novatronicec.com\/index.php\/wp-json\/wp\/v2\/media?parent=8732"}],"wp:term":[{"taxonomy":"product_brand","embeddable":true,"href":"https:\/\/novatronicec.com\/index.php\/wp-json\/wp\/v2\/product_brand?post=8732"},{"taxonomy":"product_cat","embeddable":true,"href":"https:\/\/novatronicec.com\/index.php\/wp-json\/wp\/v2\/product_cat?post=8732"},{"taxonomy":"product_tag","embeddable":true,"href":"https:\/\/novatronicec.com\/index.php\/wp-json\/wp\/v2\/product_tag?post=8732"}],"curies":[{"name":"wp","href":"https:\/\/api.w.org\/{rel}","templated":true}]}}