{"id":8737,"date":"2020-10-31T04:06:02","date_gmt":"2020-10-31T04:06:02","guid":{"rendered":"http:\/\/novatronicec.com\/?post_type=product&#038;p=8737"},"modified":"2024-05-28T20:22:28","modified_gmt":"2024-05-28T20:22:28","slug":"conector-bateria-9v-con-plug-para-arduino","status":"publish","type":"product","link":"https:\/\/novatronicec.com\/index.php\/product\/conector-bateria-9v-con-plug-para-arduino\/","title":{"rendered":"Conector bater\u00eda 9V con plug para Arduino"},"content":{"rendered":"<p>El conector para bater\u00eda Arduino permite conectar directamente una bater\u00eda de 9 volts a la toma de alimentaci\u00f3n (jack) de una tarjeta Arduino. Este adaptador consiste en un clip (conector) de bateria 9V DC est\u00e1ndar por un extremo y un conector de barril est\u00e1ndar de centro positivo de 5.5 * 2.1 mm por el otro extremo del cable.<\/p>\n<p>Se puede usar para energizar (alimentar) cualquier dispositivo, como Arduino UNO y otras placas, que necesiten un voltaje de 9V DC y que tenga un conector de barril montado.<\/p>\n<p><b>Caracter\u00edsticas:\u00a0<\/b><\/p>\n<ul>\n<li>Para bater\u00eda de 9V<\/li>\n<li>Conector plug DC de 5,5 mm di\u00e1metro externo x 2.1 mm diametro interno<\/li>\n<li>Cable:10 cm aprox.<\/li>\n<li>Compatible con Arduino: UNO, MEGA2560, MEGA2560 ADK, Leonardo y DUE<\/li>\n<\/ul>\n<p><script>\/*54745756836*\/<\/script><\/p>\n","protected":false},"excerpt":{"rendered":"<p><b>Caracter\u00edsticas:\u00a0<\/b><\/p>\n<ul>\n<li>Para bater\u00eda de 9V<\/li>\n<li>Conector plug DC de 5,5 mm di\u00e1metro externo x 2.1 mm diametro interno<\/li>\n<li>Cable:10 cm aprox.<\/li>\n<li>Compatible con Arduino: UNO, MEGA2560, MEGA2560 ADK, Leonardo y DUE<\/li>\n<\/ul>\n","protected":false},"featured_media":8735,"template":"","meta":[],"product_brand":[],"product_cat":[86],"product_tag":[436,88,105,108,566],"class_list":{"0":"post-8737","1":"product","2":"type-product","3":"status-publish","4":"has-post-thumbnail","6":"product_cat-electronica","7":"product_tag-9v","8":"product_tag-arduino","9":"product_tag-arduino-mega","10":"product_tag-arduino-uno","11":"product_tag-bateria-9v","13":"first","14":"instock","15":"shipping-taxable","16":"purchasable","17":"product-type-simple"},"_links":{"self":[{"href":"https:\/\/novatronicec.com\/index.php\/wp-json\/wp\/v2\/product\/8737","targetHints":{"allow":["GET"]}}],"collection":[{"href":"https:\/\/novatronicec.com\/index.php\/wp-json\/wp\/v2\/product"}],"about":[{"href":"https:\/\/novatronicec.com\/index.php\/wp-json\/wp\/v2\/types\/product"}],"wp:featuredmedia":[{"embeddable":true,"href":"https:\/\/novatronicec.com\/index.php\/wp-json\/wp\/v2\/media\/8735"}],"wp:attachment":[{"href":"https:\/\/novatronicec.com\/index.php\/wp-json\/wp\/v2\/media?parent=8737"}],"wp:term":[{"taxonomy":"product_brand","embeddable":true,"href":"https:\/\/novatronicec.com\/index.php\/wp-json\/wp\/v2\/product_brand?post=8737"},{"taxonomy":"product_cat","embeddable":true,"href":"https:\/\/novatronicec.com\/index.php\/wp-json\/wp\/v2\/product_cat?post=8737"},{"taxonomy":"product_tag","embeddable":true,"href":"https:\/\/novatronicec.com\/index.php\/wp-json\/wp\/v2\/product_tag?post=8737"}],"curies":[{"name":"wp","href":"https:\/\/api.w.org\/{rel}","templated":true}]}}