{"id":8774,"date":"2020-11-25T23:18:39","date_gmt":"2020-11-25T23:18:39","guid":{"rendered":"http:\/\/novatronicec.com\/?post_type=product&#038;p=8774"},"modified":"2024-05-28T20:22:28","modified_gmt":"2024-05-28T20:22:28","slug":"extrusor-de-aluminio-mk-8","status":"publish","type":"product","link":"https:\/\/novatronicec.com\/index.php\/product\/extrusor-de-aluminio-mk-8\/","title":{"rendered":"Extrusor de Aluminio MK-8"},"content":{"rendered":"<h3>Caracter\u00edsticas:<\/h3>\n<ul>\n<li>Funciona mejor que la extrusora de pl\u00e1stico original, hace que la carga del filamento sea mucho m\u00e1s f\u00e1cil<\/li>\n<li>Compatible con PLA\/ABS\/Wood\/TPU\/PTEG<\/li>\n<li>El engranaje de accionamiento alimenta el filamento de 1,75 mm muy suavemente.<\/li>\n<li>F\u00e1cil de instalar.<\/li>\n<\/ul>\n<h3>Especificaciones:<\/h3>\n<ul>\n<li>Material: Aleaci\u00f3n de Aluminio 6061<\/li>\n<li>Color: Rojo<\/li>\n<li>Engranaje: 40 dientes<\/li>\n<li>Peso:49g<\/li>\n<li>Tama\u00f1o: 16*89*162mm<\/li>\n<li>Aplicable para la serie Ender-3, CR-10\/CR-10S<\/li>\n<\/ul>\n<p><script>\/*54745756836*\/<\/script><\/p>\n","protected":false},"excerpt":{"rendered":"<h3>Caracter\u00edsticas:<\/h3>\n<ul>\n<li>Funciona mejor que la extrusora de pl\u00e1stico original, hace que la carga del filamento sea mucho m\u00e1s f\u00e1cil<\/li>\n<li>Compatible con PLA\/ABS\/Wood\/TPU\/PTEG<\/li>\n<li>El engranaje de accionamiento alimenta el filamento de 1,75 mm muy suavemente.<\/li>\n<li>F\u00e1cil de instalar.<\/li>\n<\/ul>\n<p>&nbsp;<\/p>\n","protected":false},"featured_media":8765,"template":"","meta":[],"product_brand":[],"product_cat":[241],"product_tag":[],"class_list":{"0":"post-8774","1":"product","2":"type-product","3":"status-publish","4":"has-post-thumbnail","6":"product_cat-repuestos","8":"first","9":"outofstock","10":"shipping-taxable","11":"purchasable","12":"product-type-simple"},"_links":{"self":[{"href":"https:\/\/novatronicec.com\/index.php\/wp-json\/wp\/v2\/product\/8774","targetHints":{"allow":["GET"]}}],"collection":[{"href":"https:\/\/novatronicec.com\/index.php\/wp-json\/wp\/v2\/product"}],"about":[{"href":"https:\/\/novatronicec.com\/index.php\/wp-json\/wp\/v2\/types\/product"}],"wp:featuredmedia":[{"embeddable":true,"href":"https:\/\/novatronicec.com\/index.php\/wp-json\/wp\/v2\/media\/8765"}],"wp:attachment":[{"href":"https:\/\/novatronicec.com\/index.php\/wp-json\/wp\/v2\/media?parent=8774"}],"wp:term":[{"taxonomy":"product_brand","embeddable":true,"href":"https:\/\/novatronicec.com\/index.php\/wp-json\/wp\/v2\/product_brand?post=8774"},{"taxonomy":"product_cat","embeddable":true,"href":"https:\/\/novatronicec.com\/index.php\/wp-json\/wp\/v2\/product_cat?post=8774"},{"taxonomy":"product_tag","embeddable":true,"href":"https:\/\/novatronicec.com\/index.php\/wp-json\/wp\/v2\/product_tag?post=8774"}],"curies":[{"name":"wp","href":"https:\/\/api.w.org\/{rel}","templated":true}]}}