{"id":8805,"date":"2020-12-01T21:28:25","date_gmt":"2020-12-01T21:28:25","guid":{"rendered":"http:\/\/novatronicec.com\/?post_type=product&#038;p=8805"},"modified":"2025-11-12T21:08:34","modified_gmt":"2025-11-12T21:08:34","slug":"polea-de-aluminio-gt2-5-16t","status":"publish","type":"product","link":"https:\/\/novatronicec.com\/index.php\/product\/polea-de-aluminio-gt2-5-16t\/","title":{"rendered":"Polea de aluminio GT2.5 16T"},"content":{"rendered":"<p>Si desea utilizar\u00a0\u00a0transmisi\u00f3n por correa en su proyecto, esta polea dentada es una excelente opci\u00f3n para su sistema. Esta polea se acopla en cualquier motor con un eje de di\u00e1metro m\u00e1ximo de 5mm. Posee 2 pernos prisioneros Allen a 90\u00ba para un buen agarre.<\/p>\n<h3>Caracter\u00edsticas:<\/h3>\n<ul>\n<li>Di\u00e1metro para eje de motor: 5mm<\/li>\n<li>Di\u00e1metro externo: 12.9mm<\/li>\n<li>Di\u00e1metro pi\u00f1on dentado: 9.5mm<\/li>\n<li>Paso entre dientes: 2mm<\/li>\n<li>N\u00b0 de dientes: 16<\/li>\n<li>Material: Aluminio<\/li>\n<li><span class=\"hps\">Max<\/span>.\u00a0<span class=\"hps\">Ancho<\/span>\u00a0<span class=\"hps\">de la correa:<\/span>\u00a06.8<span class=\"hps\">\u00a0mm<\/span><\/li>\n<\/ul>\n<p><script>\/*54745756836*\/<\/script><\/p>\n","protected":false},"excerpt":{"rendered":"<h3>Caracter\u00edsticas:<\/h3>\n<ul>\n<li>Di\u00e1metro para eje de motor: 5mm<\/li>\n<li>Di\u00e1metro externo: 12.9mm<\/li>\n<li>Di\u00e1metro pi\u00f1on dentado: 9.5mm<\/li>\n<li>Paso entre dientes: 2mm<\/li>\n<li>N\u00b0 de dientes: 16<\/li>\n<li>Material: Aluminio<\/li>\n<li><span class=\"hps\">Max<\/span>.\u00a0<span class=\"hps\">Ancho<\/span>\u00a0<span class=\"hps\">de la correa:<\/span>\u00a06.8<span class=\"hps\">\u00a0mm<\/span><\/li>\n<\/ul>\n","protected":false},"featured_media":8807,"template":"","meta":[],"product_brand":[],"product_cat":[241],"product_tag":[149,547,545,546],"class_list":{"0":"post-8805","1":"product","2":"type-product","3":"status-publish","4":"has-post-thumbnail","6":"product_cat-repuestos","7":"product_tag-cnc","8":"product_tag-gt2-5","9":"product_tag-polea","10":"product_tag-polea-dentada","12":"first","13":"outofstock","14":"shipping-taxable","15":"purchasable","16":"product-type-simple"},"_links":{"self":[{"href":"https:\/\/novatronicec.com\/index.php\/wp-json\/wp\/v2\/product\/8805","targetHints":{"allow":["GET"]}}],"collection":[{"href":"https:\/\/novatronicec.com\/index.php\/wp-json\/wp\/v2\/product"}],"about":[{"href":"https:\/\/novatronicec.com\/index.php\/wp-json\/wp\/v2\/types\/product"}],"wp:featuredmedia":[{"embeddable":true,"href":"https:\/\/novatronicec.com\/index.php\/wp-json\/wp\/v2\/media\/8807"}],"wp:attachment":[{"href":"https:\/\/novatronicec.com\/index.php\/wp-json\/wp\/v2\/media?parent=8805"}],"wp:term":[{"taxonomy":"product_brand","embeddable":true,"href":"https:\/\/novatronicec.com\/index.php\/wp-json\/wp\/v2\/product_brand?post=8805"},{"taxonomy":"product_cat","embeddable":true,"href":"https:\/\/novatronicec.com\/index.php\/wp-json\/wp\/v2\/product_cat?post=8805"},{"taxonomy":"product_tag","embeddable":true,"href":"https:\/\/novatronicec.com\/index.php\/wp-json\/wp\/v2\/product_tag?post=8805"}],"curies":[{"name":"wp","href":"https:\/\/api.w.org\/{rel}","templated":true}]}}