{"id":8813,"date":"2020-12-01T21:41:15","date_gmt":"2020-12-01T21:41:15","guid":{"rendered":"http:\/\/novatronicec.com\/?post_type=product&#038;p=8813"},"modified":"2024-05-28T20:22:28","modified_gmt":"2024-05-28T20:22:28","slug":"cama-caliente-para-impresora-3d-12-24v-22x22cm","status":"publish","type":"product","link":"https:\/\/novatronicec.com\/index.php\/product\/cama-caliente-para-impresora-3d-12-24v-22x22cm\/","title":{"rendered":"Cama caliente para impresora 3D 12\/24V 22x22cm"},"content":{"rendered":"<p>Cama Caliente de PCB para la impresi\u00f3n 3D MK2B, un importante elemento si deseamos imprimir con diversos pl\u00e1sticos, ya que al depositar el filamento fundido, si lo hacemos sobre una superficie fr\u00eda, este no va a tener una buena adherencia y va a terminar despeg\u00e1ndose.<\/p>\n<h3>Caracter\u00edsticas<\/h3>\n<ul>\n<li>1 Capa de Cobre 35\u03bcm<\/li>\n<li>Revestimiento:\u00a0Sin plomo<\/li>\n<li>Laminado:\u00a0FR4 1.6mm<\/li>\n<li>Voltaje: 12 \/ 24V<\/li>\n<li>Resistencia:\u00a01.4-1.6 Ohm a 12V \/ 5.0-5.4 Ohm a 24V<\/li>\n<li>Max. Temperatura: 180 \u00b0 C<\/li>\n<li>Tiempo de calentamiento: 24V alcanza 100 \u00b0 C en 2 minutos<\/li>\n<li>Dimensiones: 214 x 214 x 3mm<\/li>\n<li>Peso: 363 g<\/li>\n<li>Color: Negro con mascara blanca \/ texto<\/li>\n<li>MK3 puede elegir 12 v y 24 v dos Voltaje,\n<ul>\n<li>12 V: una l\u00ednea de rosca de cruce 1, otra de cruz 2, 3<\/li>\n<li>24 V: una l\u00ednea cruz de hilo 2, otra cruz 3.<\/li>\n<\/ul>\n<\/li>\n<\/ul>\n<p><script>\/*54745756836*\/<\/script><\/p>\n","protected":false},"excerpt":{"rendered":"<h3>Caracter\u00edsticas<\/h3>\n<ul>\n<li>1 Capa de Cobre 35\u03bcm<\/li>\n<li>Revestimiento:\u00a0Sin plomo<\/li>\n<li>Laminado:\u00a0FR4 1.6mm<\/li>\n<li>Voltaje: 12 \/ 24V<\/li>\n<li>Resistencia:\u00a01.4-1.6 Ohm a 12V \/ 5.0-5.4 Ohm a 24V<\/li>\n<li>Max. Temperatura: 180 \u00b0 C<\/li>\n<li>Tiempo de calentamiento: 24V alcanza 100 \u00b0 C en 2 minutos<\/li>\n<li>Dimensiones: 214 x 214 x 3mm<\/li>\n<li>Peso: 363 g<\/li>\n<li>Color: Negro con mascara blanca \/ texto<\/li>\n<li>MK3 puede elegir 12 v y 24 v dos Voltaje,\n<ul>\n<li>12 V: una l\u00ednea de rosca de cruce 1, otra de cruz 2, 3<\/li>\n<li>24 V: una l\u00ednea cruz de hilo 2, otra cruz 3.<\/li>\n<\/ul>\n<\/li>\n<\/ul>\n","protected":false},"featured_media":8815,"template":"","meta":[],"product_brand":[],"product_cat":[241],"product_tag":[],"class_list":{"0":"post-8813","1":"product","2":"type-product","3":"status-publish","4":"has-post-thumbnail","6":"product_cat-repuestos","8":"first","9":"outofstock","10":"shipping-taxable","11":"product-type-simple"},"_links":{"self":[{"href":"https:\/\/novatronicec.com\/index.php\/wp-json\/wp\/v2\/product\/8813","targetHints":{"allow":["GET"]}}],"collection":[{"href":"https:\/\/novatronicec.com\/index.php\/wp-json\/wp\/v2\/product"}],"about":[{"href":"https:\/\/novatronicec.com\/index.php\/wp-json\/wp\/v2\/types\/product"}],"wp:featuredmedia":[{"embeddable":true,"href":"https:\/\/novatronicec.com\/index.php\/wp-json\/wp\/v2\/media\/8815"}],"wp:attachment":[{"href":"https:\/\/novatronicec.com\/index.php\/wp-json\/wp\/v2\/media?parent=8813"}],"wp:term":[{"taxonomy":"product_brand","embeddable":true,"href":"https:\/\/novatronicec.com\/index.php\/wp-json\/wp\/v2\/product_brand?post=8813"},{"taxonomy":"product_cat","embeddable":true,"href":"https:\/\/novatronicec.com\/index.php\/wp-json\/wp\/v2\/product_cat?post=8813"},{"taxonomy":"product_tag","embeddable":true,"href":"https:\/\/novatronicec.com\/index.php\/wp-json\/wp\/v2\/product_tag?post=8813"}],"curies":[{"name":"wp","href":"https:\/\/api.w.org\/{rel}","templated":true}]}}