{"id":8835,"date":"2020-12-01T22:11:34","date_gmt":"2020-12-01T22:11:34","guid":{"rendered":"http:\/\/novatronicec.com\/?post_type=product&#038;p=8835"},"modified":"2024-05-28T20:22:29","modified_gmt":"2024-05-28T20:22:29","slug":"conector-xt60-hembra-2","status":"publish","type":"product","link":"https:\/\/novatronicec.com\/index.php\/product\/conector-xt60-hembra-2\/","title":{"rendered":"Conector XT60 Hembra"},"content":{"rendered":"<p style=\"font-weight: 400;\">El conector XT-60 esta formado por conectores de oro de gran calidad envuelto en una carcasa de nylon que resiste altas temperatura ( 80\u00baC ). El XT60 es ideal para aplicaciones de corriente de hasta de 60A constante y algo m\u00e1s de pico\u00a0m\u00e1ximo.<\/p>\n<p style=\"font-weight: 400;\">Este dise\u00f1o de conector, por su construcci\u00f3n evita la posibilidad de invertir la polaridad por error en las conexiones de las bater\u00edas de LiPo, Plomo, NiMh, NiCd. Disponen tambi\u00e9n de marcas de polaridad continua ( + y &#8211; ) en los laterales de ambos conectores.<\/p>\n<p style=\"font-weight: 400;\">Proporcionan conexiones s\u00f3lidas para amperajes altos en usos dispares como radio control, aeromodelismo, car, moto, autocaravaning, industria, etc.<\/p>\n<h3>Caracter\u00edsticas<\/h3>\n<ul>\n<li style=\"font-weight: 400;\">Dimensiones:\u00a016 x 16 x 8mm<\/li>\n<li style=\"font-weight: 400;\">Corriente:\u00a060A.<\/li>\n<li>Tensi\u00f3n: 12 a 24 vcc.\n<p style=\"font-weight: 400;\">\n<\/li>\n<\/ul>\n<p><script>\/*54745756836*\/<\/script><\/p>\n","protected":false},"excerpt":{"rendered":"<h3>Caracter\u00edsticas<\/h3>\n<ul>\n<li style=\"font-weight: 400;\">Dimensiones:\u00a016 x 16 x 8mm<\/li>\n<li style=\"font-weight: 400;\">Corriente:\u00a060A.<\/li>\n<li>Tensi\u00f3n: 12 a 24 vcc.\n<p style=\"font-weight: 400;\">\n<\/li>\n<\/ul>\n","protected":false},"featured_media":8833,"template":"","meta":[],"product_brand":[],"product_cat":[128,98,69],"product_tag":[131,129,533],"class_list":{"0":"post-8835","1":"product","2":"type-product","3":"status-publish","4":"has-post-thumbnail","6":"product_cat-baterias","7":"product_cat-drones-componentes","8":"product_cat-robotica","9":"product_tag-bateria","10":"product_tag-lipo","11":"product_tag-xt60","13":"first","14":"instock","15":"shipping-taxable","16":"purchasable","17":"product-type-simple"},"_links":{"self":[{"href":"https:\/\/novatronicec.com\/index.php\/wp-json\/wp\/v2\/product\/8835","targetHints":{"allow":["GET"]}}],"collection":[{"href":"https:\/\/novatronicec.com\/index.php\/wp-json\/wp\/v2\/product"}],"about":[{"href":"https:\/\/novatronicec.com\/index.php\/wp-json\/wp\/v2\/types\/product"}],"wp:featuredmedia":[{"embeddable":true,"href":"https:\/\/novatronicec.com\/index.php\/wp-json\/wp\/v2\/media\/8833"}],"wp:attachment":[{"href":"https:\/\/novatronicec.com\/index.php\/wp-json\/wp\/v2\/media?parent=8835"}],"wp:term":[{"taxonomy":"product_brand","embeddable":true,"href":"https:\/\/novatronicec.com\/index.php\/wp-json\/wp\/v2\/product_brand?post=8835"},{"taxonomy":"product_cat","embeddable":true,"href":"https:\/\/novatronicec.com\/index.php\/wp-json\/wp\/v2\/product_cat?post=8835"},{"taxonomy":"product_tag","embeddable":true,"href":"https:\/\/novatronicec.com\/index.php\/wp-json\/wp\/v2\/product_tag?post=8835"}],"curies":[{"name":"wp","href":"https:\/\/api.w.org\/{rel}","templated":true}]}}