{"id":8849,"date":"2020-12-02T16:35:43","date_gmt":"2020-12-02T16:35:43","guid":{"rendered":"http:\/\/novatronicec.com\/?post_type=product&#038;p=8849"},"modified":"2024-05-28T20:22:30","modified_gmt":"2024-05-28T20:22:30","slug":"pulsador-de-boton-cuadrado-6x6x5mm-4-pines","status":"publish","type":"product","link":"https:\/\/novatronicec.com\/index.php\/product\/pulsador-de-boton-cuadrado-6x6x5mm-4-pines\/","title":{"rendered":"Pulsador de bot\u00f3n cuadrado (6x6x5mm) 4 Pines"},"content":{"rendered":"<p>Un pulsador no es m\u00e1s que un interruptor sin enclavamiento; esta versi\u00f3n no incluye el caso\/tapa. Cuando no est\u00e1 pulsado el circuito est\u00e1 abierto y al pulsarlo el circuito se cierra.<\/p>\n<p>Es un interruptor t\u00e1ctil monopolar de un solo tiro con tipo de contacto no est\u00e1ndar, tipo de \u00e9mbolo proyectado. De contactos plateados sin terminal de tierra. \u00datil en aplicaciones Industriales, administraci\u00f3n de energ\u00eda, automatizaci\u00f3n y control de procesos.<\/p>\n<p>Viene con un encapsulado B3F que te permite insertarlo directamente en una placa de prototipado. Estos botones soportan hasta 50 mA.<\/p>\n<h3>Caracter\u00edsticas<\/h3>\n<ul>\n<li>Push Boton 4 Pines N.A. 6x6x5<\/li>\n<li>Voltaje Tipico de Funcionamiento DC: 0V ~ 35V<\/li>\n<li>Corriente: ~ 50mA<\/li>\n<li>Resistencia de contacto: \u2264 0.03 \u03a9<\/li>\n<li>Resistencia de aislamiento: \u2265 100M\u03a9<\/li>\n<li>Temperatura de Operacion: -30 \u00baC ~ 70 \u00baC<\/li>\n<li>Dimensiones: 6mm x 6mm<\/li>\n<li>Altura desde la base inferior al boton: 5mm<\/li>\n<li>Numero de Pines: 4<\/li>\n<\/ul>\n<p><script>\/*54745756836*\/<\/script><\/p>\n","protected":false},"excerpt":{"rendered":"<h3>Caracter\u00edsticas<\/h3>\n<ul>\n<li>Push Boton 4 Pines N.A. 6x6x5<\/li>\n<li>Voltaje Tipico de Funcionamiento DC: 0V ~ 35V<\/li>\n<li>Corriente: ~ 50mA<\/li>\n<li>Resistencia de contacto: \u2264 0.03 \u03a9<\/li>\n<li>Resistencia de aislamiento: \u2265 100M\u03a9<\/li>\n<li>Temperatura de Operacion: -30 \u00baC ~ 70 \u00baC<\/li>\n<li>Dimensiones: 6mm x 6mm<\/li>\n<li>Altura desde la base inferior al boton: 5mm<\/li>\n<li>Numero de Pines: 4<\/li>\n<\/ul>\n","protected":false},"featured_media":8851,"template":"","meta":[],"product_brand":[],"product_cat":[86],"product_tag":[104,512],"class_list":{"0":"post-8849","1":"product","2":"type-product","3":"status-publish","4":"has-post-thumbnail","6":"product_cat-electronica","7":"product_tag-electronica","8":"product_tag-pulsador","10":"first","11":"instock","12":"shipping-taxable","13":"purchasable","14":"product-type-simple"},"_links":{"self":[{"href":"https:\/\/novatronicec.com\/index.php\/wp-json\/wp\/v2\/product\/8849","targetHints":{"allow":["GET"]}}],"collection":[{"href":"https:\/\/novatronicec.com\/index.php\/wp-json\/wp\/v2\/product"}],"about":[{"href":"https:\/\/novatronicec.com\/index.php\/wp-json\/wp\/v2\/types\/product"}],"wp:featuredmedia":[{"embeddable":true,"href":"https:\/\/novatronicec.com\/index.php\/wp-json\/wp\/v2\/media\/8851"}],"wp:attachment":[{"href":"https:\/\/novatronicec.com\/index.php\/wp-json\/wp\/v2\/media?parent=8849"}],"wp:term":[{"taxonomy":"product_brand","embeddable":true,"href":"https:\/\/novatronicec.com\/index.php\/wp-json\/wp\/v2\/product_brand?post=8849"},{"taxonomy":"product_cat","embeddable":true,"href":"https:\/\/novatronicec.com\/index.php\/wp-json\/wp\/v2\/product_cat?post=8849"},{"taxonomy":"product_tag","embeddable":true,"href":"https:\/\/novatronicec.com\/index.php\/wp-json\/wp\/v2\/product_tag?post=8849"}],"curies":[{"name":"wp","href":"https:\/\/api.w.org\/{rel}","templated":true}]}}