{"id":8884,"date":"2020-12-02T17:24:40","date_gmt":"2020-12-02T17:24:40","guid":{"rendered":"http:\/\/novatronicec.com\/?post_type=product&#038;p=8884"},"modified":"2024-05-28T20:22:30","modified_gmt":"2024-05-28T20:22:30","slug":"espadines-hembra-1x40pin-2-54mm","status":"publish","type":"product","link":"https:\/\/novatronicec.com\/index.php\/product\/espadines-hembra-1x40pin-2-54mm\/","title":{"rendered":"Espadines hembra 1x40pin 2.54mm"},"content":{"rendered":"<p>Tira de espad\u00edn hembra de paso 2.54mm, disponible en 40 Pines. Estas tiras son ideales para conectar cosas entre s\u00ed, soldar sobre PCBs, enchufar cables o usar como cabezales, etc. Se conectan f\u00e1cilmente con los espadines macho.<\/p>\n<p>Pueden cortarse a diferentes tama\u00f1os con bastante facilidad, solo considere que probablemente perder\u00e1 un pin con cada corte. El espaciado entre cada pin es el est\u00e1ndar de 2.54mm.<\/p>\n<h3><strong>Caracter\u00edsticas<\/strong><\/h3>\n<ul>\n<li>Tipo: Hembra<\/li>\n<li>Numero de pines: 40 Pines<\/li>\n<li>Paso: 2.54mm<\/li>\n<li>Altura de pl\u00e1stico: 8.5mm<\/li>\n<li>Longitud de la punta: 3mm<\/li>\n<li>Contacto: Aleaci\u00f3n de cobre<\/li>\n<li>Corriente Max.: 3A<\/li>\n<li>Temperatura de funcionamiento: -55\u00b0C a +105\u00b0C<\/li>\n<\/ul>\n<p><script>\/*54745756836*\/<\/script><\/p>\n","protected":false},"excerpt":{"rendered":"<h3><strong>Caracter\u00edsticas<\/strong><\/h3>\n<ul>\n<li>Tipo: Hembra<\/li>\n<li>Numero de pines: 40 Pines<\/li>\n<li>Paso: 2.54mm<\/li>\n<li>Altura de pl\u00e1stico: 8.5mm<\/li>\n<li>Longitud de la punta: 3mm<\/li>\n<li>Contacto: Aleaci\u00f3n de cobre<\/li>\n<li>Corriente Max.: 3A<\/li>\n<li>Temperatura de funcionamiento: -55\u00b0C a +105\u00b0C<\/li>\n<\/ul>\n","protected":false},"featured_media":8875,"template":"","meta":[],"product_brand":[],"product_cat":[86],"product_tag":[104,503,504,341],"class_list":{"0":"post-8884","1":"product","2":"type-product","3":"status-publish","4":"has-post-thumbnail","6":"product_cat-electronica","7":"product_tag-electronica","8":"product_tag-espadin","9":"product_tag-espadin-hembra","10":"product_tag-pcb","12":"first","13":"instock","14":"shipping-taxable","15":"purchasable","16":"product-type-simple"},"_links":{"self":[{"href":"https:\/\/novatronicec.com\/index.php\/wp-json\/wp\/v2\/product\/8884","targetHints":{"allow":["GET"]}}],"collection":[{"href":"https:\/\/novatronicec.com\/index.php\/wp-json\/wp\/v2\/product"}],"about":[{"href":"https:\/\/novatronicec.com\/index.php\/wp-json\/wp\/v2\/types\/product"}],"wp:featuredmedia":[{"embeddable":true,"href":"https:\/\/novatronicec.com\/index.php\/wp-json\/wp\/v2\/media\/8875"}],"wp:attachment":[{"href":"https:\/\/novatronicec.com\/index.php\/wp-json\/wp\/v2\/media?parent=8884"}],"wp:term":[{"taxonomy":"product_brand","embeddable":true,"href":"https:\/\/novatronicec.com\/index.php\/wp-json\/wp\/v2\/product_brand?post=8884"},{"taxonomy":"product_cat","embeddable":true,"href":"https:\/\/novatronicec.com\/index.php\/wp-json\/wp\/v2\/product_cat?post=8884"},{"taxonomy":"product_tag","embeddable":true,"href":"https:\/\/novatronicec.com\/index.php\/wp-json\/wp\/v2\/product_tag?post=8884"}],"curies":[{"name":"wp","href":"https:\/\/api.w.org\/{rel}","templated":true}]}}