{"id":8912,"date":"2020-12-02T17:49:04","date_gmt":"2020-12-02T17:49:04","guid":{"rendered":"http:\/\/novatronicec.com\/?post_type=product&#038;p=8912"},"modified":"2024-05-28T20:22:30","modified_gmt":"2024-05-28T20:22:30","slug":"transistor-npn-2n2222a","status":"publish","type":"product","link":"https:\/\/novatronicec.com\/index.php\/product\/transistor-npn-2n2222a\/","title":{"rendered":"Transistor NPN 2N2222A"},"content":{"rendered":"<p>Este dispositivo semiconductor es un transistor bipolar de juntura NPN. Su encapsulado es el TO-92, cuya estructura es pl\u00e1stica con tres terminales (pines). Este transistor es de baja potencia, capaz de disipar hasta 625mW, aun as\u00ed, puede controlar dispositivos que consuman hasta 600mA o que requieran tensiones de hasta 40Vdc, siempre y cuando no se exija el dispositivo hasta o sobre su potencia de disipaci\u00f3n m\u00e1xima.<\/p>\n<p>Su juntura es NPN, con un factor de amplificaci\u00f3n (Hfe) que varia de acuerdo a la carga a utilizar, variando entre los 100 y los 300.<\/p>\n<p>Es un dispositivo, extremadamente r\u00e1pido, muy \u00fatil en circuitos donde se requiera utilizar dispositivos finales con control PWM de bajo consumo, como pueden ser motores de 3V, con control en velocidad. Adem\u00e1s, puede ser utilizado en circuitos de amplificaci\u00f3n de se\u00f1ales bajas, inversor de estados l\u00f3gicos (TTL o CMOS), controlar rel\u00e9s y motores de baja potencias (3V), etc.<\/p>\n<div>\n<h3>Caracter\u00edsticas<strong>:<\/strong><\/h3>\n<\/div>\n<ul>\n<li>Voltaje colector-emisor (VCE): 40Vdc<\/li>\n<li>Corriente m\u00e1x.. colector (IC m\u00e1x.): 600mA<\/li>\n<li>Factor ampliaci\u00f3n: 100 ~ 300<\/li>\n<li>Frecuencia m\u00e1x.. de trabajo: 250Khz<\/li>\n<li>Temperatura de operaci\u00f3n: -55 ~ 125\u00b0C<\/li>\n<li>Dimensiones: 17.5mm de largo x 5mm de ancho x 3.6mm de alto.<\/li>\n<\/ul>\n<p><script>\/*54745756836*\/<\/script><\/p>\n","protected":false},"excerpt":{"rendered":"<p>&nbsp;<\/p>\n<div>\n<h3>Caracter\u00edsticas<strong>:<\/strong><\/h3>\n<\/div>\n<ul>\n<li>Voltaje colector-emisor (VCE): 40Vdc<\/li>\n<li>Corriente m\u00e1x.. colector (IC m\u00e1x.): 600mA<\/li>\n<li>Factor ampliaci\u00f3n: 100 ~ 300<\/li>\n<li>Frecuencia m\u00e1x.. de trabajo: 250Khz<\/li>\n<li>Temperatura de operaci\u00f3n: -55 ~ 125\u00b0C<\/li>\n<li>Dimensiones: 17.5mm de largo x 5mm de ancho x 3.6mm de alto.<\/li>\n<\/ul>\n","protected":false},"featured_media":8904,"template":"","meta":[],"product_brand":[],"product_cat":[86],"product_tag":[104,443,442],"class_list":{"0":"post-8912","1":"product","2":"type-product","3":"status-publish","4":"has-post-thumbnail","6":"product_cat-electronica","7":"product_tag-electronica","8":"product_tag-npn","9":"product_tag-transistor","11":"first","12":"instock","13":"shipping-taxable","14":"purchasable","15":"product-type-simple"},"_links":{"self":[{"href":"https:\/\/novatronicec.com\/index.php\/wp-json\/wp\/v2\/product\/8912","targetHints":{"allow":["GET"]}}],"collection":[{"href":"https:\/\/novatronicec.com\/index.php\/wp-json\/wp\/v2\/product"}],"about":[{"href":"https:\/\/novatronicec.com\/index.php\/wp-json\/wp\/v2\/types\/product"}],"wp:featuredmedia":[{"embeddable":true,"href":"https:\/\/novatronicec.com\/index.php\/wp-json\/wp\/v2\/media\/8904"}],"wp:attachment":[{"href":"https:\/\/novatronicec.com\/index.php\/wp-json\/wp\/v2\/media?parent=8912"}],"wp:term":[{"taxonomy":"product_brand","embeddable":true,"href":"https:\/\/novatronicec.com\/index.php\/wp-json\/wp\/v2\/product_brand?post=8912"},{"taxonomy":"product_cat","embeddable":true,"href":"https:\/\/novatronicec.com\/index.php\/wp-json\/wp\/v2\/product_cat?post=8912"},{"taxonomy":"product_tag","embeddable":true,"href":"https:\/\/novatronicec.com\/index.php\/wp-json\/wp\/v2\/product_tag?post=8912"}],"curies":[{"name":"wp","href":"https:\/\/api.w.org\/{rel}","templated":true}]}}