{"id":8920,"date":"2020-12-02T18:04:18","date_gmt":"2020-12-02T18:04:18","guid":{"rendered":"http:\/\/novatronicec.com\/?post_type=product&#038;p=8920"},"modified":"2026-01-17T18:25:14","modified_gmt":"2026-01-17T18:25:14","slug":"capacitor-electrolitico-0-22uf-470uf-16v-25v-50v","status":"publish","type":"product","link":"https:\/\/novatronicec.com\/index.php\/product\/capacitor-electrolitico-0-22uf-470uf-16v-25v-50v\/","title":{"rendered":"Capacitor electrol\u00edtico 0.22uF &#8211; 470uF (16V \/ 25V \/ 50V)"},"content":{"rendered":"<p>Condensador Electrol\u00edtico, es un tipo de capacitor radial que usa liquido i\u00f3nico conductor como una de sus placas. T\u00edpicamente con m\u00e1s capacidad por unidad de volumen que otros tipos de condensadores, son valiosos en circuitos el\u00e9ctricos con alta corriente y baja frecuencia.<\/p>\n<p>Este es especialmente el caso en los filtros de alimentadores de corriente, donde se usan para almacenar la carga, y moderar la tensi\u00f3n el\u00e9ctrica de salida y las fluctuaciones de corriente en la salida rectificada. Estos condensadores en micro faradios tambi\u00e9n son muy usados en los circuitos que deben conducir corriente continua (DC) pero no corriente alterna (AC)<\/p>\n<p>Los condensadores electrol\u00edticos pueden tener mucha capacitancia, permitiendo la construcci\u00f3n de filtros de muy baja frecuencia.<\/p>\n<p>La unidad de medida de este tipo de condensadores se da en microfaradios<\/p>\n<h3><strong>Caracter\u00edsticas<\/strong><\/h3>\n<ul>\n<li>Capacitancia: 0.22uF | 0.47uF | 1uF | 2.2uF | 4.7uF | 10uF | 22uF | 33uF | 47uF | 100uF | 220uF | 330uF | 470uF<\/li>\n<li>Voltaje: 26V | 25V | 50V<\/li>\n<li>Capacitores electrol\u00edticos de aluminio<\/li>\n<li>Montaje radial<\/li>\n<li>Tolerancia 20%<\/li>\n<li>Polarizados.<\/li>\n<\/ul>\n<p><script>\/*54745756836*\/<\/script><\/p>\n","protected":false},"excerpt":{"rendered":"<h3><strong>Caracter\u00edsticas<\/strong><\/h3>\n<ul>\n<li>Capacitancia: 0.22uF | 0.47uF | 1uF | 2.2uF | 4.7uF | 10uF | 22uF | 33uF | 47uF | 100uF | 220uF | 330uF | 470uF<\/li>\n<li>Voltaje: 26V | 25V | 50V<\/li>\n<li>Capacitores electrol\u00edticos de aluminio<\/li>\n<li>Montaje radial<\/li>\n<li>Tolerancia 20%<\/li>\n<li>Polarizados.<\/li>\n<\/ul>\n","protected":false},"featured_media":8922,"template":"","meta":[],"product_brand":[],"product_cat":[86],"product_tag":[420,423,421,422,104],"class_list":{"0":"post-8920","1":"product","2":"type-product","3":"status-publish","4":"has-post-thumbnail","6":"product_cat-electronica","7":"product_tag-capacitores","8":"product_tag-circuitos-digitales","9":"product_tag-condensadores","10":"product_tag-electroliticos","11":"product_tag-electronica","13":"first","14":"instock","15":"shipping-taxable","16":"purchasable","17":"product-type-variable"},"_links":{"self":[{"href":"https:\/\/novatronicec.com\/index.php\/wp-json\/wp\/v2\/product\/8920","targetHints":{"allow":["GET"]}}],"collection":[{"href":"https:\/\/novatronicec.com\/index.php\/wp-json\/wp\/v2\/product"}],"about":[{"href":"https:\/\/novatronicec.com\/index.php\/wp-json\/wp\/v2\/types\/product"}],"wp:featuredmedia":[{"embeddable":true,"href":"https:\/\/novatronicec.com\/index.php\/wp-json\/wp\/v2\/media\/8922"}],"wp:attachment":[{"href":"https:\/\/novatronicec.com\/index.php\/wp-json\/wp\/v2\/media?parent=8920"}],"wp:term":[{"taxonomy":"product_brand","embeddable":true,"href":"https:\/\/novatronicec.com\/index.php\/wp-json\/wp\/v2\/product_brand?post=8920"},{"taxonomy":"product_cat","embeddable":true,"href":"https:\/\/novatronicec.com\/index.php\/wp-json\/wp\/v2\/product_cat?post=8920"},{"taxonomy":"product_tag","embeddable":true,"href":"https:\/\/novatronicec.com\/index.php\/wp-json\/wp\/v2\/product_tag?post=8920"}],"curies":[{"name":"wp","href":"https:\/\/api.w.org\/{rel}","templated":true}]}}