{"id":8934,"date":"2020-12-02T18:42:55","date_gmt":"2020-12-02T18:42:55","guid":{"rendered":"http:\/\/novatronicec.com\/?post_type=product&#038;p=8934"},"modified":"2025-07-10T14:35:19","modified_gmt":"2025-07-10T14:35:19","slug":"oscilador-cristal-hc49s","status":"publish","type":"product","link":"https:\/\/novatronicec.com\/index.php\/product\/oscilador-cristal-hc49s\/","title":{"rendered":"Oscilador Cristal HC49S"},"content":{"rendered":"<div class=\"product-main\">\n<div class=\"product-description rte\" data-product-description=\"\">Un oscilador de cristal es un oscilador electr\u00f3nico cuyo funcionamiento se aprovecha de la resonancia mec\u00e1nica de un cristal vibratorio de material piezoel\u00e9ctrico, esto con el fin de crear una se\u00f1al el\u00e9ctrica con una frecuencia precisa, la cual, es obtenida en base a su composici\u00f3n interna.<\/div>\n<\/div>\n<div data-product-description=\"\">\n<p>La frecuencia que el cristal es capas de crear, se utiliza com\u00fanmente para controlar o tener una noci\u00f3n\u00a0 del tiempo, con el fin de para proporcionar una se\u00f1al de reloj estable para circuitos integrados digitales y para estabilizar las frecuencias de los transmisores y receptores de radio.<\/p>\n<p>El Cristal oscilador posee una frecuencia definida, la cual es obtenida gracias a su cristal de cuarzo que se encuentra en el interior del encapsulado HC-49S.<\/p>\n<\/div>\n<div data-product-description=\"\">\n<h3 class=\"co8aDb XcVN5d\" role=\"heading\" aria-level=\"3\"><b>Caracter\u00edsticas:<\/b><\/h3>\n<div class=\"RqBzHd\">\n<ul class=\"i8Z77e\">\n<li class=\"TrT0Xe\">Encapsulado:\u00a0HC-49S.<\/li>\n<li class=\"TrT0Xe\">Frecuencia de funcionamiento: 32KHZ | 32.768KHZ | 6MHz | 8MHz | 11,0592MHz | 12MHz | 22,1184MHz | 24MHz | 24,576MHz.<\/li>\n<li class=\"TrT0Xe\">Tolerancia de frecuencia: +\/- 20 ppm.<\/li>\n<li class=\"TrT0Xe\">Capacitancia: 20pF.<\/li>\n<li class=\"TrT0Xe\">N\u00famero de pines: 2.<\/li>\n<li class=\"TrT0Xe\">Resistencia de serie efectiva: 30 ohmios.<\/li>\n<li class=\"TrT0Xe\">Peso: 2 gr.<\/li>\n<\/ul>\n<\/div>\n<\/div>\n","protected":false},"excerpt":{"rendered":"<h3 class=\"co8aDb XcVN5d\" role=\"heading\" aria-level=\"3\"><b>Caracter\u00edsticas:<\/b><\/h3>\n<div class=\"RqBzHd\">\n<ul class=\"i8Z77e\">\n<li class=\"TrT0Xe\">Encapsulado:\u00a0HC-49S.<\/li>\n<li class=\"TrT0Xe\">Frecuencia de funcionamiento: 32KHZ | 32.768KHZ | 4MHz |6MHz | 8MHz | 11,0592MHz | 12MHz | 22,1184MHz | 24MHz | 24,576MHz.<\/li>\n<li class=\"TrT0Xe\">Tolerancia de frecuencia: +\/- 20 ppm.<\/li>\n<li class=\"TrT0Xe\">Capacitancia: 20pF.<\/li>\n<li class=\"TrT0Xe\">N\u00famero de pines: 2.<\/li>\n<li class=\"TrT0Xe\">Resistencia de serie efectiva: 30 ohmios.<\/li>\n<li class=\"TrT0Xe\">Peso: 2 gr.<\/li>\n<\/ul>\n<\/div>\n","protected":false},"featured_media":8936,"template":"","meta":[],"product_brand":[],"product_cat":[86],"product_tag":[427,425,104,426,424],"class_list":{"0":"post-8934","1":"product","2":"type-product","3":"status-publish","4":"has-post-thumbnail","6":"product_cat-electronica","7":"product_tag-circuito-digital","8":"product_tag-cristal","9":"product_tag-electronica","10":"product_tag-oscilador","11":"product_tag-reloj","13":"first","14":"instock","15":"shipping-taxable","16":"purchasable","17":"product-type-variable"},"_links":{"self":[{"href":"https:\/\/novatronicec.com\/index.php\/wp-json\/wp\/v2\/product\/8934","targetHints":{"allow":["GET"]}}],"collection":[{"href":"https:\/\/novatronicec.com\/index.php\/wp-json\/wp\/v2\/product"}],"about":[{"href":"https:\/\/novatronicec.com\/index.php\/wp-json\/wp\/v2\/types\/product"}],"wp:featuredmedia":[{"embeddable":true,"href":"https:\/\/novatronicec.com\/index.php\/wp-json\/wp\/v2\/media\/8936"}],"wp:attachment":[{"href":"https:\/\/novatronicec.com\/index.php\/wp-json\/wp\/v2\/media?parent=8934"}],"wp:term":[{"taxonomy":"product_brand","embeddable":true,"href":"https:\/\/novatronicec.com\/index.php\/wp-json\/wp\/v2\/product_brand?post=8934"},{"taxonomy":"product_cat","embeddable":true,"href":"https:\/\/novatronicec.com\/index.php\/wp-json\/wp\/v2\/product_cat?post=8934"},{"taxonomy":"product_tag","embeddable":true,"href":"https:\/\/novatronicec.com\/index.php\/wp-json\/wp\/v2\/product_tag?post=8934"}],"curies":[{"name":"wp","href":"https:\/\/api.w.org\/{rel}","templated":true}]}}