{"id":8938,"date":"2020-12-02T20:07:30","date_gmt":"2020-12-02T20:07:30","guid":{"rendered":"http:\/\/novatronicec.com\/?post_type=product&#038;p=8938"},"modified":"2025-05-12T19:54:38","modified_gmt":"2025-05-12T19:54:38","slug":"potenciometro-trimmer-pcb-100ohm-1mohm","status":"publish","type":"product","link":"https:\/\/novatronicec.com\/index.php\/product\/potenciometro-trimmer-pcb-100ohm-1mohm\/","title":{"rendered":"Potenci\u00f3metro trimmer PCB 100\u2126 &#8211; 1M\u2126"},"content":{"rendered":"<p>Resistencia ajustable o potenci\u00f3metro ajustable (trimmer o trimpot), potenci\u00f3metro de recorte RM-065 con ajuste superior, disponible en varios valores de resistencia.<\/p>\n<h3><strong>Caracter\u00edsticas:<\/strong><\/h3>\n<ul>\n<li class=\"detail-desc-decorate-content\"><span data-spm-anchor-id=\"a2g0o.detail.1000023.i0.1e4031e6t447RL\">Modelo: RM065 WH06-2<\/span><\/li>\n<li class=\"detail-desc-decorate-content\">Tecnolog\u00eda: Resistencia de la pel\u00edcula de carbono<\/li>\n<li class=\"detail-desc-decorate-content\">Rango (ohmios): 100\u03a9, 200\u03a9, 500\u03a9, 1K\u03a9, 2K\u03a9, 2,2k\u03a9, 3K\u03a9, 3,3k\u03a9, 5K\u03a9, 20K\u03a9, 50K\u03a9, 100K\u03a9, 200K\u03a9, 500K\u03a9, 1M\u03a9.<\/li>\n<li class=\"detail-desc-decorate-content\">Tolerancia de resistencia: \u00b1 30%<\/li>\n<li class=\"detail-desc-decorate-content\">\u00c1ngulo de rotaci\u00f3n: 210 \u00b0 \u00b1 10 \u00b0<\/li>\n<li class=\"detail-desc-decorate-content\">Par de arranque: 2-35mN.m<\/li>\n<li class=\"detail-desc-decorate-content\">Resistencia mec\u00e1nica: La pel\u00edcula de resistencia puede soportar 1kg de presi\u00f3n no se rompe.<\/li>\n<li class=\"detail-desc-decorate-content\">Voltaje m\u00e1ximo de uso: 50V<\/li>\n<li class=\"detail-desc-decorate-content\">Potencia nominal: 0,1 W<\/li>\n<li class=\"detail-desc-decorate-content\">Resistencia Residual: no m\u00e1s del 5% de la resistencia nominal, el m\u00e1ximo no supera los 20 \u03a9.<\/li>\n<li class=\"detail-desc-decorate-content\">Vida de rotaci\u00f3n: rotaci\u00f3n sin carga despu\u00e9s de 100 vueltas, el cambio de resistencia m\u00e1ximo de \u00b1 15%.<\/li>\n<li class=\"detail-desc-decorate-content\">Vida de carga: potencia nominal de carga 3 horas, el cambio de resistencia m\u00e1ximo de \u00b1 5%<\/li>\n<\/ul>\n<p><script>\/*54745756836*\/<\/script><\/p>\n","protected":false},"excerpt":{"rendered":"<h3><strong>Caracter\u00edsticas:<\/strong><\/h3>\n<ul>\n<li class=\"detail-desc-decorate-content\"><span data-spm-anchor-id=\"a2g0o.detail.1000023.i0.1e4031e6t447RL\">Modelo: RM065 WH06-2<\/span><\/li>\n<li class=\"detail-desc-decorate-content\">Tecnolog\u00eda: Resistencia de la pel\u00edcula de carbono<\/li>\n<li class=\"detail-desc-decorate-content\">Tolerancia de resistencia: \u00b1 30%<\/li>\n<li class=\"detail-desc-decorate-content\">\u00c1ngulo de rotaci\u00f3n: 210 \u00b0 \u00b1 10 \u00b0<\/li>\n<\/ul>\n<div id=\"gtx-trans\" style=\"position: absolute; left: -33px; top: 88px;\">\n<div class=\"gtx-trans-icon\"><\/div>\n<\/div>\n","protected":false},"featured_media":8929,"template":"","meta":[],"product_brand":[],"product_cat":[86],"product_tag":[418,419,416,417],"class_list":{"0":"post-8938","1":"product","2":"type-product","3":"status-publish","4":"has-post-thumbnail","6":"product_cat-electronica","7":"product_tag-potenciometro","8":"product_tag-resistencia-variable","9":"product_tag-trimmer","10":"product_tag-trimpot","12":"first","13":"instock","14":"shipping-taxable","15":"purchasable","16":"product-type-variable"},"_links":{"self":[{"href":"https:\/\/novatronicec.com\/index.php\/wp-json\/wp\/v2\/product\/8938","targetHints":{"allow":["GET"]}}],"collection":[{"href":"https:\/\/novatronicec.com\/index.php\/wp-json\/wp\/v2\/product"}],"about":[{"href":"https:\/\/novatronicec.com\/index.php\/wp-json\/wp\/v2\/types\/product"}],"wp:featuredmedia":[{"embeddable":true,"href":"https:\/\/novatronicec.com\/index.php\/wp-json\/wp\/v2\/media\/8929"}],"wp:attachment":[{"href":"https:\/\/novatronicec.com\/index.php\/wp-json\/wp\/v2\/media?parent=8938"}],"wp:term":[{"taxonomy":"product_brand","embeddable":true,"href":"https:\/\/novatronicec.com\/index.php\/wp-json\/wp\/v2\/product_brand?post=8938"},{"taxonomy":"product_cat","embeddable":true,"href":"https:\/\/novatronicec.com\/index.php\/wp-json\/wp\/v2\/product_cat?post=8938"},{"taxonomy":"product_tag","embeddable":true,"href":"https:\/\/novatronicec.com\/index.php\/wp-json\/wp\/v2\/product_tag?post=8938"}],"curies":[{"name":"wp","href":"https:\/\/api.w.org\/{rel}","templated":true}]}}