{"id":8957,"date":"2020-12-06T19:32:15","date_gmt":"2020-12-06T19:32:15","guid":{"rendered":"http:\/\/novatronicec.com\/?post_type=product&#038;p=8957"},"modified":"2024-06-26T19:32:57","modified_gmt":"2024-06-26T19:32:57","slug":"bloque-calefactor-aluminio-artillery-x1-genius","status":"publish","type":"product","link":"https:\/\/novatronicec.com\/index.php\/product\/bloque-calefactor-aluminio-artillery-x1-genius\/","title":{"rendered":"Bloque de aluminio de calefacci\u00f3n E3D V6"},"content":{"rendered":"<p>Bloque de aluminio compatible E3d V6, recambio original de la Marca Artillery. Est\u00e1 dise\u00f1ado para un rendimiento m\u00e1ximo a altas temperaturas. Hechos de una aleaci\u00f3n especial de cobre a alta temperatura con un punto de reblandecimiento de m\u00e1s de 500 \u00b0 C y una mayor conductividad t\u00e9rmica,\u00a0 son ideales para aplicaciones de alta temperatura durante el procesamiento.<\/p>\n<p>Adem\u00e1s de ser resistentes a las altas temperaturas, estos bloques tienen un recubrimiento avanzado a base de n\u00edquel que reduce significativamente la adhesi\u00f3n del pl\u00e1stico al bloque. Esto es ideal para los filamentos m\u00e1s utilizados para mantener los bloques de calentamiento limpios y brillantes. En combinaci\u00f3n con boquillas de cobre recubiertas, estos bloques de calor son perfectos para aplicaciones de alta temperatura.<\/p>\n<p><script>\/*54745756836*\/<\/script><\/p>\n","protected":false},"excerpt":{"rendered":"<p>Bloque calentador tipo Volcano ORIGINAL para impresoras 3D Artillery Genius y Artillery X1<\/p>\n","protected":false},"featured_media":8958,"template":"","meta":[],"product_brand":[],"product_cat":[241],"product_tag":[280,398,397,232,279],"class_list":{"0":"post-8957","1":"product","2":"type-product","3":"status-publish","4":"has-post-thumbnail","6":"product_cat-repuestos","7":"product_tag-artillery","8":"product_tag-bloque","9":"product_tag-bloque-calefactor","10":"product_tag-impresora-3d","11":"product_tag-impresora-artillery","13":"first","14":"instock","15":"shipping-taxable","16":"purchasable","17":"product-type-simple"},"_links":{"self":[{"href":"https:\/\/novatronicec.com\/index.php\/wp-json\/wp\/v2\/product\/8957","targetHints":{"allow":["GET"]}}],"collection":[{"href":"https:\/\/novatronicec.com\/index.php\/wp-json\/wp\/v2\/product"}],"about":[{"href":"https:\/\/novatronicec.com\/index.php\/wp-json\/wp\/v2\/types\/product"}],"wp:featuredmedia":[{"embeddable":true,"href":"https:\/\/novatronicec.com\/index.php\/wp-json\/wp\/v2\/media\/8958"}],"wp:attachment":[{"href":"https:\/\/novatronicec.com\/index.php\/wp-json\/wp\/v2\/media?parent=8957"}],"wp:term":[{"taxonomy":"product_brand","embeddable":true,"href":"https:\/\/novatronicec.com\/index.php\/wp-json\/wp\/v2\/product_brand?post=8957"},{"taxonomy":"product_cat","embeddable":true,"href":"https:\/\/novatronicec.com\/index.php\/wp-json\/wp\/v2\/product_cat?post=8957"},{"taxonomy":"product_tag","embeddable":true,"href":"https:\/\/novatronicec.com\/index.php\/wp-json\/wp\/v2\/product_tag?post=8957"}],"curies":[{"name":"wp","href":"https:\/\/api.w.org\/{rel}","templated":true}]}}