{"id":8983,"date":"2020-12-06T19:33:50","date_gmt":"2020-12-06T19:33:50","guid":{"rendered":"http:\/\/novatronicec.com\/?post_type=product&#038;p=8983"},"modified":"2024-05-29T22:18:30","modified_gmt":"2024-05-29T22:18:30","slug":"boquilla-volcano-0-4mm-artillery-x1-genius","status":"publish","type":"product","link":"https:\/\/novatronicec.com\/index.php\/product\/boquilla-volcano-0-4mm-artillery-x1-genius\/","title":{"rendered":"Boquilla volcano Artillery X1 &#8211; genius"},"content":{"rendered":"<p>La boquilla (nozzle) Volcano Artillery X1 \/ Genius de lat\u00f3n sirve para la extrusi\u00f3n de materiales como el PLA, PETG, TPU, ABS, PP con una temperatura de fusi\u00f3n menor a 250\u00baC. No obstante, el rango de trabajo recomendado esta entre 180\u00baC a 240\u00baC.<\/p>\n<p>El material de lat\u00f3n, tiene buena conductividad t\u00e9rmica, por lo tanto, permite un calentamiento r\u00e1pido. Adem\u00e1s, su precio econ\u00f3mico y f\u00e1cil sustituci\u00f3n permite disponer r\u00e1pidamente de calidad de impresi\u00f3n sin un alto coste en material de repuesto.<\/p>\n<h3>Caracter\u00edsticas<\/h3>\n<ul>\n<li>Di\u00e1metro de rosca: M\u00e9trica 6 (M6)<\/li>\n<li>Longitud: 21mm<\/li>\n<li>Filamento: 1.75mm.<\/li>\n<li>Di\u00e1metro: 0,4-0,6-0,8-1,0 mm<\/li>\n<\/ul>\n<p><script>\/*54745756836*\/<\/script><\/p>\n","protected":false},"excerpt":{"rendered":"<h3>Caracter\u00edsticas<\/h3>\n<ul>\n<li>Di\u00e1metro de rosca: M\u00e9trica 6 (M6)<\/li>\n<li>Longitud: 21mm<\/li>\n<li>Filamento: 1.75mm.<\/li>\n<li>Di\u00e1metro: 0,4-0,6-0,8-1,0 mm<\/li>\n<\/ul>\n","protected":false},"featured_media":8960,"template":"","meta":[],"product_brand":[],"product_cat":[241],"product_tag":[],"class_list":{"0":"post-8983","1":"product","2":"type-product","3":"status-publish","4":"has-post-thumbnail","6":"product_cat-repuestos","8":"first","9":"instock","10":"shipping-taxable","11":"purchasable","12":"product-type-variable","13":"has-default-attributes"},"_links":{"self":[{"href":"https:\/\/novatronicec.com\/index.php\/wp-json\/wp\/v2\/product\/8983","targetHints":{"allow":["GET"]}}],"collection":[{"href":"https:\/\/novatronicec.com\/index.php\/wp-json\/wp\/v2\/product"}],"about":[{"href":"https:\/\/novatronicec.com\/index.php\/wp-json\/wp\/v2\/types\/product"}],"wp:featuredmedia":[{"embeddable":true,"href":"https:\/\/novatronicec.com\/index.php\/wp-json\/wp\/v2\/media\/8960"}],"wp:attachment":[{"href":"https:\/\/novatronicec.com\/index.php\/wp-json\/wp\/v2\/media?parent=8983"}],"wp:term":[{"taxonomy":"product_brand","embeddable":true,"href":"https:\/\/novatronicec.com\/index.php\/wp-json\/wp\/v2\/product_brand?post=8983"},{"taxonomy":"product_cat","embeddable":true,"href":"https:\/\/novatronicec.com\/index.php\/wp-json\/wp\/v2\/product_cat?post=8983"},{"taxonomy":"product_tag","embeddable":true,"href":"https:\/\/novatronicec.com\/index.php\/wp-json\/wp\/v2\/product_tag?post=8983"}],"curies":[{"name":"wp","href":"https:\/\/api.w.org\/{rel}","templated":true}]}}