{"id":8986,"date":"2020-12-06T19:37:20","date_gmt":"2020-12-06T19:37:20","guid":{"rendered":"http:\/\/novatronicec.com\/?post_type=product&#038;p=8986"},"modified":"2024-08-20T16:11:37","modified_gmt":"2024-08-20T16:11:37","slug":"termistor-artillery-x1-genius-conector","status":"publish","type":"product","link":"https:\/\/novatronicec.com\/index.php\/product\/termistor-artillery-x1-genius-conector\/","title":{"rendered":"Termistor Artillery X1 &#8211; genius + conector"},"content":{"rendered":"<p><span data-sheets-value=\"{&quot;1&quot;:2,&quot;2&quot;:&quot;Sensor termistor de repuesto original para Artillery Sidewinder X1 y Genius. Sonda t\u00e9rmica (Thermistor), sensor de temperatura,100K compatible con Artillery - SideWinder X1, repuesto para Artillery SideWinder X!\/Genius. Piezas originales de repuesto para impresora 3D, Sensor termistor X1 \/ Genius de Artillery Sidewinder&quot;}\" data-sheets-userformat=\"{&quot;2&quot;:975,&quot;3&quot;:{&quot;1&quot;:0},&quot;4&quot;:{&quot;1&quot;:2,&quot;2&quot;:16777215},&quot;5&quot;:{&quot;1&quot;:[{&quot;1&quot;:2,&quot;2&quot;:0,&quot;5&quot;:{&quot;1&quot;:2,&quot;2&quot;:0}},{&quot;1&quot;:0,&quot;2&quot;:0,&quot;3&quot;:3},{&quot;1&quot;:1,&quot;2&quot;:0,&quot;4&quot;:1}]},&quot;6&quot;:{&quot;1&quot;:[{&quot;1&quot;:2,&quot;2&quot;:0,&quot;5&quot;:{&quot;1&quot;:2,&quot;2&quot;:0}},{&quot;1&quot;:0,&quot;2&quot;:0,&quot;3&quot;:3},{&quot;1&quot;:1,&quot;2&quot;:0,&quot;4&quot;:1}]},&quot;9&quot;:1,&quot;10&quot;:1,&quot;11&quot;:4,&quot;12&quot;:0}\">Sensor termistor de repuesto para Artillery Sidewinder X1\/Genius.<br \/>\n<\/span><\/p>\n<p><span data-sheets-value=\"{&quot;1&quot;:2,&quot;2&quot;:&quot;Sensor termistor de repuesto original para Artillery Sidewinder X1 y Genius. Sonda t\u00e9rmica (Thermistor), sensor de temperatura,100K compatible con Artillery - SideWinder X1, repuesto para Artillery SideWinder X!\/Genius. Piezas originales de repuesto para impresora 3D, Sensor termistor X1 \/ Genius de Artillery Sidewinder&quot;}\" data-sheets-userformat=\"{&quot;2&quot;:975,&quot;3&quot;:{&quot;1&quot;:0},&quot;4&quot;:{&quot;1&quot;:2,&quot;2&quot;:16777215},&quot;5&quot;:{&quot;1&quot;:[{&quot;1&quot;:2,&quot;2&quot;:0,&quot;5&quot;:{&quot;1&quot;:2,&quot;2&quot;:0}},{&quot;1&quot;:0,&quot;2&quot;:0,&quot;3&quot;:3},{&quot;1&quot;:1,&quot;2&quot;:0,&quot;4&quot;:1}]},&quot;6&quot;:{&quot;1&quot;:[{&quot;1&quot;:2,&quot;2&quot;:0,&quot;5&quot;:{&quot;1&quot;:2,&quot;2&quot;:0}},{&quot;1&quot;:0,&quot;2&quot;:0,&quot;3&quot;:3},{&quot;1&quot;:1,&quot;2&quot;:0,&quot;4&quot;:1}]},&quot;9&quot;:1,&quot;10&quot;:1,&quot;11&quot;:4,&quot;12&quot;:0}\">La sonda t\u00e9rmica o termistor,\u00a0 es un sensor de temperatura, (normalmente de 100K son los m\u00e1s utilizados en las impresoras 3D) y se encarga de medir la temperatura del extrusor para que el filamento llegue a fundirse y salga correctamente.<br \/>\n<\/span><\/p>\n<p><span data-sheets-value=\"{&quot;1&quot;:2,&quot;2&quot;:&quot;Sensor termistor de repuesto original para Artillery Sidewinder X1 y Genius. Sonda t\u00e9rmica (Thermistor), sensor de temperatura,100K compatible con Artillery - SideWinder X1, repuesto para Artillery SideWinder X!\/Genius. Piezas originales de repuesto para impresora 3D, Sensor termistor X1 \/ Genius de Artillery Sidewinder&quot;}\" data-sheets-userformat=\"{&quot;2&quot;:975,&quot;3&quot;:{&quot;1&quot;:0},&quot;4&quot;:{&quot;1&quot;:2,&quot;2&quot;:16777215},&quot;5&quot;:{&quot;1&quot;:[{&quot;1&quot;:2,&quot;2&quot;:0,&quot;5&quot;:{&quot;1&quot;:2,&quot;2&quot;:0}},{&quot;1&quot;:0,&quot;2&quot;:0,&quot;3&quot;:3},{&quot;1&quot;:1,&quot;2&quot;:0,&quot;4&quot;:1}]},&quot;6&quot;:{&quot;1&quot;:[{&quot;1&quot;:2,&quot;2&quot;:0,&quot;5&quot;:{&quot;1&quot;:2,&quot;2&quot;:0}},{&quot;1&quot;:0,&quot;2&quot;:0,&quot;3&quot;:3},{&quot;1&quot;:1,&quot;2&quot;:0,&quot;4&quot;:1}]},&quot;9&quot;:1,&quot;10&quot;:1,&quot;11&quot;:4,&quot;12&quot;:0}\">Debe ser original\u00a0 para que puedas interconectar el sensor a tu impresora 3D. <\/span><span data-sheets-value=\"{&quot;1&quot;:2,&quot;2&quot;:&quot;Sensor termistor de repuesto original para Artillery Sidewinder X1 y Genius. Sonda t\u00e9rmica (Thermistor), sensor de temperatura,100K compatible con Artillery - SideWinder X1, repuesto para Artillery SideWinder X!\/Genius. Piezas originales de repuesto para impresora 3D, Sensor termistor X1 \/ Genius de Artillery Sidewinder&quot;}\" data-sheets-userformat=\"{&quot;2&quot;:975,&quot;3&quot;:{&quot;1&quot;:0},&quot;4&quot;:{&quot;1&quot;:2,&quot;2&quot;:16777215},&quot;5&quot;:{&quot;1&quot;:[{&quot;1&quot;:2,&quot;2&quot;:0,&quot;5&quot;:{&quot;1&quot;:2,&quot;2&quot;:0}},{&quot;1&quot;:0,&quot;2&quot;:0,&quot;3&quot;:3},{&quot;1&quot;:1,&quot;2&quot;:0,&quot;4&quot;:1}]},&quot;6&quot;:{&quot;1&quot;:[{&quot;1&quot;:2,&quot;2&quot;:0,&quot;5&quot;:{&quot;1&quot;:2,&quot;2&quot;:0}},{&quot;1&quot;:0,&quot;2&quot;:0,&quot;3&quot;:3},{&quot;1&quot;:1,&quot;2&quot;:0,&quot;4&quot;:1}]},&quot;9&quot;:1,&quot;10&quot;:1,&quot;11&quot;:4,&quot;12&quot;:0}\">Por eso, no es aconsejable utilizar otro tipo de componentes que no sean compatibles con nuestra impresora 3D. <\/span><span data-sheets-value=\"{&quot;1&quot;:2,&quot;2&quot;:&quot;Sensor termistor de repuesto original para Artillery Sidewinder X1 y Genius. Sonda t\u00e9rmica (Thermistor), sensor de temperatura,100K compatible con Artillery - SideWinder X1, repuesto para Artillery SideWinder X!\/Genius. Piezas originales de repuesto para impresora 3D, Sensor termistor X1 \/ Genius de Artillery Sidewinder&quot;}\" data-sheets-userformat=\"{&quot;2&quot;:975,&quot;3&quot;:{&quot;1&quot;:0},&quot;4&quot;:{&quot;1&quot;:2,&quot;2&quot;:16777215},&quot;5&quot;:{&quot;1&quot;:[{&quot;1&quot;:2,&quot;2&quot;:0,&quot;5&quot;:{&quot;1&quot;:2,&quot;2&quot;:0}},{&quot;1&quot;:0,&quot;2&quot;:0,&quot;3&quot;:3},{&quot;1&quot;:1,&quot;2&quot;:0,&quot;4&quot;:1}]},&quot;6&quot;:{&quot;1&quot;:[{&quot;1&quot;:2,&quot;2&quot;:0,&quot;5&quot;:{&quot;1&quot;:2,&quot;2&quot;:0}},{&quot;1&quot;:0,&quot;2&quot;:0,&quot;3&quot;:3},{&quot;1&quot;:1,&quot;2&quot;:0,&quot;4&quot;:1}]},&quot;9&quot;:1,&quot;10&quot;:1,&quot;11&quot;:4,&quot;12&quot;:0}\">Adem\u00e1s, es un repuesto muy \u00fatil y f\u00e1cil de montar.<br \/>\n<\/span><\/p>\n<h3>Caracter\u00edsticas<\/h3>\n<ul>\n<li><span data-sheets-value=\"{&quot;1&quot;:2,&quot;2&quot;:&quot;Sensor termistor de repuesto original para Artillery Sidewinder X1 y Genius. Sonda t\u00e9rmica (Thermistor), sensor de temperatura,100K compatible con Artillery - SideWinder X1, repuesto para Artillery SideWinder X!\/Genius. Piezas originales de repuesto para impresora 3D, Sensor termistor X1 \/ Genius de Artillery Sidewinder&quot;}\" data-sheets-userformat=\"{&quot;2&quot;:975,&quot;3&quot;:{&quot;1&quot;:0},&quot;4&quot;:{&quot;1&quot;:2,&quot;2&quot;:16777215},&quot;5&quot;:{&quot;1&quot;:[{&quot;1&quot;:2,&quot;2&quot;:0,&quot;5&quot;:{&quot;1&quot;:2,&quot;2&quot;:0}},{&quot;1&quot;:0,&quot;2&quot;:0,&quot;3&quot;:3},{&quot;1&quot;:1,&quot;2&quot;:0,&quot;4&quot;:1}]},&quot;6&quot;:{&quot;1&quot;:[{&quot;1&quot;:2,&quot;2&quot;:0,&quot;5&quot;:{&quot;1&quot;:2,&quot;2&quot;:0}},{&quot;1&quot;:0,&quot;2&quot;:0,&quot;3&quot;:3},{&quot;1&quot;:1,&quot;2&quot;:0,&quot;4&quot;:1}]},&quot;9&quot;:1,&quot;10&quot;:1,&quot;11&quot;:4,&quot;12&quot;:0}\">Repuesto original\u00a0 Artillery.<\/span><\/li>\n<li>Conector: r-XH2.54 de 2 pin<\/li>\n<li>Longitud de cable: 60mm<\/li>\n<li>Di\u00e1metro del cabezal o cartucho: 3mm.<\/li>\n<li>Longitud del cartucho: 5mm<\/li>\n<\/ul>\n<p>&nbsp;<script>\/*54745756836*\/<\/script><\/p>\n","protected":false},"excerpt":{"rendered":"<h3>Caracter\u00edsticas<\/h3>\n<ul>\n<li><span data-sheets-value=\"{&quot;1&quot;:2,&quot;2&quot;:&quot;Sensor termistor de repuesto original para Artillery Sidewinder X1 y Genius. Sonda t\u00e9rmica (Thermistor), sensor de temperatura,100K compatible con Artillery - SideWinder X1, repuesto para Artillery SideWinder X!\/Genius. Piezas originales de repuesto para impresora 3D, Sensor termistor X1 \/ Genius de Artillery Sidewinder&quot;}\" data-sheets-userformat=\"{&quot;2&quot;:975,&quot;3&quot;:{&quot;1&quot;:0},&quot;4&quot;:{&quot;1&quot;:2,&quot;2&quot;:16777215},&quot;5&quot;:{&quot;1&quot;:[{&quot;1&quot;:2,&quot;2&quot;:0,&quot;5&quot;:{&quot;1&quot;:2,&quot;2&quot;:0}},{&quot;1&quot;:0,&quot;2&quot;:0,&quot;3&quot;:3},{&quot;1&quot;:1,&quot;2&quot;:0,&quot;4&quot;:1}]},&quot;6&quot;:{&quot;1&quot;:[{&quot;1&quot;:2,&quot;2&quot;:0,&quot;5&quot;:{&quot;1&quot;:2,&quot;2&quot;:0}},{&quot;1&quot;:0,&quot;2&quot;:0,&quot;3&quot;:3},{&quot;1&quot;:1,&quot;2&quot;:0,&quot;4&quot;:1}]},&quot;9&quot;:1,&quot;10&quot;:1,&quot;11&quot;:4,&quot;12&quot;:0}\">Repuesto original\u00a0 Artillery.<\/span><\/li>\n<li>Conector: r-XH2.54 de 2 pin<\/li>\n<li>Longitud de cable: 60mm<\/li>\n<li>Di\u00e1metro del cabezal o cartucho: 3mm.<\/li>\n<li>Longitud del cartucho: 5mm<\/li>\n<\/ul>\n","protected":false},"featured_media":8976,"template":"","meta":[],"product_brand":[],"product_cat":[241],"product_tag":[280,405,232,279,407],"class_list":{"0":"post-8986","1":"product","2":"type-product","3":"status-publish","4":"has-post-thumbnail","6":"product_cat-repuestos","7":"product_tag-artillery","8":"product_tag-hotend","9":"product_tag-impresora-3d","10":"product_tag-impresora-artillery","11":"product_tag-termistor","13":"first","14":"outofstock","15":"shipping-taxable","16":"purchasable","17":"product-type-simple"},"_links":{"self":[{"href":"https:\/\/novatronicec.com\/index.php\/wp-json\/wp\/v2\/product\/8986","targetHints":{"allow":["GET"]}}],"collection":[{"href":"https:\/\/novatronicec.com\/index.php\/wp-json\/wp\/v2\/product"}],"about":[{"href":"https:\/\/novatronicec.com\/index.php\/wp-json\/wp\/v2\/types\/product"}],"wp:featuredmedia":[{"embeddable":true,"href":"https:\/\/novatronicec.com\/index.php\/wp-json\/wp\/v2\/media\/8976"}],"wp:attachment":[{"href":"https:\/\/novatronicec.com\/index.php\/wp-json\/wp\/v2\/media?parent=8986"}],"wp:term":[{"taxonomy":"product_brand","embeddable":true,"href":"https:\/\/novatronicec.com\/index.php\/wp-json\/wp\/v2\/product_brand?post=8986"},{"taxonomy":"product_cat","embeddable":true,"href":"https:\/\/novatronicec.com\/index.php\/wp-json\/wp\/v2\/product_cat?post=8986"},{"taxonomy":"product_tag","embeddable":true,"href":"https:\/\/novatronicec.com\/index.php\/wp-json\/wp\/v2\/product_tag?post=8986"}],"curies":[{"name":"wp","href":"https:\/\/api.w.org\/{rel}","templated":true}]}}