{"id":8989,"date":"2020-12-06T19:41:31","date_gmt":"2020-12-06T19:41:31","guid":{"rendered":"http:\/\/novatronicec.com\/?post_type=product&#038;p=8989"},"modified":"2024-05-28T20:22:31","modified_gmt":"2024-05-28T20:22:31","slug":"ventilador-de-capa-24v-artillery-x1-genius","status":"publish","type":"product","link":"https:\/\/novatronicec.com\/index.php\/product\/ventilador-de-capa-24v-artillery-x1-genius\/","title":{"rendered":"Ventilador de capa 24v Artillery X1 &#8211; genius"},"content":{"rendered":"<p>Ventilador de capa centr\u00edfugo, tipo turbina, original Artillery Genius y Artillery SideWinder X1.<\/p>\n<p>Una mala ventilaci\u00f3n de capa en tu impresora 3D repercutir\u00e1 en un mal acabado de tus piezas impresas. Sobretodo es importante si queremos subir la velocidad de impresi\u00f3n en nuestras impresoras, ya que es imprescindible que la capa de pl\u00e1stico que depositamos est\u00e9 completamente seca antes de volver a fundir otra capa sobre ella.<\/p>\n<h3>Caracter\u00edsticas<\/h3>\n<ul>\n<li>Repuesto Original Artillery.<\/li>\n<li>Modelo: XYJ24S4020M<\/li>\n<li>Material: Pl\u00e1stico inyectado.<\/li>\n<li>Voltaje de operaci\u00f3n: 24 V DC.<\/li>\n<li>Corriente: 0.1A.<\/li>\n<li>Tipo: Turbina 4020<\/li>\n<li>Dimensiones: 40 x 20 mm<\/li>\n<li>Longitud de cable: 50 mm.<\/li>\n<li>Conector: 2PIN-XH2.54<\/li>\n<\/ul>\n<p>&nbsp;<script>\/*54745756836*\/<\/script><\/p>\n","protected":false},"excerpt":{"rendered":"<h3>Caracter\u00edsticas<\/h3>\n<ul>\n<li>Repuesto Original Artillery.<\/li>\n<li>Modelo: XYJ24S4020M<\/li>\n<li>Material: Pl\u00e1stico inyectado.<\/li>\n<li>Voltaje de operaci\u00f3n: 24 V DC.<\/li>\n<li>Corriente: 0.1A.<\/li>\n<li>Tipo: Turbina 4020<\/li>\n<li>Dimensiones: 40 x 20 mm.<\/li>\n<li>Longitud de cable: 50 mm.<\/li>\n<li>Conector: 2PIN-XH2.54<\/li>\n<\/ul>\n<p>&nbsp;<\/p>\n","protected":false},"featured_media":8980,"template":"","meta":[],"product_brand":[],"product_cat":[241],"product_tag":[410,280,232,279,408],"class_list":{"0":"post-8989","1":"product","2":"type-product","3":"status-publish","4":"has-post-thumbnail","6":"product_cat-repuestos","7":"product_tag-410","8":"product_tag-artillery","9":"product_tag-impresora-3d","10":"product_tag-impresora-artillery","11":"product_tag-ventilador","13":"first","14":"instock","15":"shipping-taxable","16":"purchasable","17":"product-type-simple"},"_links":{"self":[{"href":"https:\/\/novatronicec.com\/index.php\/wp-json\/wp\/v2\/product\/8989","targetHints":{"allow":["GET"]}}],"collection":[{"href":"https:\/\/novatronicec.com\/index.php\/wp-json\/wp\/v2\/product"}],"about":[{"href":"https:\/\/novatronicec.com\/index.php\/wp-json\/wp\/v2\/types\/product"}],"wp:featuredmedia":[{"embeddable":true,"href":"https:\/\/novatronicec.com\/index.php\/wp-json\/wp\/v2\/media\/8980"}],"wp:attachment":[{"href":"https:\/\/novatronicec.com\/index.php\/wp-json\/wp\/v2\/media?parent=8989"}],"wp:term":[{"taxonomy":"product_brand","embeddable":true,"href":"https:\/\/novatronicec.com\/index.php\/wp-json\/wp\/v2\/product_brand?post=8989"},{"taxonomy":"product_cat","embeddable":true,"href":"https:\/\/novatronicec.com\/index.php\/wp-json\/wp\/v2\/product_cat?post=8989"},{"taxonomy":"product_tag","embeddable":true,"href":"https:\/\/novatronicec.com\/index.php\/wp-json\/wp\/v2\/product_tag?post=8989"}],"curies":[{"name":"wp","href":"https:\/\/api.w.org\/{rel}","templated":true}]}}