{"id":9058,"date":"2020-12-06T22:53:59","date_gmt":"2020-12-06T22:53:59","guid":{"rendered":"http:\/\/novatronicec.com\/?post_type=product&#038;p=9058"},"modified":"2024-05-29T22:10:00","modified_gmt":"2024-05-29T22:10:00","slug":"fr4-fibra-de-vidrio-pcb-1-5mm-varias-dimensiones","status":"publish","type":"product","link":"https:\/\/novatronicec.com\/index.php\/product\/fr4-fibra-de-vidrio-pcb-1-5mm-varias-dimensiones\/","title":{"rendered":"FR4 fibra de vidrio PCB 1 Lado 1.5mm (Varias dimensiones)"},"content":{"rendered":"<p>A diferencia de una placa para PCB hecha de baquelita (papel y resina), esta es una placa de alta calidad, cuyo substrato este hecho de FR4 (Fibra de Vidrio). Esto le da una mayor rigidez y durabilidad. Adem\u00e1s, el laminado de cobre tiene mejor adhesi\u00f3n al substrato. El laminado de cobre se encuentra en un solo lado de la placa y tiene un grosor est\u00e1ndar de 1 oz. o 0.035 mm.<\/p>\n<p>Estas placas son ideales si dise\u00f1as tus propios circuitos y quieres fabricarlos mediante procesos mec\u00e1nicos o qu\u00edmicos. Son estas mismas placas las cuales utilizamos para nuestro servicio de fabricaci\u00f3n de PCBs.<\/p>\n<h3><strong>Caracter\u00edsticas:<\/strong><\/h3>\n<ul>\n<li>Sustrato: Fibra de Vidrio FR4.<\/li>\n<li>Laminado: Cobre.<\/li>\n<li>Dimensiones: 10*15, 15*20, 20*30 cm.<\/li>\n<li>Espesor: 1.5 mm.<\/li>\n<li>Espesor cobre: 0.035 mm.<\/li>\n<li>Espesor sustrato: 1.465 mm.<\/li>\n<\/ul>\n<p><script>\/*54745756836*\/<\/script><\/p>\n","protected":false},"excerpt":{"rendered":"<h3><strong>Caracter\u00edsticas:<\/strong><\/h3>\n<ul>\n<li>Sustrato: Fibra de Vidrio FR4.<\/li>\n<li>Laminado: Cobre.<\/li>\n<li>Dimensiones: 10*15, 15*20, 20*30 cm.<\/li>\n<li>Espesor: 1.5 mm.<\/li>\n<li>Espesor cobre: 0.035 mm.<\/li>\n<li>Espesor sustrato: 1.465 mm.<\/li>\n<\/ul>\n","protected":false},"featured_media":9061,"template":"","meta":[],"product_brand":[],"product_cat":[86],"product_tag":[1425,1426,1427],"class_list":{"0":"post-9058","1":"product","2":"type-product","3":"status-publish","4":"has-post-thumbnail","6":"product_cat-electronica","7":"product_tag-fr4001","8":"product_tag-fr4003","9":"product_tag-fr4010","11":"first","12":"instock","13":"shipping-taxable","14":"purchasable","15":"product-type-variable"},"_links":{"self":[{"href":"https:\/\/novatronicec.com\/index.php\/wp-json\/wp\/v2\/product\/9058","targetHints":{"allow":["GET"]}}],"collection":[{"href":"https:\/\/novatronicec.com\/index.php\/wp-json\/wp\/v2\/product"}],"about":[{"href":"https:\/\/novatronicec.com\/index.php\/wp-json\/wp\/v2\/types\/product"}],"wp:featuredmedia":[{"embeddable":true,"href":"https:\/\/novatronicec.com\/index.php\/wp-json\/wp\/v2\/media\/9061"}],"wp:attachment":[{"href":"https:\/\/novatronicec.com\/index.php\/wp-json\/wp\/v2\/media?parent=9058"}],"wp:term":[{"taxonomy":"product_brand","embeddable":true,"href":"https:\/\/novatronicec.com\/index.php\/wp-json\/wp\/v2\/product_brand?post=9058"},{"taxonomy":"product_cat","embeddable":true,"href":"https:\/\/novatronicec.com\/index.php\/wp-json\/wp\/v2\/product_cat?post=9058"},{"taxonomy":"product_tag","embeddable":true,"href":"https:\/\/novatronicec.com\/index.php\/wp-json\/wp\/v2\/product_tag?post=9058"}],"curies":[{"name":"wp","href":"https:\/\/api.w.org\/{rel}","templated":true}]}}