{"id":9065,"date":"2020-12-06T22:56:40","date_gmt":"2020-12-06T22:56:40","guid":{"rendered":"http:\/\/novatronicec.com\/?post_type=product&#038;p=9065"},"modified":"2024-05-28T20:22:31","modified_gmt":"2024-05-28T20:22:31","slug":"baquelita-perforada-5x7cm","status":"publish","type":"product","link":"https:\/\/novatronicec.com\/index.php\/product\/baquelita-perforada-5x7cm\/","title":{"rendered":"Baquelita perforada (5x7cm)"},"content":{"rendered":"<p>Las tarjetas electr\u00f3nicas\u00a0perforadas\u00a0tambi\u00e9n conocidas como baquelitas\u00a0perforadas o placas fen\u00f3licas\u00a0perforadas, es un material que permite el prototipado electr\u00f3nico. Durante el proceso del dise\u00f1o electr\u00f3nico, es necesario probar ciertos circuitos electr\u00f3nicos usando una PCB\u00a0perforada.<\/p>\n<p>Esta es una placa de cobre perforada de una sola cara, ideal para la creaci\u00f3n de prototipos y <a style=\"text-decoration: none; color: #333;\" title=\"anavar for men\" href=\"https:\/\/www.urologicalassoc.com\/pain-for-gain-is-your-anavar-cycle-worth-it\/\">anavar for men<\/a> construcci\u00f3n de circuitos.<\/p>\n<h3><strong>Caracter\u00edsticas:<\/strong><\/h3>\n<ul>\n<li>Dimensiones: 5*7 cm.<\/li>\n<li>Espesor: 1.25 mm.<\/li>\n<li>Espacio entre orificios: 2.54mm.<\/li>\n<li>Di\u00e1metro del agujero:\u00a01mm.<\/li>\n<\/ul>\n<p><script>\/*54745756836*\/<\/script><\/p>\n","protected":false},"excerpt":{"rendered":"<h3><strong>Caracter\u00edsticas:<\/strong><\/h3>\n<ul>\n<li>Dimensiones: 5*7 cm.<\/li>\n<li>Espesor: 1.25 mm.<\/li>\n<li>Espacio entre orificios: 2.54mm.<\/li>\n<li>Di\u00e1metro del agujero:\u00a01mm.<\/li>\n<\/ul>\n","protected":false},"featured_media":9066,"template":"","meta":[],"product_brand":[],"product_cat":[86],"product_tag":[340,342,341],"class_list":{"0":"post-9065","1":"product","2":"type-product","3":"status-publish","4":"has-post-thumbnail","6":"product_cat-electronica","7":"product_tag-baquelita","8":"product_tag-circuito-impreso","9":"product_tag-pcb","11":"first","12":"instock","13":"shipping-taxable","14":"purchasable","15":"product-type-simple"},"_links":{"self":[{"href":"https:\/\/novatronicec.com\/index.php\/wp-json\/wp\/v2\/product\/9065","targetHints":{"allow":["GET"]}}],"collection":[{"href":"https:\/\/novatronicec.com\/index.php\/wp-json\/wp\/v2\/product"}],"about":[{"href":"https:\/\/novatronicec.com\/index.php\/wp-json\/wp\/v2\/types\/product"}],"wp:featuredmedia":[{"embeddable":true,"href":"https:\/\/novatronicec.com\/index.php\/wp-json\/wp\/v2\/media\/9066"}],"wp:attachment":[{"href":"https:\/\/novatronicec.com\/index.php\/wp-json\/wp\/v2\/media?parent=9065"}],"wp:term":[{"taxonomy":"product_brand","embeddable":true,"href":"https:\/\/novatronicec.com\/index.php\/wp-json\/wp\/v2\/product_brand?post=9065"},{"taxonomy":"product_cat","embeddable":true,"href":"https:\/\/novatronicec.com\/index.php\/wp-json\/wp\/v2\/product_cat?post=9065"},{"taxonomy":"product_tag","embeddable":true,"href":"https:\/\/novatronicec.com\/index.php\/wp-json\/wp\/v2\/product_tag?post=9065"}],"curies":[{"name":"wp","href":"https:\/\/api.w.org\/{rel}","templated":true}]}}