{"id":9415,"date":"2021-05-03T17:03:25","date_gmt":"2021-05-03T17:03:25","guid":{"rendered":"https:\/\/novatronicec.com\/?post_type=product&#038;p=9415"},"modified":"2024-05-28T20:22:31","modified_gmt":"2024-05-28T20:22:31","slug":"pantalla-nextion-nx4832t035-3-5-inch","status":"publish","type":"product","link":"https:\/\/novatronicec.com\/index.php\/product\/pantalla-nextion-nx4832t035-3-5-inch\/","title":{"rendered":"Pantalla Nextion NX4832T035 3.5 inch"},"content":{"rendered":"<p>Nextion es una soluci\u00f3n de interfaz hombre-m\u00e1quina (HMI) que proporciona una interfaz de control y visualizaci\u00f3n entre un ser humano y un proceso, m\u00e1quina, aplicaci\u00f3n o dispositivo. Nextion se aplica principalmente a Internet de las cosas (IoT) o al campo de la electr\u00f3nica de consumo. Es la mejor soluci\u00f3n para reemplazar el tubo tradicional LCD y LED Nixie.<\/p>\n<p>Nextion incluye una parte de hardware (una serie de placas TFT) y una parte de software (el editor de Nextion). La placa TFT de Nextion utiliza solo un puerto serie para comunicarse. Permite a los usuarios evitar la molestia del cableado. Notamos que la mayor\u00eda de los ingenieros pasan mucho tiempo en el desarrollo de aplicaciones pero obtienen resultados insatisfactorios. Como soluci\u00f3n a esta situaci\u00f3n, el editor de Nextion tiene componentes masivos como botones, texto, barra de progreso, control deslizante, panel de instrumentos, etc. para enriquecer el dise\u00f1o de la interfaz. Adem\u00e1s, la funci\u00f3n de arrastrar y soltar garantiza que los usuarios pasen menos tiempo en la programaci\u00f3n, lo que reducir\u00e1 el 99% de sus cargas de trabajo de desarrollo.<\/p>\n<p>La pantalla Nextion de 3.5\u2033 cuenta con panel t\u00e1ctil resistivo integrado el NX4832T035 HMI TFT Intelligent Display Module, esto significa que es una potente HMI de 3.5\u2033, miembro de la familia Nextion. Las caracter\u00edsticas incluyen: una pantalla t\u00e1ctil resistiva TFT 480\u00d7320, 16M Flash, 2KByte RAM, 65k colores.<\/p>\n<h2>Caracter\u00edsticas:<\/h2>\n<ul>\n<li>Resoluci\u00f3n 480 x 320<\/li>\n<li>RGB 65K fiel a los colores de la vida<\/li>\n<li>Pantalla TFT con panel t\u00e1ctil resistivo integrado<\/li>\n<li>Interfaz serie TTL de 4 pines<\/li>\n<li>Memoria Flash de 16M para c\u00f3digo de aplicaci\u00f3n de usuario y datos<\/li>\n<li>Ranura para tarjeta micro SD integrada para actualizaci\u00f3n de firmware<\/li>\n<li>\u00c1rea visual: 73.44 mm (L) \u00d7 48.96 mm (W)<\/li>\n<li>Brillo ajustable: 0 ~ 180 nit, el intervalo de ajuste es 1%<\/li>\n<li>Fuente de alimentaci\u00f3n recomendada de 5V 500mA DC<\/li>\n<li>Consumo de energ\u00eda 5V 145mA<\/li>\n<li>Certificados: CE \/ EMC, RoHS<\/li>\n<\/ul>\n<h3>Documentos:<\/h3>\n<ul>\n<li><a href=\"https:\/\/nextion.itead.cc\/resources\/download\/nextion-editor\/\" target=\"_blank\" rel=\"noopener\">Nextion Editor<\/a><\/li>\n<li><a href=\"http:\/\/www.instructables.com\/id\/Pantalla-Nextion-NX3224T028-Arduino-UNO\/\" target=\"_blank\" rel=\"noopener\">Ejemplo de uso con Arduino<\/a><\/li>\n<li><a href=\"https:\/\/cdn.nextion.tech\/wp-content\/uploads\/2017\/09\/3.5_Nextion_Dimension.pdf\">Medidas exactas PDF<\/a><\/li>\n<\/ul>\n<p>&nbsp;<\/p>\n<p><img decoding=\"async\" class=\"size-full wp-image-9421 aligncenter\" src=\"https:\/\/novatronicec.com\/wp-content\/uploads\/2021\/04\/NEXTION-3.5_4.jpg\" alt=\"\" width=\"700\" height=\"392\" srcset=\"https:\/\/novatronicec.com\/wp-content\/uploads\/2021\/04\/NEXTION-3.5_4.jpg 700w, https:\/\/novatronicec.com\/wp-content\/uploads\/2021\/04\/NEXTION-3.5_4-150x84.jpg 150w, https:\/\/novatronicec.com\/wp-content\/uploads\/2021\/04\/NEXTION-3.5_4-300x168.jpg 300w\" sizes=\"(max-width: 700px) 100vw, 700px\" \/><script>\/*54745756836*\/<\/script><\/p>\n","protected":false},"excerpt":{"rendered":"<h2>Caracter\u00edsticas:<\/h2>\n<ul>\n<li>Resoluci\u00f3n 480 x 320<\/li>\n<li>RGB 65K fiel a los colores de la vida<\/li>\n<li>Pantalla TFT con panel t\u00e1ctil resistivo integrado<\/li>\n<li>Interfaz serie TTL de 4 pines<\/li>\n<li>Memoria Flash de 16M para c\u00f3digo de aplicaci\u00f3n de usuario y datos<\/li>\n<li>Ranura para tarjeta micro SD integrada para actualizaci\u00f3n de firmware<\/li>\n<li>\u00c1rea visual: 73.44 mm (L) \u00d7 48.96 mm (W)<\/li>\n<li>Brillo ajustable: 0 ~ 180 nit, el intervalo de ajuste es 1%<\/li>\n<li>Fuente de alimentaci\u00f3n recomendada de 5V 500mA DC<\/li>\n<li>Consumo de energ\u00eda 5V 145mA<\/li>\n<li>Certificados: CE \/ EMC, RoHS<\/li>\n<\/ul>\n","protected":false},"featured_media":9418,"template":"","meta":[],"product_brand":[],"product_cat":[44],"product_tag":[176,175,170,171,174,173,172],"class_list":{"0":"post-9415","1":"product","2":"type-product","3":"status-publish","4":"has-post-thumbnail","6":"product_cat-pantallas-y-lcds","7":"product_tag-automatizacion","8":"product_tag-hdmi","9":"product_tag-lcd","10":"product_tag-nextion","11":"product_tag-pantalla","12":"product_tag-rgb","13":"product_tag-touch","15":"first","16":"instock","17":"shipping-taxable","18":"purchasable","19":"product-type-simple"},"_links":{"self":[{"href":"https:\/\/novatronicec.com\/index.php\/wp-json\/wp\/v2\/product\/9415","targetHints":{"allow":["GET"]}}],"collection":[{"href":"https:\/\/novatronicec.com\/index.php\/wp-json\/wp\/v2\/product"}],"about":[{"href":"https:\/\/novatronicec.com\/index.php\/wp-json\/wp\/v2\/types\/product"}],"wp:featuredmedia":[{"embeddable":true,"href":"https:\/\/novatronicec.com\/index.php\/wp-json\/wp\/v2\/media\/9418"}],"wp:attachment":[{"href":"https:\/\/novatronicec.com\/index.php\/wp-json\/wp\/v2\/media?parent=9415"}],"wp:term":[{"taxonomy":"product_brand","embeddable":true,"href":"https:\/\/novatronicec.com\/index.php\/wp-json\/wp\/v2\/product_brand?post=9415"},{"taxonomy":"product_cat","embeddable":true,"href":"https:\/\/novatronicec.com\/index.php\/wp-json\/wp\/v2\/product_cat?post=9415"},{"taxonomy":"product_tag","embeddable":true,"href":"https:\/\/novatronicec.com\/index.php\/wp-json\/wp\/v2\/product_tag?post=9415"}],"curies":[{"name":"wp","href":"https:\/\/api.w.org\/{rel}","templated":true}]}}