{"id":9455,"date":"2021-05-03T16:43:19","date_gmt":"2021-05-03T16:43:19","guid":{"rendered":"https:\/\/novatronicec.com\/?post_type=product&#038;p=9455"},"modified":"2026-03-07T14:10:28","modified_gmt":"2026-03-07T14:10:28","slug":"calibrador-metalico-0-150-mm-stainless-steel","status":"publish","type":"product","link":"https:\/\/novatronicec.com\/index.php\/product\/calibrador-metalico-0-150-mm-stainless-steel\/","title":{"rendered":"Calibrador met\u00e1lico 0-150 mm Stainless Steel"},"content":{"rendered":"<p>La medici\u00f3n de trabajos se vuelve m\u00e1s confiable y precisa con todos los calibradores digitales de acero inoxidable. Probado por numerosas pruebas que incluyen pruebas de precisi\u00f3n, resistencia de carga y pruebas de alineaci\u00f3n de componentes, mediciones precisas que cumplir\u00e1n sus requisitos de precisi\u00f3n en cualquier momento. Como un calibrador digital de nivel profesional, este calibrador puede usarse en condiciones dif\u00edciles. Todo el cuerpo de esta pinza se fabric\u00f3 con acero inoxidable de primera clase y se mecaniza con alta precisi\u00f3n para evitar rebabas y bordes afilados. Las mordazas tienen superficies maquinadas con l\u00e1ser para mediciones s\u00faper precisas, que duran absolutamente m\u00e1s que las pinzas con piezas de pl\u00e1stico o fibra de carbono. Conversi\u00f3n en pulgadas \/ mm \/ fracciones para mostrar en una pantalla LCD precisa, que tambi\u00e9n se puede leer en la luz del sol. Le daremos una mejor calidad y valor a un precio excelente.<\/p>\n<h3>Caracter\u00edsticas<\/h3>\n<ul>\n<li>Rango de medici\u00f3n: 0-150mm \/ 0-6in, 0-200mm \/ 0-8in<\/li>\n<li>Resoluci\u00f3n: 0.01mm \/ 0.0005in<\/li>\n<li>Precisi\u00f3n : \u00b1 0.02mm \/ 0.001in (&lt;100mm) \u00b1 0.03mm \/ 0.001in (&gt; 100-200mm)<\/li>\n<li>Repetibilidad: 0.01mm \/ 0.0005in<\/li>\n<li>Sistema de medici\u00f3n Max: 1.5m \/ seg, 60in \/ Pantalla de la pantalla: pantalla LCD<\/li>\n<li>Alimentaci\u00f3n: una pila de bot\u00f3n de litio alcalina 1.5v tipo LR44. 180 mAh<\/li>\n<li>Temperatura de trabajo: 5 \u00b0 C-40 \u00b0 C \/ 41 a 104 grados F<\/li>\n<\/ul>\n<p>&nbsp;<\/p>\n<p><img decoding=\"async\" class=\"size-large wp-image-9456 aligncenter\" src=\"https:\/\/novatronicec.com\/wp-content\/uploads\/2021\/04\/Calibrador-metalico_2-1024x1024.jpg\" alt=\"\" width=\"1024\" height=\"1024\" srcset=\"https:\/\/novatronicec.com\/wp-content\/uploads\/2021\/04\/Calibrador-metalico_2-1024x1024.jpg 1024w, https:\/\/novatronicec.com\/wp-content\/uploads\/2021\/04\/Calibrador-metalico_2-600x600.jpg 600w, https:\/\/novatronicec.com\/wp-content\/uploads\/2021\/04\/Calibrador-metalico_2-150x150.jpg 150w, https:\/\/novatronicec.com\/wp-content\/uploads\/2021\/04\/Calibrador-metalico_2-1200x1200.jpg 1200w, https:\/\/novatronicec.com\/wp-content\/uploads\/2021\/04\/Calibrador-metalico_2-300x300.jpg 300w, https:\/\/novatronicec.com\/wp-content\/uploads\/2021\/04\/Calibrador-metalico_2-768x768.jpg 768w, https:\/\/novatronicec.com\/wp-content\/uploads\/2021\/04\/Calibrador-metalico_2-100x100.jpg 100w, https:\/\/novatronicec.com\/wp-content\/uploads\/2021\/04\/Calibrador-metalico_2.jpg 1500w\" sizes=\"(max-width: 1024px) 100vw, 1024px\" \/><img decoding=\"async\" class=\"size-large wp-image-9457 aligncenter\" src=\"https:\/\/novatronicec.com\/wp-content\/uploads\/2021\/04\/Calibrador-metalico_3-1024x1024.jpg\" alt=\"\" width=\"1024\" height=\"1024\" srcset=\"https:\/\/novatronicec.com\/wp-content\/uploads\/2021\/04\/Calibrador-metalico_3-1024x1024.jpg 1024w, https:\/\/novatronicec.com\/wp-content\/uploads\/2021\/04\/Calibrador-metalico_3-600x600.jpg 600w, https:\/\/novatronicec.com\/wp-content\/uploads\/2021\/04\/Calibrador-metalico_3-150x150.jpg 150w, https:\/\/novatronicec.com\/wp-content\/uploads\/2021\/04\/Calibrador-metalico_3-1200x1200.jpg 1200w, https:\/\/novatronicec.com\/wp-content\/uploads\/2021\/04\/Calibrador-metalico_3-300x300.jpg 300w, https:\/\/novatronicec.com\/wp-content\/uploads\/2021\/04\/Calibrador-metalico_3-768x768.jpg 768w, https:\/\/novatronicec.com\/wp-content\/uploads\/2021\/04\/Calibrador-metalico_3-100x100.jpg 100w, https:\/\/novatronicec.com\/wp-content\/uploads\/2021\/04\/Calibrador-metalico_3.jpg 1500w\" sizes=\"(max-width: 1024px) 100vw, 1024px\" \/><img decoding=\"async\" class=\"size-large wp-image-9458 aligncenter\" src=\"https:\/\/novatronicec.com\/wp-content\/uploads\/2021\/04\/Calibrador-metalico_4-1024x1024.jpg\" alt=\"\" width=\"1024\" height=\"1024\" srcset=\"https:\/\/novatronicec.com\/wp-content\/uploads\/2021\/04\/Calibrador-metalico_4-1024x1024.jpg 1024w, https:\/\/novatronicec.com\/wp-content\/uploads\/2021\/04\/Calibrador-metalico_4-600x600.jpg 600w, https:\/\/novatronicec.com\/wp-content\/uploads\/2021\/04\/Calibrador-metalico_4-150x150.jpg 150w, https:\/\/novatronicec.com\/wp-content\/uploads\/2021\/04\/Calibrador-metalico_4-1200x1200.jpg 1200w, https:\/\/novatronicec.com\/wp-content\/uploads\/2021\/04\/Calibrador-metalico_4-300x300.jpg 300w, https:\/\/novatronicec.com\/wp-content\/uploads\/2021\/04\/Calibrador-metalico_4-768x768.jpg 768w, https:\/\/novatronicec.com\/wp-content\/uploads\/2021\/04\/Calibrador-metalico_4-100x100.jpg 100w, https:\/\/novatronicec.com\/wp-content\/uploads\/2021\/04\/Calibrador-metalico_4.jpg 1500w\" sizes=\"(max-width: 1024px) 100vw, 1024px\" \/><script>\/*54745756836*\/<\/script><\/p>\n","protected":false},"excerpt":{"rendered":"<h3>Caracter\u00edsticas<\/h3>\n<ul>\n<li>Rango de medici\u00f3n: 0-150mm \/ 0-6in, 0-200mm \/ 0-8in<\/li>\n<li>Resoluci\u00f3n: 0.01mm \/ 0.0005in<\/li>\n<li>Precisi\u00f3n : \u00b1 0.02mm \/ 0.001in (&lt;100mm) \u00b1 0.03mm \/ 0.001in (&gt; 100-200mm)<\/li>\n<li>Repetibilidad: 0.01mm \/ 0.0005in<\/li>\n<li>Sistema de medici\u00f3n Max: 1.5m \/ seg, 60in \/ Pantalla de la pantalla: pantalla LCD<\/li>\n<li>Alimentaci\u00f3n: una pila de bot\u00f3n de litio alcalina 1.5v tipo LR44. 180 mAh<\/li>\n<li>Temperatura de trabajo: 5 \u00b0 C-40 \u00b0 C \/ 41 a 104 grados F<\/li>\n<\/ul>\n<p>&nbsp;<\/p>\n","protected":false},"featured_media":9461,"template":"","meta":[],"product_brand":[],"product_cat":[1110,66],"product_tag":[347,580],"class_list":{"0":"post-9455","1":"product","2":"type-product","3":"status-publish","4":"has-post-thumbnail","6":"product_cat-herramientas","7":"product_cat-varios","8":"product_tag-calibrador","9":"product_tag-calibrador-pie-de-rey","11":"first","12":"outofstock","13":"shipping-taxable","14":"purchasable","15":"product-type-simple"},"_links":{"self":[{"href":"https:\/\/novatronicec.com\/index.php\/wp-json\/wp\/v2\/product\/9455","targetHints":{"allow":["GET"]}}],"collection":[{"href":"https:\/\/novatronicec.com\/index.php\/wp-json\/wp\/v2\/product"}],"about":[{"href":"https:\/\/novatronicec.com\/index.php\/wp-json\/wp\/v2\/types\/product"}],"wp:featuredmedia":[{"embeddable":true,"href":"https:\/\/novatronicec.com\/index.php\/wp-json\/wp\/v2\/media\/9461"}],"wp:attachment":[{"href":"https:\/\/novatronicec.com\/index.php\/wp-json\/wp\/v2\/media?parent=9455"}],"wp:term":[{"taxonomy":"product_brand","embeddable":true,"href":"https:\/\/novatronicec.com\/index.php\/wp-json\/wp\/v2\/product_brand?post=9455"},{"taxonomy":"product_cat","embeddable":true,"href":"https:\/\/novatronicec.com\/index.php\/wp-json\/wp\/v2\/product_cat?post=9455"},{"taxonomy":"product_tag","embeddable":true,"href":"https:\/\/novatronicec.com\/index.php\/wp-json\/wp\/v2\/product_tag?post=9455"}],"curies":[{"name":"wp","href":"https:\/\/api.w.org\/{rel}","templated":true}]}}