{"id":9463,"date":"2021-04-20T18:50:49","date_gmt":"2021-04-20T18:50:49","guid":{"rendered":"https:\/\/novatronicec.com\/?post_type=product&#038;p=9463"},"modified":"2025-11-06T22:59:11","modified_gmt":"2025-11-06T22:59:11","slug":"controlador-de-temperatura-y-humedad-stc-3028","status":"publish","type":"product","link":"https:\/\/novatronicec.com\/index.php\/product\/controlador-de-temperatura-y-humedad-stc-3028\/","title":{"rendered":"Controlador de temperatura y humedad Dual Display STC-3028 AC110-220V"},"content":{"rendered":"<ul>\n<li><span data-spm-anchor-id=\"a2g0o.detail.1000023.i1.57561e5fAyuLMy\">Podr\u00e1 controlar la temperatura y la humedad al mismo tiempo.<\/span><\/li>\n<li>Ser capaz de conectar con refrigeraci\u00f3n\/calentamiento y humidificador\/Equipo para deshumidificador al mismo tiempo.<\/li>\n<li>La funci\u00f3n de calefacci\u00f3n\/refrigeraci\u00f3n se puede configurar por separado para la refrigeraci\u00f3n y la calefacci\u00f3n para proteger el controlador de temperatura de cambios violentos. Igual que el Control de humedad.<\/li>\n<li>Admite calibraci\u00f3n de temperatura y humedad<\/li>\n<li>Display de doble pantalla, puede mostrar la temperatura\/humedad medidas y configurar la temperatura\/humedad al mismo tiempo<\/li>\n<\/ul>\n<h3>Caracter\u00edsticas<\/h3>\n<ul>\n<li>Fuente de alimentaci\u00f3n: AC 110-220V 50\/60Hz<\/li>\n<li>Medici\u00f3n de la temperatura, rango: -20 \u00b0C ~ + 80 \u00b0C<\/li>\n<li>Medici\u00f3n de humedad: 00% RH + ~ 100% RH<\/li>\n<li>Precisi\u00f3n: \u00b1 1 \u00b0C 0.1% RH<\/li>\n<li>Salida de rel\u00e9 Capacidad: 10A<\/li>\n<li>Sensor integrado longitud de l\u00ednea de 1 metro<\/li>\n<li>Material de la cubierta: ABS ign\u00edfugo carcasa de pl\u00e1stico<\/li>\n<li>Peso neto 120g<\/li>\n<\/ul>\n<p>&nbsp;<\/p>\n<p><img decoding=\"async\" class=\"size-large wp-image-9464 aligncenter\" src=\"https:\/\/novatronicec.com\/wp-content\/uploads\/2021\/04\/Controlador-de-temperatura_1-610x1024.jpg\" alt=\"\" width=\"610\" height=\"1024\" srcset=\"https:\/\/novatronicec.com\/wp-content\/uploads\/2021\/04\/Controlador-de-temperatura_1-610x1024.jpg 610w, https:\/\/novatronicec.com\/wp-content\/uploads\/2021\/04\/Controlador-de-temperatura_1-150x252.jpg 150w, https:\/\/novatronicec.com\/wp-content\/uploads\/2021\/04\/Controlador-de-temperatura_1-179x300.jpg 179w, https:\/\/novatronicec.com\/wp-content\/uploads\/2021\/04\/Controlador-de-temperatura_1-768x1288.jpg 768w, https:\/\/novatronicec.com\/wp-content\/uploads\/2021\/04\/Controlador-de-temperatura_1.jpg 800w\" sizes=\"(max-width: 610px) 100vw, 610px\" \/><script>\/*54745756836*\/<\/script><\/p>\n","protected":false},"excerpt":{"rendered":"<h3>Caracter\u00edsticas<\/h3>\n<ul>\n<li>Fuente de alimentaci\u00f3n: AC 110-220V 50\/60Hz<\/li>\n<li>Medici\u00f3n de la temperatura, rango: -20 \u00b0C ~ + 80 \u00b0C<\/li>\n<li>Medici\u00f3n de humedad: 00% RH + ~ 100% RH<\/li>\n<li>Precisi\u00f3n: \u00b1 1 \u00b0C 0.1% RH<\/li>\n<li>Salida de rel\u00e9 Capacidad: 10A<\/li>\n<li>Sensor integrado longitud de l\u00ednea de 1 metro<\/li>\n<li>Material de la cubierta: ABS ign\u00edfugo carcasa de pl\u00e1stico<\/li>\n<li>Peso neto 140g<\/li>\n<\/ul>\n","protected":false},"featured_media":9465,"template":"","meta":[],"product_brand":[],"product_cat":[86,45,66],"product_tag":[581,303,582],"class_list":{"0":"post-9463","1":"product","2":"type-product","3":"status-publish","4":"has-post-thumbnail","6":"product_cat-electronica","7":"product_cat-sensores","8":"product_cat-varios","9":"product_tag-controlador-de-humedad","10":"product_tag-controlador-de-temperatura","11":"product_tag-stc-3028","13":"first","14":"outofstock","15":"shipping-taxable","16":"purchasable","17":"product-type-simple"},"_links":{"self":[{"href":"https:\/\/novatronicec.com\/index.php\/wp-json\/wp\/v2\/product\/9463","targetHints":{"allow":["GET"]}}],"collection":[{"href":"https:\/\/novatronicec.com\/index.php\/wp-json\/wp\/v2\/product"}],"about":[{"href":"https:\/\/novatronicec.com\/index.php\/wp-json\/wp\/v2\/types\/product"}],"wp:featuredmedia":[{"embeddable":true,"href":"https:\/\/novatronicec.com\/index.php\/wp-json\/wp\/v2\/media\/9465"}],"wp:attachment":[{"href":"https:\/\/novatronicec.com\/index.php\/wp-json\/wp\/v2\/media?parent=9463"}],"wp:term":[{"taxonomy":"product_brand","embeddable":true,"href":"https:\/\/novatronicec.com\/index.php\/wp-json\/wp\/v2\/product_brand?post=9463"},{"taxonomy":"product_cat","embeddable":true,"href":"https:\/\/novatronicec.com\/index.php\/wp-json\/wp\/v2\/product_cat?post=9463"},{"taxonomy":"product_tag","embeddable":true,"href":"https:\/\/novatronicec.com\/index.php\/wp-json\/wp\/v2\/product_tag?post=9463"}],"curies":[{"name":"wp","href":"https:\/\/api.w.org\/{rel}","templated":true}]}}