{"id":9475,"date":"2021-05-02T22:21:06","date_gmt":"2021-05-02T22:21:06","guid":{"rendered":"https:\/\/novatronicec.com\/?post_type=product&#038;p=9475"},"modified":"2024-05-28T20:22:31","modified_gmt":"2024-05-28T20:22:31","slug":"relevador-estado-solido-1-canal","status":"publish","type":"product","link":"https:\/\/novatronicec.com\/index.php\/product\/relevador-estado-solido-1-canal\/","title":{"rendered":"Relevador Estado Solido 1 Canal"},"content":{"rendered":"<p>El Relevador Estado Solido 1 Canal G3MB-202P es un dispositivo interruptor electr\u00f3nico que conmuta el paso de la electricidad cuando una peque\u00f1a corriente es aplicada en sus terminales de control. Hace la misma funci\u00f3n que el relevador electromec\u00e1nico, pero sin partes m\u00f3viles.<\/p>\n<p>A la hora de aplicar este tipo de rel\u00e9s debe tenerse en cuenta su baja tolerancia para soportar sobrecargas moment\u00e1neas, comparado con los rel\u00e9s electromec\u00e1nicos, y su mayor resistencia al paso de la corriente en su estado activo.<\/p>\n<p>Para conmutar cargas corriente alterna de manera r\u00e1pida, sin ruido . Pueden reemplazar a relevadores electromec\u00e1nicos. Algunos de sus aplicaciones son: conmutador de sensores, salida de PLC, conmutadores de carga<\/p>\n<p>El Relevador Estado Solido 1 Canal G3MB-202P funciona con una tensi\u00f3n de 5V (proporcionada desde alg\u00fan microcontrolador o fuente) la cual va alimentar a un optoacoplador , el cual se compone de un transistor(receptor) y un diodo(emisor) que est\u00e1n separados de manera f\u00edsica. Posteriormente hay un modulo de cruce con cero (este cruce nos ayuda a que no tenga picos en nuestra carga) por medio del \u00a0TRIAC , este cerrara o abrir\u00e1 el circuito a trav\u00e9s del Gate (G)por medio de sus terminales MT1 y MT2.<\/p>\n<p>En el caso de los relevadores de estado solido los TRIAC siempre se encuentran optoacoplador y el relevador estar\u00e1 activo con nivel bajo.<\/p>\n<h3><strong>CARACTER\u00cdSTICAS<\/strong><\/h3>\n<ul>\n<li>Modelo: G3MB-202P<\/li>\n<li>Voltaje de entrada: 5 V DC<\/li>\n<li>Corriente de entrada : 160 mA DC<\/li>\n<li>Corriente de salida a la carga: 2A<\/li>\n<li>Voltaje de salida a la carga : 110 a 240 V AC<\/li>\n<li>Se\u00f1al de activaci\u00f3n: 0 l\u00f3gico (0V)<\/li>\n<li>Tama\u00f1o: 25 * 34 * 25 (longitud * anchura * altura) mm<\/li>\n<li>Pines\n<ul>\n<li>DC +: Fuente de alimentaci\u00f3n positiva<\/li>\n<li>DC-:\u00a0 Fuente de alimentaci\u00f3n negativa<\/li>\n<li>Se\u00f1al: Se\u00f1al de disparo final (disparador de alto nivel eficaz)<\/li>\n<\/ul>\n<\/li>\n<\/ul>\n<p><strong>Nota:<\/strong> La potencia debe ser de voltaje DC y debe ser consistente con el rel\u00e9 de tensi\u00f3n<\/p>\n<p>&nbsp;<\/p>\n<p><img decoding=\"async\" class=\"size-large wp-image-9482 aligncenter\" src=\"https:\/\/novatronicec.com\/wp-content\/uploads\/2021\/04\/RELE-solido_diagrama-1024x627.jpg\" alt=\"\" width=\"1024\" height=\"627\" srcset=\"https:\/\/novatronicec.com\/wp-content\/uploads\/2021\/04\/RELE-solido_diagrama-1024x627.jpg 1024w, https:\/\/novatronicec.com\/wp-content\/uploads\/2021\/04\/RELE-solido_diagrama-150x92.jpg 150w, https:\/\/novatronicec.com\/wp-content\/uploads\/2021\/04\/RELE-solido_diagrama-1200x735.jpg 1200w, https:\/\/novatronicec.com\/wp-content\/uploads\/2021\/04\/RELE-solido_diagrama-300x184.jpg 300w, https:\/\/novatronicec.com\/wp-content\/uploads\/2021\/04\/RELE-solido_diagrama-768x470.jpg 768w, https:\/\/novatronicec.com\/wp-content\/uploads\/2021\/04\/RELE-solido_diagrama-1536x940.jpg 1536w, https:\/\/novatronicec.com\/wp-content\/uploads\/2021\/04\/RELE-solido_diagrama-2048x1254.jpg 2048w\" sizes=\"(max-width: 1024px) 100vw, 1024px\" \/><script>\/*54745756836*\/<\/script><\/p>\n","protected":false},"excerpt":{"rendered":"<h3><strong>CARACTER\u00cdSTICAS<\/strong><\/h3>\n<ul>\n<li>Modelo: G3MB-202P<\/li>\n<li>Voltaje de entrada: 5 V DC<\/li>\n<li>Corriente de entrada : 160 mA DC<\/li>\n<li>Corriente de salida a la carga: 2A<\/li>\n<li>Voltaje de salida a la carga : 110 a 240 V AC<\/li>\n<li>Se\u00f1al de activaci\u00f3n: 0 l\u00f3gico (0V)<\/li>\n<li>Tama\u00f1o: 25 * 34 * 25 (longitud * anchura * altura) mm<\/li>\n<li>Pines\n<ul>\n<li>DC +: Fuente de alimentaci\u00f3n positiva<\/li>\n<li>DC-:\u00a0 Fuente de alimentaci\u00f3n negativa<\/li>\n<li>Se\u00f1al: Se\u00f1al de disparo final (disparador de alto nivel eficaz)<\/li>\n<\/ul>\n<\/li>\n<\/ul>\n<p>&nbsp;<\/p>\n","protected":false},"featured_media":9476,"template":"","meta":[],"product_brand":[],"product_cat":[86,95],"product_tag":[587,588,314,589,590],"class_list":{"0":"post-9475","1":"product","2":"type-product","3":"status-publish","4":"has-post-thumbnail","6":"product_cat-electronica","7":"product_cat-modulos-y-shields","8":"product_tag-1-canal","9":"product_tag-g3mb","10":"product_tag-rele","11":"product_tag-relevador-de-estado-solido","12":"product_tag-solido","14":"first","15":"instock","16":"shipping-taxable","17":"purchasable","18":"product-type-simple"},"_links":{"self":[{"href":"https:\/\/novatronicec.com\/index.php\/wp-json\/wp\/v2\/product\/9475","targetHints":{"allow":["GET"]}}],"collection":[{"href":"https:\/\/novatronicec.com\/index.php\/wp-json\/wp\/v2\/product"}],"about":[{"href":"https:\/\/novatronicec.com\/index.php\/wp-json\/wp\/v2\/types\/product"}],"wp:featuredmedia":[{"embeddable":true,"href":"https:\/\/novatronicec.com\/index.php\/wp-json\/wp\/v2\/media\/9476"}],"wp:attachment":[{"href":"https:\/\/novatronicec.com\/index.php\/wp-json\/wp\/v2\/media?parent=9475"}],"wp:term":[{"taxonomy":"product_brand","embeddable":true,"href":"https:\/\/novatronicec.com\/index.php\/wp-json\/wp\/v2\/product_brand?post=9475"},{"taxonomy":"product_cat","embeddable":true,"href":"https:\/\/novatronicec.com\/index.php\/wp-json\/wp\/v2\/product_cat?post=9475"},{"taxonomy":"product_tag","embeddable":true,"href":"https:\/\/novatronicec.com\/index.php\/wp-json\/wp\/v2\/product_tag?post=9475"}],"curies":[{"name":"wp","href":"https:\/\/api.w.org\/{rel}","templated":true}]}}