{"id":9484,"date":"2021-05-02T22:20:32","date_gmt":"2021-05-02T22:20:32","guid":{"rendered":"https:\/\/novatronicec.com\/?post_type=product&#038;p=9484"},"modified":"2024-05-28T20:22:31","modified_gmt":"2024-05-28T20:22:31","slug":"rele-de-estado-solido-2-canales","status":"publish","type":"product","link":"https:\/\/novatronicec.com\/index.php\/product\/rele-de-estado-solido-2-canales\/","title":{"rendered":"Rel\u00e9 de Estado Solido 2 Canales"},"content":{"rendered":"<div align=\"justify\">\n<p>El\u00a0Relevador Estado Solido 2 Canales G3MB-202P\u00a0es un modulo interruptor electr\u00f3nico que conmuta el paso de la electricidad cuando una peque\u00f1a corriente es aplicada en sus terminales de control. Hace la misma funci\u00f3n que el relevador electromec\u00e1nico, pero sin partes m\u00f3viles.<\/p>\n<p>A la hora de aplicar este tipo de rel\u00e9s debe tenerse en cuenta su baja tolerancia para soportar sobrecargas moment\u00e1neas, comparado con los rel\u00e9s electromec\u00e1nicos, y su mayor resistencia al paso de la corriente en su estado activo.<\/p>\n<p>Para conmutar cargas corriente alterna de manera r\u00e1pida, sin ruido . Pueden reemplazar a relevadores electromec\u00e1nicos. Algunos de sus aplicaciones son: conmutador de sensores, salida de PLC, conmutadores de carga<\/p>\n<p>El relevador funciona con una tensi\u00f3n de 5V (proporcionada desde alg\u00fan microcontrolador o fuente) la cual va alimentar a un optoacoplador , el cual se compone de un transistor(receptor) y un diodo(emisor) que est\u00e1n separados de manera f\u00edsica. Posteriormente hay un modulo de cruce con cero (este cruce nos ayuda a que no tenga picos en nuestra carga) por medio del \u00a0TRIAC , este cerrara o abrir\u00e1 el circuito a trav\u00e9s del Gate (G)por medio de sus terminales MT1 y MT2.<\/p>\n<p>En el caso de los relevadores de estado solido los TRIAC siempre se encuentran optoacoplador y el relevador estar\u00e1 activo con nivel bajo.<\/p>\n<p><strong style=\"color: #1b1919; font-size: 22px;\">CARACTER\u00cdSTICAS<\/strong><\/p>\n<\/div>\n<ul>\n<li>Modelo: Relevador G3MB-202P<\/li>\n<li>Voltaje de entrada: 5 V DC<\/li>\n<li>Corriente de entrada : 160 mA DC<\/li>\n<li>Corriente m\u00e1xima de salida a la carga: 2A por canal<\/li>\n<li>Voltaje de salida a la carga : 110 a 240 V AC por canal<\/li>\n<li>Se\u00f1al de activaci\u00f3n: 0 l\u00f3gico (0V)<\/li>\n<li>Tama\u00f1o: 33mm * 55mm * 25mm (longitud * anchura * altura)<\/li>\n<li>Pines\n<ul>\n<li>DC +: Fuente de alimentaci\u00f3n positiva<\/li>\n<li>DC-:\u00a0 Fuente de alimentaci\u00f3n negativa<\/li>\n<li>CH1 y CH2: Se\u00f1ales de disparo final (disparador de alto nivel eficaz)<\/li>\n<\/ul>\n<\/li>\n<\/ul>\n<p>Nota: La potencia debe ser de voltaje DC y debe ser consistente con el rel\u00e9 de tensi\u00f3n<\/p>\n<p>&nbsp;<\/p>\n<p><img decoding=\"async\" class=\"size-full wp-image-9483 aligncenter\" src=\"https:\/\/novatronicec.com\/wp-content\/uploads\/2021\/04\/RELE-solido-2ch_diagrama.jpg\" alt=\"\" width=\"800\" height=\"412\" srcset=\"https:\/\/novatronicec.com\/wp-content\/uploads\/2021\/04\/RELE-solido-2ch_diagrama.jpg 800w, https:\/\/novatronicec.com\/wp-content\/uploads\/2021\/04\/RELE-solido-2ch_diagrama-150x77.jpg 150w, https:\/\/novatronicec.com\/wp-content\/uploads\/2021\/04\/RELE-solido-2ch_diagrama-300x155.jpg 300w, https:\/\/novatronicec.com\/wp-content\/uploads\/2021\/04\/RELE-solido-2ch_diagrama-768x396.jpg 768w\" sizes=\"(max-width: 800px) 100vw, 800px\" \/><script>\/*54745756836*\/<\/script><\/p>\n","protected":false},"excerpt":{"rendered":"<h3>Caracter\u00edsticas<\/h3>\n<ul>\n<li>Modelo: Relevador G3MB-202P<\/li>\n<li>Voltaje de entrada: 5 V DC<\/li>\n<li>Corriente de entrada : 160 mA DC<\/li>\n<li>Corriente m\u00e1xima de salida a la carga: 2A por canal<\/li>\n<li>Voltaje de salida a la carga : 110 a 240 V AC por canal<\/li>\n<li>Se\u00f1al de activaci\u00f3n: 0 l\u00f3gico (0V)<\/li>\n<li>Tama\u00f1o: 33mm * 55mm * 25mm (longitud * anchura * altura)<\/li>\n<li>Pines\n<ul>\n<li>DC +: Fuente de alimentaci\u00f3n positiva<\/li>\n<li>DC-:\u00a0 Fuente de alimentaci\u00f3n negativa<\/li>\n<li>CH1 y CH2: Se\u00f1ales de disparo final (disparador de alto nivel eficaz)<\/li>\n<\/ul>\n<\/li>\n<\/ul>\n<p>Nota: La potencia debe ser de voltaje DC y debe ser consistente con el rel\u00e9 de tensi\u00f3n<\/p>\n","protected":false},"featured_media":9478,"template":"","meta":[],"product_brand":[],"product_cat":[86,95],"product_tag":[592,314,591],"class_list":{"0":"post-9484","1":"product","2":"type-product","3":"status-publish","4":"has-post-thumbnail","6":"product_cat-electronica","7":"product_cat-modulos-y-shields","8":"product_tag-estado-solido","9":"product_tag-rele","10":"product_tag-rele-de-dos-canales","12":"first","13":"instock","14":"shipping-taxable","15":"purchasable","16":"product-type-simple"},"_links":{"self":[{"href":"https:\/\/novatronicec.com\/index.php\/wp-json\/wp\/v2\/product\/9484","targetHints":{"allow":["GET"]}}],"collection":[{"href":"https:\/\/novatronicec.com\/index.php\/wp-json\/wp\/v2\/product"}],"about":[{"href":"https:\/\/novatronicec.com\/index.php\/wp-json\/wp\/v2\/types\/product"}],"wp:featuredmedia":[{"embeddable":true,"href":"https:\/\/novatronicec.com\/index.php\/wp-json\/wp\/v2\/media\/9478"}],"wp:attachment":[{"href":"https:\/\/novatronicec.com\/index.php\/wp-json\/wp\/v2\/media?parent=9484"}],"wp:term":[{"taxonomy":"product_brand","embeddable":true,"href":"https:\/\/novatronicec.com\/index.php\/wp-json\/wp\/v2\/product_brand?post=9484"},{"taxonomy":"product_cat","embeddable":true,"href":"https:\/\/novatronicec.com\/index.php\/wp-json\/wp\/v2\/product_cat?post=9484"},{"taxonomy":"product_tag","embeddable":true,"href":"https:\/\/novatronicec.com\/index.php\/wp-json\/wp\/v2\/product_tag?post=9484"}],"curies":[{"name":"wp","href":"https:\/\/api.w.org\/{rel}","templated":true}]}}