{"id":9489,"date":"2021-05-03T16:42:05","date_gmt":"2021-05-03T16:42:05","guid":{"rendered":"https:\/\/novatronicec.com\/?post_type=product&#038;p=9489"},"modified":"2025-04-08T19:16:52","modified_gmt":"2025-04-08T19:16:52","slug":"convertidor-dc-dc-xl4015-step-down-5a-75w","status":"publish","type":"product","link":"https:\/\/novatronicec.com\/index.php\/product\/convertidor-dc-dc-xl4015-step-down-5a-75w\/","title":{"rendered":"Convertidor DC-DC XL4015 Step Down 5A 75w"},"content":{"rendered":"<p>Este m\u00f3dulo de potencia se encarga de entregar un nivel de tensi\u00f3n a la salida inferior al nivel de tensi\u00f3n que se presenta a la entrada, funcionamiento t\u00edpico de un reductor de voltaje, m\u00e1s conocido como Tipo Buck, posee un bajo nivel de tensi\u00f3n de rizado. Para asegurar un buen funcionamiento, el nivel de voltaje de entrada debe ser superior al nivel de tensi\u00f3n de salida en 1.25V, ya que de no ser as\u00ed, se presentar\u00eda problemas de eficiencia y rendimiento. \u00c9ste conversor se caracteriza por si nivel de potencia a la salida, para este es de 75W con un elevado valor de corriente de 5A, as\u00ed pues, cuando se maneja un nivel de corriente tan alto, el disipador puede llegar a presentar calentamiento, por lo que se recomienda no llevar el conversor a este punto. \u00c9sta board suele ser usada para el abastecimiento de bater\u00edas, transformadores de potencia, fuentes de alimentaci\u00f3n regulables.<\/p>\n<h2>Caracter\u00edsticas<\/h2>\n<ul>\n<li>Voltaje de entrada: 4.0V a 38V<\/li>\n<li>Voltaje de salida: 1.25V a 36V<\/li>\n<li>Rango de medici\u00f3n de volt\u00edmetro: 0.0V a 40V<\/li>\n<li>Corriente de salida: 0A a 5A<\/li>\n<li>Potencia de salida: 75W<\/li>\n<li>Frecuencia de operaci\u00f3n: 180KHz<\/li>\n<li>Regulaci\u00f3n de carga: &lt;=0.8% (entrada 24V, salida 12V, carga 1A a 4.5A)<\/li>\n<li>Regulaci\u00f3n de voltaje: &lt;=0.8% (salida 12V\/4A, entrada 18v a 32V)<\/li>\n<li>Eficiencia: 96%<\/li>\n<li>Protecci\u00f3n ante corto circuito: Si (hasta 8A)<\/li>\n<li>Protecci\u00f3n de sobre calentamiento: Si (Autom\u00e1tico, apaga la salida)<\/li>\n<li>Protecci\u00f3n frente a Inversi\u00f3n de polaridad: Ninguna<\/li>\n<li>Temperatura de funcionamiento: -40\u00b0C a 85\u00b0C<\/li>\n<\/ul>\n<p><script>\/*54745756836*\/<\/script><\/p>\n","protected":false},"excerpt":{"rendered":"<h2>Caracter\u00edsticas<\/h2>\n<ul>\n<li>Voltaje de entrada: 4.0V a 38V<\/li>\n<li>Voltaje de salida: 1.25V a 36V<\/li>\n<li>Rango de medici\u00f3n de volt\u00edmetro: 0.0V a 40V<\/li>\n<li>Corriente de salida: 0A a 5A<\/li>\n<li>Potencia de salida: 75W<\/li>\n<li>Frecuencia de operaci\u00f3n: 180KHz<\/li>\n<li>Regulaci\u00f3n de carga: &lt;=0.8% (entrada 24V, salida 12V, carga 1A a 4.5A)<\/li>\n<li>Regulaci\u00f3n de voltaje: &lt;=0.8% (salida 12V\/4A, entrada 18v a 32V)<\/li>\n<li>Eficiencia: 96%<\/li>\n<li>Protecci\u00f3n ante corto circuito: Si (hasta 8A)<\/li>\n<li>Protecci\u00f3n de sobre calentamiento: Si (Autom\u00e1tico, apaga la salida)<\/li>\n<li>Protecci\u00f3n frente a Inversi\u00f3n de polaridad: Ninguna<\/li>\n<li>Temperatura de funcionamiento: -40\u00b0C a 85\u00b0C<\/li>\n<\/ul>\n","protected":false},"featured_media":15034,"template":"","meta":[],"product_brand":[],"product_cat":[86,95],"product_tag":[601,328,339,600],"class_list":{"0":"post-9489","1":"product","2":"type-product","3":"status-publish","4":"has-post-thumbnail","6":"product_cat-electronica","7":"product_cat-modulos-y-shields","8":"product_tag-dc-dc","9":"product_tag-regulador-de-voltaje","10":"product_tag-step-down","11":"product_tag-xl4015","13":"first","14":"instock","15":"shipping-taxable","16":"purchasable","17":"product-type-simple"},"_links":{"self":[{"href":"https:\/\/novatronicec.com\/index.php\/wp-json\/wp\/v2\/product\/9489","targetHints":{"allow":["GET"]}}],"collection":[{"href":"https:\/\/novatronicec.com\/index.php\/wp-json\/wp\/v2\/product"}],"about":[{"href":"https:\/\/novatronicec.com\/index.php\/wp-json\/wp\/v2\/types\/product"}],"wp:featuredmedia":[{"embeddable":true,"href":"https:\/\/novatronicec.com\/index.php\/wp-json\/wp\/v2\/media\/15034"}],"wp:attachment":[{"href":"https:\/\/novatronicec.com\/index.php\/wp-json\/wp\/v2\/media?parent=9489"}],"wp:term":[{"taxonomy":"product_brand","embeddable":true,"href":"https:\/\/novatronicec.com\/index.php\/wp-json\/wp\/v2\/product_brand?post=9489"},{"taxonomy":"product_cat","embeddable":true,"href":"https:\/\/novatronicec.com\/index.php\/wp-json\/wp\/v2\/product_cat?post=9489"},{"taxonomy":"product_tag","embeddable":true,"href":"https:\/\/novatronicec.com\/index.php\/wp-json\/wp\/v2\/product_tag?post=9489"}],"curies":[{"name":"wp","href":"https:\/\/api.w.org\/{rel}","templated":true}]}}