{"id":9493,"date":"2021-05-03T17:10:22","date_gmt":"2021-05-03T17:10:22","guid":{"rendered":"https:\/\/novatronicec.com\/?post_type=product&#038;p=9493"},"modified":"2025-01-28T22:53:50","modified_gmt":"2025-01-28T22:53:50","slug":"elevador-de-voltaje-boost-step-up-100w-5a-con-display","status":"publish","type":"product","link":"https:\/\/novatronicec.com\/index.php\/product\/elevador-de-voltaje-boost-step-up-100w-5a-con-display\/","title":{"rendered":"Elevador de Voltaje Boost Step Up 100W 5A Con Display"},"content":{"rendered":"<div align=\"justify\">\n<p>El LTC1871 es un elevador de voltaje (Step-Up o Boost) de alta potencia que por medio de la regulaci\u00f3n se puede obtener voltajes entre 4V \u2013 35V a partir de una fuente con un voltaje inferior, esta integrado en un m\u00f3dulo que incluye un medidor de voltaje (entrada\/salida), leds indicadores de potencia, potenci\u00f3metro de ajuste de voltaje y un display para observar el voltaje de salida requerido\u00a0 con una alta eficiencia de conversi\u00f3n, excelente regulaci\u00f3n de l\u00ednea y bajo voltaje de rizado de DC a DC.<\/p>\n<p>Cuenta con MOSFET de alta potencia y baja resistencia y alta eficiencia Schottky, las pistas robustas del PCB, es una garant\u00eda de aumento de alta potencia y baja temperatura.<\/p>\n<p>Como fuente de alimentaci\u00f3n para una variedad de productos digitales, por ejemplo: obtener 5V o 12V a partir de una bater\u00eda de litio de 3.7V.<\/p>\n<\/div>\n<h3><strong>CARACTER\u00cdSTICAS<\/strong><\/h3>\n<ul>\n<li>Voltaje\n<ul>\n<li>De Entrada: 3V a 35V DC<\/li>\n<li>De salida: 3.5V a 35V DC<\/li>\n<\/ul>\n<\/li>\n<li>Corriente M\u00e1xima\n<ul>\n<li>De entrada : 7A<\/li>\n<li>Salida: 5A<\/li>\n<\/ul>\n<\/li>\n<li>Potencia de salida: 75 W<\/li>\n<li>Eficiencia de conversi\u00f3n: 96% (m\u00e1ximo)<\/li>\n<li>Rango de Volt\u00edmetro: 4V a 40V\n<ul>\n<li>Error: \u00b10. 1 V<\/li>\n<\/ul>\n<\/li>\n<li>Protecci\u00f3n de Corto: S\u00ed (corriente l\u00edmite 14A)<\/li>\n<li>Protecci\u00f3n de Polaridad Inversa de Entrada: Ninguno<\/li>\n<li>Dimensiones: 67mm x 42 mm x 12 mm<\/li>\n<li>Peso: 38g<\/li>\n<\/ul>\n<h3><strong>DOCUMENTACI\u00d3N Y RECURSOS<\/strong><\/h3>\n<ul>\n<li><a href=\"https:\/\/2653vv2fz8mg3wr99k44dygo-wpengine.netdna-ssl.com\/wp-content\/uploads\/2017\/06\/AR0080-LTC1871-Elevador-de-Voltaje-4.jpg\" target=\"_blank\" rel=\"noopener\">Pinout<\/a><\/li>\n<\/ul>\n<h4><strong>Datasheet<\/strong><\/h4>\n<ul>\n<li><a href=\"https:\/\/2653vv2fz8mg3wr99k44dygo-wpengine.netdna-ssl.com\/wp-content\/uploads\/2017\/06\/LTC1871-DATA.pdf\" target=\"_blank\" rel=\"noopener\">Boost- LTC1871<\/a><\/li>\n<li><a href=\"https:\/\/2653vv2fz8mg3wr99k44dygo-wpengine.netdna-ssl.com\/wp-content\/uploads\/2017\/06\/AOB4184-MOSFET.pdf\" target=\"_blank\" rel=\"noopener\">MOSFET -AOB4184<\/a><\/li>\n<li><a href=\"https:\/\/2653vv2fz8mg3wr99k44dygo-wpengine.netdna-ssl.com\/wp-content\/uploads\/2017\/06\/SD1008CS-rectificador-s.pdf\" target=\"_blank\" rel=\"noopener\">Barrera Schottky-SD1020CS<\/a><\/li>\n<\/ul>\n<h3><strong>INFORMACI\u00d3N ADICIONAL<\/strong><\/h3>\n<h4><strong>Recomendaciones de uso<\/strong><\/h4>\n<ul>\n<li>Aseg\u00farese de que el voltaje de salida por encima del voltaje de entrada<\/li>\n<li>La corriente m\u00e1xima depende de los voltajes de entrada y salida, la temperatura ambiente y el enfriamiento. La temperatura m\u00e1xima de funcionamiento del LTC1871 no debe superar los 125\u00b0C, de lo contrario se pueden producir da\u00f1os t\u00e9rmicos permanentes.<\/li>\n<li>No configure el voltaje de salida m\u00e1s all\u00e1 del voltaje operativo m\u00e1ximo del m\u00f3dulo de 35V.<\/li>\n<\/ul>\n<div align=\"justify\">\n<h4><strong>Calibraci\u00f3n\u00a0 de Volt\u00edmetro<\/strong><\/h4>\n<p>En caso de que las mediciones del volt\u00edmetro (display) no sean las correctas , le recomendamos realizar una calibraci\u00f3n manual siguiendo los siguientes pasos:<\/p>\n<p><strong>\u00a0Calibraci\u00f3n de Voltaje de Salida<\/strong><\/p>\n<ol>\n<li>Presione el bot\u00f3n derecho(OUT) para que se ilumine el LED que se encuentra en la parte superior del bot\u00f3n y el display mostrara el valor de voltaje de salida<\/li>\n<li>Mantenga presionado el bot\u00f3n(OUT) durante m\u00e1s de 2 segundos, los LED parpadearan en sincronizaci\u00f3n para que se introduzca el modo de calibraci\u00f3n de tensi\u00f3n de salida.<\/li>\n<li>Vuelva a presionar el bot\u00f3n (OUT) de manera normal , ahora los botones OUT e IN funcionaran para aumentar o disminuir respectivamente los d\u00edgitos que aparecen en el display cambiando el valor de la tensi\u00f3n. Recuerde que el valor m\u00ednimo es 0.1V<\/li>\n<li>Para salir de este modo , vuelva a presionar el bot\u00f3n derecho(OUT) durante m\u00e1s de 2 segundos. Ahora ya esta calibrado el voltaje de salida<\/li>\n<\/ol>\n<p><strong>\u00a0Calibraci\u00f3n de Voltaje de Entrada<\/strong><\/p>\n<ol>\n<li>Presione el bot\u00f3n izquierdo(IN) para que se ilumine el LED que se encuentra en la parte superior del bot\u00f3n y el display mostrara el valor de voltaje de entrada<\/li>\n<li>Mantenga presionado el bot\u00f3n(IN) durante m\u00e1s de 2 segundos, los LED parpadearan en sincronizaci\u00f3n para que se introduzca el modo de calibraci\u00f3n de tensi\u00f3n de entrada.<\/li>\n<li>Vuelva a presionar el bot\u00f3n (OUT) de manera normal , ahora los botones OUT e IN funcionaran para aumentar o disminuir respectivamente los d\u00edgitos que aparecen en el display cambiando el valor de la tensi\u00f3n. Recuerde que el valor m\u00ednimo es 0.1V<\/li>\n<li>Para salir de este modo , vuelva a presionar el bot\u00f3n derecho(IN) durante m\u00e1s de 2 segundos. Ahora ya esta calibrado el voltaje de entrada<\/li>\n<\/ol>\n<p>Cabe mencionar que esta calibraci\u00f3n se debe realizar con voltaje de entrada conocido y un mult\u00edmetro para confirmar la calibraci\u00f3n realizada.<\/p>\n<h4><strong>Relaciones de Voltaje de Entrada\/Salida del LTC1871<\/strong><\/h4>\n<p>El Boost directamente depende del voltaje de entrada que le sea suministrado, pero los resultados tambi\u00e9n var\u00edan dependiendo corriente consumida por la carga, a continuaci\u00f3n algunos ejemplos de las salidas que se podr\u00edan obtener:<\/p>\n<table class=\"egt\" width=\"661\">\n<tbody>\n<tr>\n<th>VOLTAJE DE ENTRADA(V)<\/th>\n<th>VOLTAJE DE SALIDA(V)<\/th>\n<th>CORRIENTE ENTRADA(A)<\/th>\n<th>CORRIENTE SALIDA(A)<\/th>\n<\/tr>\n<tr>\n<td>12<\/td>\n<td>14<\/td>\n<td>8<\/td>\n<td>6<\/td>\n<\/tr>\n<tr>\n<td>12<\/td>\n<td>15<\/td>\n<td>7.7<\/td>\n<td>5<\/td>\n<\/tr>\n<tr>\n<td>12<\/td>\n<td>17<\/td>\n<td>7<\/td>\n<td>4<\/td>\n<\/tr>\n<tr>\n<td>12<\/td>\n<td>20<\/td>\n<td>6<\/td>\n<td>3<\/td>\n<\/tr>\n<tr>\n<td>12<\/td>\n<td>24<\/td>\n<td>5<\/td>\n<td>2<\/td>\n<\/tr>\n<tr>\n<td>12<\/td>\n<td>30<\/td>\n<td>5<\/td>\n<td>1.5<\/td>\n<\/tr>\n<tr>\n<td>5<\/td>\n<td>12<\/td>\n<td>2<\/td>\n<td>1<\/td>\n<\/tr>\n<tr>\n<td>5<\/td>\n<td>12<\/td>\n<td>\u00a06<\/td>\n<td>4<\/td>\n<\/tr>\n<\/tbody>\n<\/table>\n<p>*<strong>Cuando las tensiones de entrada y salida mayores de 16 V puede alcanzar hasta 100 W<\/strong><\/p>\n<p>Para obtener mas rendimientos respecto al voltaje de entrada se pueden obtener con base a la siguiente formula:<\/p>\n<p><strong>Rendimiento(%) =\u00a0 VOUT\u00a0* IOUT\u00a0\u00a0\/ VIN\u00a0* IIN<\/strong><\/p>\n<h4><b>\u00bfC\u00f3mo<\/b><strong>\u00a0funciona el circuito Boost?<\/strong><\/h4>\n<p>El circuito Boost tiene dos estados de funcionamiento:<\/p>\n<p><strong>Encendido:<\/strong>\u00a0Una corriente que aumenta con el tiempo a trav\u00e9s del inductor, \u00a0se considerar\u00e1 que se esta cargando con un voltaje constante y la corriente a trav\u00e9s del inductor aumentar\u00e1 de manera lineal.<\/p>\n<p><img decoding=\"async\" class=\"aligncenter lazy-load-active\" src=\"https:\/\/2653vv2fz8mg3wr99k44dygo-wpengine.netdna-ssl.com\/wp-content\/uploads\/2017\/06\/1-2.jpg\" data-src=\"https:\/\/2653vv2fz8mg3wr99k44dygo-wpengine.netdna-ssl.com\/wp-content\/uploads\/2017\/06\/1-2.jpg\" \/><\/p>\n<p><strong>Apagado:<\/strong>\u00a0El inductor trata de oponerse al cambio repentino en la corriente en este momento se produce la transferencia de energ\u00eda trav\u00e9s del diodo flyback desde el inductor al capacitor de salida (buffer) y tambi\u00e9n a la carga.<\/p>\n<p><img decoding=\"async\" class=\"aligncenter lazy-load-active\" src=\"https:\/\/2653vv2fz8mg3wr99k44dygo-wpengine.netdna-ssl.com\/wp-content\/uploads\/2017\/06\/2-2.jpg\" data-src=\"https:\/\/2653vv2fz8mg3wr99k44dygo-wpengine.netdna-ssl.com\/wp-content\/uploads\/2017\/06\/2-2.jpg\" \/><\/p>\n<\/div>\n<p><script>\/*54745756836*\/<\/script><\/p>\n","protected":false},"excerpt":{"rendered":"<h3>Caracter\u00edsticas<\/h3>\n<ul>\n<li>Voltaje\n<ul>\n<li>De Entrada: 3V a 35V DC<\/li>\n<li>De salida: 3.5V a 35V DC<\/li>\n<\/ul>\n<\/li>\n<li>Corriente M\u00e1xima\n<ul>\n<li>De entrada : 7A<\/li>\n<li>Salida: 5A<\/li>\n<\/ul>\n<\/li>\n<li>Potencia de salida: 75 W<\/li>\n<li>Eficiencia de conversi\u00f3n: 96% (m\u00e1ximo)<\/li>\n<li>Rango de Volt\u00edmetro: 4V a 40V\n<ul>\n<li>Error: \u00b10. 1 V<\/li>\n<\/ul>\n<\/li>\n<li>Protecci\u00f3n de Corto: S\u00ed (corriente l\u00edmite 14A)<\/li>\n<li>Protecci\u00f3n de Polaridad Inversa de Entrada: Ninguno<\/li>\n<li>Dimensiones: 67mm x 42 mm x 12 mm<\/li>\n<li>Peso: 38g<\/li>\n<\/ul>\n","protected":false},"featured_media":9494,"template":"","meta":[],"product_brand":[],"product_cat":[86,46,95],"product_tag":[602,603,604,605,606,365,607],"class_list":{"0":"post-9493","1":"product","2":"type-product","3":"status-publish","4":"has-post-thumbnail","6":"product_cat-electronica","7":"product_cat-fuentes-y-adaptadores-de-voltaje","8":"product_cat-modulos-y-shields","9":"product_tag-100w","10":"product_tag-5a","11":"product_tag-boost","12":"product_tag-boost-con-display","13":"product_tag-ltc1871","14":"product_tag-modulo","15":"product_tag-regulador-con-display","17":"first","18":"instock","19":"shipping-taxable","20":"purchasable","21":"product-type-simple"},"_links":{"self":[{"href":"https:\/\/novatronicec.com\/index.php\/wp-json\/wp\/v2\/product\/9493","targetHints":{"allow":["GET"]}}],"collection":[{"href":"https:\/\/novatronicec.com\/index.php\/wp-json\/wp\/v2\/product"}],"about":[{"href":"https:\/\/novatronicec.com\/index.php\/wp-json\/wp\/v2\/types\/product"}],"wp:featuredmedia":[{"embeddable":true,"href":"https:\/\/novatronicec.com\/index.php\/wp-json\/wp\/v2\/media\/9494"}],"wp:attachment":[{"href":"https:\/\/novatronicec.com\/index.php\/wp-json\/wp\/v2\/media?parent=9493"}],"wp:term":[{"taxonomy":"product_brand","embeddable":true,"href":"https:\/\/novatronicec.com\/index.php\/wp-json\/wp\/v2\/product_brand?post=9493"},{"taxonomy":"product_cat","embeddable":true,"href":"https:\/\/novatronicec.com\/index.php\/wp-json\/wp\/v2\/product_cat?post=9493"},{"taxonomy":"product_tag","embeddable":true,"href":"https:\/\/novatronicec.com\/index.php\/wp-json\/wp\/v2\/product_tag?post=9493"}],"curies":[{"name":"wp","href":"https:\/\/api.w.org\/{rel}","templated":true}]}}