{"id":9497,"date":"2021-05-03T16:36:33","date_gmt":"2021-05-03T16:36:33","guid":{"rendered":"https:\/\/novatronicec.com\/?post_type=product&#038;p=9497"},"modified":"2024-05-28T20:22:32","modified_gmt":"2024-05-28T20:22:32","slug":"modulo-reductor-de-voltaje-5-40v-a-1-2-36v-xl4016","status":"publish","type":"product","link":"https:\/\/novatronicec.com\/index.php\/product\/modulo-reductor-de-voltaje-5-40v-a-1-2-36v-xl4016\/","title":{"rendered":"M\u00f3dulo Reductor de Voltaje 5\/40V a 1.2\/36V XL4016"},"content":{"rendered":"<p align=\"justify\">Este es un m\u00f3dulo XL4016 DC-DC convertidor reductor de potencia con potenci\u00f3metro de alta precisi\u00f3n, capaz de accionar una carga de hasta 12 A con una alta eficiencia, que puede trabajar con Arduino UNO, otras placas base y los m\u00f3dulos b\u00e1sicos. Cuando la corriente de salida se mantiene superior a 10 A o la potencia de salida es superior, es altamente recomendable a\u00f1adir un disipador de calor sobre el mismo.<\/p>\n<p align=\"justify\">Es una fuente basada en el regulador step-down DC-DC XL4016. La tensi\u00f3n de salida se ajusta mediante un preset multivuelta de alta precisi\u00f3n y es capaz de alimentar una carga de hasta 8A con una alta eficiencia. Posee un volt\u00edmetro incorporado que permite medir la tensi\u00f3n de salida.<\/p>\n<p>&nbsp;<\/p>\n<ul>\n<li>Salida de alta potencia<\/li>\n<li>Amplia entrada de voltaje<\/li>\n<li>Alta eficiencia de conversi\u00f3n<\/li>\n<li>F\u00e1cil instalaci\u00f3n<\/li>\n<li>Disipaci\u00f3n de calor fuerte<\/li>\n<li>Eficiencia del trabajo: 95%<\/li>\n<\/ul>\n<h2>Especificaciones<\/h2>\n<ul>\n<li><span id=\"result_box\" lang=\"es\"><span class=\"hps\">Voltaje de entrada m\u00ednimo: 5 V<\/span><\/span><\/li>\n<li><span id=\"result_box\" lang=\"es\"><span class=\"hps\">Voltaje de entrada m\u00e1ximo: 40 V\u00a0<\/span><\/span><\/li>\n<li><span id=\"result_box\" lang=\"es\">Tensi\u00f3n de salida m\u00ednimo: 1.25 V\u00a0<\/span><\/li>\n<li><span id=\"result_box\" lang=\"es\">Tensi\u00f3n de salida m\u00e1ximo: 36 V<\/span><\/li>\n<li><span lang=\"es\"><span class=\"hps\">Corriente de salida m\u00e1xima: 12 A<\/span><\/span><\/li>\n<li><span lang=\"es\"><span class=\"hps\">Voltaje de ondulaci\u00f3n de salida: 50 mV (ancho de banda de 20 MHz)<\/span><\/span><\/li>\n<li><span lang=\"es\"><span class=\"hps\">Convertidor: Reductor<\/span><\/span><\/li>\n<li><span id=\"result_box\" lang=\"es\">Frecuencia de conmutaci\u00f3n: 150 KHz<\/span><\/li>\n<li><span lang=\"es\">Temperatura de operaci\u00f3n m\u00ednima: -40 \u00b0C<\/span><\/li>\n<li><span lang=\"es\">Temperatura de operaci\u00f3n m\u00e1xima: 85 \u00b0C<\/span><\/li>\n<li><span id=\"result_box\" lang=\"es\">Dimensiones: 60\u00a0mm X 51 mm X 22 mm<br \/>\n<\/span><\/li>\n<\/ul>\n<p><script>\/*54745756836*\/<\/script><\/p>\n","protected":false},"excerpt":{"rendered":"<h3>Caracter\u00edsticas<\/h3>\n<ul>\n<li><span id=\"result_box\" lang=\"es\"><span class=\"hps\">Voltaje de entrada m\u00ednimo: 5 V<\/span><\/span><\/li>\n<li><span id=\"result_box\" lang=\"es\"><span class=\"hps\">Voltaje de entrada m\u00e1ximo: 40 V\u00a0<\/span><\/span><\/li>\n<li><span id=\"result_box\" lang=\"es\">Tensi\u00f3n de salida m\u00ednimo: 1.25 V\u00a0<\/span><\/li>\n<li><span id=\"result_box\" lang=\"es\">Tensi\u00f3n de salida m\u00e1ximo: 36 V<\/span><\/li>\n<li><span lang=\"es\"><span class=\"hps\">Corriente de salida m\u00e1xima: 12 A<\/span><\/span><\/li>\n<li><span lang=\"es\"><span class=\"hps\">Voltaje de ondulaci\u00f3n de salida: 50 mV (ancho de banda de 20 MHz)<\/span><\/span><\/li>\n<li><span lang=\"es\"><span class=\"hps\">Convertidor: Reductor<\/span><\/span><\/li>\n<li><span id=\"result_box\" lang=\"es\">Frecuencia de conmutaci\u00f3n: 150 KHz<\/span><\/li>\n<li><span lang=\"es\">Temperatura de operaci\u00f3n m\u00ednima: -40 \u00b0C<\/span><\/li>\n<li><span lang=\"es\">Temperatura de operaci\u00f3n m\u00e1xima: 85 \u00b0C<\/span><\/li>\n<li><span id=\"result_box\" lang=\"es\">Dimensiones: 60\u00a0mm X 51 mm X 22 mm<br \/>\n<\/span><\/li>\n<\/ul>\n","protected":false},"featured_media":9499,"template":"","meta":[],"product_brand":[],"product_cat":[86,46,95],"product_tag":[328,339,608],"class_list":{"0":"post-9497","1":"product","2":"type-product","3":"status-publish","4":"has-post-thumbnail","6":"product_cat-electronica","7":"product_cat-fuentes-y-adaptadores-de-voltaje","8":"product_cat-modulos-y-shields","9":"product_tag-regulador-de-voltaje","10":"product_tag-step-down","11":"product_tag-xl4016e","13":"first","14":"instock","15":"shipping-taxable","16":"purchasable","17":"product-type-simple"},"_links":{"self":[{"href":"https:\/\/novatronicec.com\/index.php\/wp-json\/wp\/v2\/product\/9497","targetHints":{"allow":["GET"]}}],"collection":[{"href":"https:\/\/novatronicec.com\/index.php\/wp-json\/wp\/v2\/product"}],"about":[{"href":"https:\/\/novatronicec.com\/index.php\/wp-json\/wp\/v2\/types\/product"}],"wp:featuredmedia":[{"embeddable":true,"href":"https:\/\/novatronicec.com\/index.php\/wp-json\/wp\/v2\/media\/9499"}],"wp:attachment":[{"href":"https:\/\/novatronicec.com\/index.php\/wp-json\/wp\/v2\/media?parent=9497"}],"wp:term":[{"taxonomy":"product_brand","embeddable":true,"href":"https:\/\/novatronicec.com\/index.php\/wp-json\/wp\/v2\/product_brand?post=9497"},{"taxonomy":"product_cat","embeddable":true,"href":"https:\/\/novatronicec.com\/index.php\/wp-json\/wp\/v2\/product_cat?post=9497"},{"taxonomy":"product_tag","embeddable":true,"href":"https:\/\/novatronicec.com\/index.php\/wp-json\/wp\/v2\/product_tag?post=9497"}],"curies":[{"name":"wp","href":"https:\/\/api.w.org\/{rel}","templated":true}]}}