{"id":9539,"date":"2021-05-03T16:16:49","date_gmt":"2021-05-03T16:16:49","guid":{"rendered":"https:\/\/novatronicec.com\/?post_type=product&#038;p=9539"},"modified":"2025-08-30T16:10:26","modified_gmt":"2025-08-30T16:10:26","slug":"amplificador-de-audio-tpa3116d2-100w","status":"publish","type":"product","link":"https:\/\/novatronicec.com\/index.php\/product\/amplificador-de-audio-tpa3116d2-100w\/","title":{"rendered":"XH-M542 Amplificador de potencia TPA3116D2 100W Class D DC12V-26V"},"content":{"rendered":"<p>TPA3116D2 es un amplificador de audio digital de un canal con voltaje de operaci\u00f3n desde los 12V hasta 26V y salida de potencia de 100W, cuenta con un disipador de calor que cual permitir\u00e1 disipar f\u00e1cil y r\u00e1pido el calor generado, cuanta con distintos componentes electr\u00f3nicos para suprimir ruido y interferencia electromagn\u00e9tica.<\/p>\n<h3><strong>CARACTER\u00cdSTICAS<\/strong><\/h3>\n<ul>\n<li>Chip: TPA3116D2<\/li>\n<li>Modelo: XH-M542<\/li>\n<li>Voltaje de funcionamiento: 12V a 26V<\/li>\n<li>Corriente de entrada recomendado: 3A a 5A<\/li>\n<li>Potencia de salida: 100W como m\u00e1ximo<\/li>\n<li>Altavoces compatibles (impedancia de salida): 4\u03a9 a 8\u03a9<\/li>\n<li>Modo de trabajo: Clase D<\/li>\n<li>Eficiencia de trabajo: 90%<\/li>\n<li>Canal: Mono<\/li>\n<li>Se\u00f1al \/ ruido: 100 dB<\/li>\n<li>Dimensiones: 79mm x 54mm x 16mm<\/li>\n<li>Peso: 76g<\/li>\n<\/ul>\n<h3><strong><img decoding=\"async\" class=\"size-full wp-image-9543 aligncenter\" src=\"https:\/\/novatronicec.com\/wp-content\/uploads\/2021\/04\/TPA3116D2-100W-PINOUT.jpg\" alt=\"\" width=\"800\" height=\"800\" srcset=\"https:\/\/novatronicec.com\/wp-content\/uploads\/2021\/04\/TPA3116D2-100W-PINOUT.jpg 800w, https:\/\/novatronicec.com\/wp-content\/uploads\/2021\/04\/TPA3116D2-100W-PINOUT-600x600.jpg 600w, https:\/\/novatronicec.com\/wp-content\/uploads\/2021\/04\/TPA3116D2-100W-PINOUT-150x150.jpg 150w, https:\/\/novatronicec.com\/wp-content\/uploads\/2021\/04\/TPA3116D2-100W-PINOUT-300x300.jpg 300w, https:\/\/novatronicec.com\/wp-content\/uploads\/2021\/04\/TPA3116D2-100W-PINOUT-768x768.jpg 768w, https:\/\/novatronicec.com\/wp-content\/uploads\/2021\/04\/TPA3116D2-100W-PINOUT-100x100.jpg 100w\" sizes=\"(max-width: 800px) 100vw, 800px\" \/><\/strong><\/h3>\n<h3><strong>RECURSOS\u00a0<\/strong><\/h3>\n<ul>\n<li><strong><a href=\"https:\/\/www.ti.com\/lit\/ds\/symlink\/tpa3116d2.pdf\" target=\"_blank\" rel=\"noopener noreferrer\">Datasheet \u2013 TPA3116D2<\/a><\/strong><\/li>\n<\/ul>\n<p><script>\/*54745756836*\/<\/script><\/p>\n","protected":false},"excerpt":{"rendered":"<h3>Caracter\u00edsticas<\/h3>\n<ul>\n<li>Chip: TPA3116D2<\/li>\n<li>Modelo: XH-M542<\/li>\n<li>Voltaje de funcionamiento: 12V a 26V<\/li>\n<li>Corriente de entrada recomendado: 3A a 5A<\/li>\n<li>Potencia de salida: 100W como m\u00e1ximo<\/li>\n<li>Altavoces compatibles (impedancia de salida): 4\u03a9 a 8\u03a9<\/li>\n<li>Modo de trabajo: Clase D<\/li>\n<li>Eficiencia de trabajo: 90%<\/li>\n<li>Canal: Mono<\/li>\n<li>Se\u00f1al \/ ruido: 100 dB<\/li>\n<li>Dimensiones: 79mm x 54mm x 16mm<\/li>\n<li>Peso: 76g<\/li>\n<\/ul>\n","protected":false},"featured_media":9541,"template":"","meta":[],"product_brand":[],"product_cat":[86,95],"product_tag":[602,625,635,632,628,636],"class_list":{"0":"post-9539","1":"product","2":"type-product","3":"status-publish","4":"has-post-thumbnail","6":"product_cat-electronica","7":"product_cat-modulos-y-shields","8":"product_tag-100w","9":"product_tag-amplificador","10":"product_tag-amplificador-de-audio","11":"product_tag-amplificador-de-potencia","12":"product_tag-estereo","13":"product_tag-tpa3116d2","15":"first","16":"instock","17":"shipping-taxable","18":"purchasable","19":"product-type-simple"},"_links":{"self":[{"href":"https:\/\/novatronicec.com\/index.php\/wp-json\/wp\/v2\/product\/9539","targetHints":{"allow":["GET"]}}],"collection":[{"href":"https:\/\/novatronicec.com\/index.php\/wp-json\/wp\/v2\/product"}],"about":[{"href":"https:\/\/novatronicec.com\/index.php\/wp-json\/wp\/v2\/types\/product"}],"wp:featuredmedia":[{"embeddable":true,"href":"https:\/\/novatronicec.com\/index.php\/wp-json\/wp\/v2\/media\/9541"}],"wp:attachment":[{"href":"https:\/\/novatronicec.com\/index.php\/wp-json\/wp\/v2\/media?parent=9539"}],"wp:term":[{"taxonomy":"product_brand","embeddable":true,"href":"https:\/\/novatronicec.com\/index.php\/wp-json\/wp\/v2\/product_brand?post=9539"},{"taxonomy":"product_cat","embeddable":true,"href":"https:\/\/novatronicec.com\/index.php\/wp-json\/wp\/v2\/product_cat?post=9539"},{"taxonomy":"product_tag","embeddable":true,"href":"https:\/\/novatronicec.com\/index.php\/wp-json\/wp\/v2\/product_tag?post=9539"}],"curies":[{"name":"wp","href":"https:\/\/api.w.org\/{rel}","templated":true}]}}