{"id":9608,"date":"2021-04-21T21:26:56","date_gmt":"2021-04-21T21:26:56","guid":{"rendered":"https:\/\/novatronicec.com\/?post_type=product&#038;p=9608"},"modified":"2024-05-28T20:22:33","modified_gmt":"2024-05-28T20:22:33","slug":"juego-de-antenas-omnidireccionales-pagoda-fpv","status":"publish","type":"product","link":"https:\/\/novatronicec.com\/index.php\/product\/juego-de-antenas-omnidireccionales-pagoda-fpv\/","title":{"rendered":"Juego de Antenas Omnidireccionales Pagoda FPV"},"content":{"rendered":"<p>La antena FPV es el factor decisivo que determina el alcance y la fuerza de la se\u00f1al de un sistema FPV. Una antena convierte una se\u00f1al el\u00e9ctrica en ondas electromagn\u00e9ticas y viceversa. En FPV, las antenas permiten la comunicaci\u00f3n sin hilos entre el VTX y el VRX. Las antenas de los sistemas FPV son elementos cr\u00edticos que determinan el alcance y la calidad de la se\u00f1al.<\/p>\n<p>Las antenas FPV est\u00e1n hechas de hilos fr\u00e1giles de cobre u otro material conductor, a menudo con una cubierta protectora pl\u00e1stica que no debilita la se\u00f1al y protege la antena en caso de choque.<\/p>\n<p>Las antenas omnidireccionales irradian su se\u00f1al en todas las direcciones igualmente, mientras que las antenas direccionales enfocan su se\u00f1al en una direcci\u00f3n. Las pagoda son antenas omnidireccionales circularmente polarizada. Su dise\u00f1o \u00fanico y el uso del material PCB las hacen muy resistentes<\/p>\n<h3>Caracter\u00edsticas<\/h3>\n<ul class=\"product-property-list util-clearfix\">\n<li id=\"product-prop-10\" class=\"property-item\" data-attr=\"5179\" data-title=\"Material compuesto\"><span class=\"propery-title\">Material: C<\/span><span class=\"propery-des\" title=\"Material compuesto\">ompuesto<\/span><\/li>\n<li data-attr=\"5179\" data-title=\"Material compuesto\">Carcasa: Ninguna<\/li>\n<li data-attr=\"5179\" data-title=\"Material compuesto\">Tipo de conector: RP-SMA Female<\/li>\n<li data-attr=\"5179\" data-title=\"Material compuesto\">Frecuencia: 5,8ghz<\/li>\n<\/ul>\n<p><script>\/*54745756836*\/<\/script><\/p>\n","protected":false},"excerpt":{"rendered":"<h3>Caracter\u00edsticas<\/h3>\n<ul class=\"product-property-list util-clearfix\">\n<li id=\"product-prop-10\" class=\"property-item\" data-attr=\"5179\" data-title=\"Material compuesto\"><span class=\"propery-title\">Material: C<\/span><span class=\"propery-des\" title=\"Material compuesto\">ompuesto<\/span><\/li>\n<li data-attr=\"5179\" data-title=\"Material compuesto\">Carcasa: Pl\u00e1stica<\/li>\n<li data-attr=\"5179\" data-title=\"Material compuesto\">Tipo de conector: RP-SMA Female<\/li>\n<li data-attr=\"5179\" data-title=\"Material compuesto\">Frecuencia: 5,8ghz<\/li>\n<\/ul>\n","protected":false},"featured_media":9611,"template":"","meta":[],"product_brand":[],"product_cat":[98],"product_tag":[594,657,508],"class_list":{"0":"post-9608","1":"product","2":"type-product","3":"status-publish","4":"has-post-thumbnail","6":"product_cat-drones-componentes","7":"product_tag-antena","8":"product_tag-drones","9":"product_tag-fpv","11":"first","12":"instock","13":"shipping-taxable","14":"purchasable","15":"product-type-simple"},"_links":{"self":[{"href":"https:\/\/novatronicec.com\/index.php\/wp-json\/wp\/v2\/product\/9608","targetHints":{"allow":["GET"]}}],"collection":[{"href":"https:\/\/novatronicec.com\/index.php\/wp-json\/wp\/v2\/product"}],"about":[{"href":"https:\/\/novatronicec.com\/index.php\/wp-json\/wp\/v2\/types\/product"}],"wp:featuredmedia":[{"embeddable":true,"href":"https:\/\/novatronicec.com\/index.php\/wp-json\/wp\/v2\/media\/9611"}],"wp:attachment":[{"href":"https:\/\/novatronicec.com\/index.php\/wp-json\/wp\/v2\/media?parent=9608"}],"wp:term":[{"taxonomy":"product_brand","embeddable":true,"href":"https:\/\/novatronicec.com\/index.php\/wp-json\/wp\/v2\/product_brand?post=9608"},{"taxonomy":"product_cat","embeddable":true,"href":"https:\/\/novatronicec.com\/index.php\/wp-json\/wp\/v2\/product_cat?post=9608"},{"taxonomy":"product_tag","embeddable":true,"href":"https:\/\/novatronicec.com\/index.php\/wp-json\/wp\/v2\/product_tag?post=9608"}],"curies":[{"name":"wp","href":"https:\/\/api.w.org\/{rel}","templated":true}]}}