{"id":9656,"date":"2021-05-03T01:53:44","date_gmt":"2021-05-03T01:53:44","guid":{"rendered":"https:\/\/novatronicec.com\/?post_type=product&#038;p=9656"},"modified":"2025-01-28T22:28:18","modified_gmt":"2025-01-28T22:28:18","slug":"sensor-de-temperatura-rtd-platino-pt100-2-hilos-1-metro","status":"publish","type":"product","link":"https:\/\/novatronicec.com\/index.php\/product\/sensor-de-temperatura-rtd-platino-pt100-2-hilos-1-metro\/","title":{"rendered":"Sensor de Temperatura RTD Platino \u2013 PT100 \u2013 2 hilos 1 metro"},"content":{"rendered":"<p>Para la detecci\u00f3n de temperatura con precisi\u00f3n, nada supera un RTD de Platino. Los detectores de temperatura de resistencia (RTDs) son sensores de temperatura que contienen una resistencia que cambia el valor de resistencia a medida que cambia su temperatura, b\u00e1sicamente un tipo de termistor. En este sensor, la resistencia es en realidad una peque\u00f1a tira de Platino con una resistencia de 100 ohmios a 0\u00b0C, debido a esto es\u00a0el nombre PT100. En comparaci\u00f3n con la mayor\u00eda de los termistores NTC\/PTC, el tipo PT de RTD es mucho m\u00e1s estable y preciso (pero tambi\u00e9n m\u00e1s caro), los PT100 han sido utilizados durante muchos a\u00f1os para medir la temperatura en laboratorios e industrias y han desarrollado una reputaci\u00f3n de precisi\u00f3n, repetibilidad y estabilidad (mejor que los termopares).<\/p>\n<p>Este sensor PT100 de alta temperatura est\u00e1 equipado con una cubierta de acero inoxidable que es buena para hasta 550 \u00b0C.<\/p>\n<h3>Caracter\u00edsticas<\/h3>\n<ul>\n<li>Basado en principios de medici\u00f3n de resistencia.<\/li>\n<li>El material de la resistencia es platino con un valor de 100 ohmios a la temperatura de 0\u00b0C.<\/li>\n<li>El platino tiene un factor de temperatura de resistencia positivo; la resistencia aumenta con el aumento de la temperatura.<\/li>\n<li>La variaci\u00f3n de resistencia es funci\u00f3n de la temperatura: 0.385 \u03a9\/\u00b0C nominal.<\/li>\n<li>Alta precisi\u00f3n y estabilidad en comparaci\u00f3n con termopares, sensores de temperatura basados \u200b\u200ben silicio o termistores.<\/li>\n<\/ul>\n<h3>Especificaciones del cable:<\/h3>\n<ul>\n<li>Tubo de acero inoxidable: 4 mm de di\u00e1metro por ~ 30 mm de largo (el tama\u00f1o de la c\u00e1psula de acero inoxidable puede variar)<\/li>\n<li>El cable es aproximadamente 1m \/ 100cm largo<\/li>\n<li>Contiene un sensor de temperatura PT100<\/li>\n<li>Tres cables con terminales<\/li>\n<\/ul>\n<h3>Especificaciones t\u00e9cnicas PT100:<\/h3>\n<ul>\n<li>Rango de temperatura utilizable: -200 a 550 \u00b0 C (-328 \u00b0 F a + 1.022 \u00b0 F)<\/li>\n<li>Utiliza interfaz de 2 hilos<\/li>\n<li>Precisi\u00f3n de \u00b10,5 \u00b0C de -10 \u00b0C a + 85 \u00b0C<\/li>\n<li>Peso del producto: 19.3 gr \/ 0.7oz<\/li>\n<\/ul>\n<p><script>\/*54745756836*\/<\/script><\/p>\n","protected":false},"excerpt":{"rendered":"<h3>Caracter\u00edsticas<\/h3>\n<ul>\n<li>Tubo de acero inoxidable: 4 mm de di\u00e1metro por ~ 30 mm de largo (el tama\u00f1o de la c\u00e1psula de acero inoxidable puede variar)<\/li>\n<li>El cable es aproximadamente 1m \/ 100cm largo<\/li>\n<li>Contiene un sensor de temperatura PT100<\/li>\n<li>Tres cables con terminales<\/li>\n<li>Rango de temperatura utilizable: -200 a 550 \u00b0 C (-328 \u00b0 F a + 1.022 \u00b0 F)<\/li>\n<li>Utiliza interfaz de 2 hilos<\/li>\n<li>Precisi\u00f3n de \u00b10,5 \u00b0C de -10 \u00b0C a + 85 \u00b0C<\/li>\n<li>Peso del producto: 19.3 gr \/ 0.7oz<\/li>\n<\/ul>\n","protected":false},"featured_media":9657,"template":"","meta":[],"product_brand":[],"product_cat":[86,45],"product_tag":[685,686],"class_list":{"0":"post-9656","1":"product","2":"type-product","3":"status-publish","4":"has-post-thumbnail","6":"product_cat-electronica","7":"product_cat-sensores","8":"product_tag-pt100","9":"product_tag-sensor-de-temperatura","11":"first","12":"instock","13":"shipping-taxable","14":"purchasable","15":"product-type-simple"},"_links":{"self":[{"href":"https:\/\/novatronicec.com\/index.php\/wp-json\/wp\/v2\/product\/9656","targetHints":{"allow":["GET"]}}],"collection":[{"href":"https:\/\/novatronicec.com\/index.php\/wp-json\/wp\/v2\/product"}],"about":[{"href":"https:\/\/novatronicec.com\/index.php\/wp-json\/wp\/v2\/types\/product"}],"wp:featuredmedia":[{"embeddable":true,"href":"https:\/\/novatronicec.com\/index.php\/wp-json\/wp\/v2\/media\/9657"}],"wp:attachment":[{"href":"https:\/\/novatronicec.com\/index.php\/wp-json\/wp\/v2\/media?parent=9656"}],"wp:term":[{"taxonomy":"product_brand","embeddable":true,"href":"https:\/\/novatronicec.com\/index.php\/wp-json\/wp\/v2\/product_brand?post=9656"},{"taxonomy":"product_cat","embeddable":true,"href":"https:\/\/novatronicec.com\/index.php\/wp-json\/wp\/v2\/product_cat?post=9656"},{"taxonomy":"product_tag","embeddable":true,"href":"https:\/\/novatronicec.com\/index.php\/wp-json\/wp\/v2\/product_tag?post=9656"}],"curies":[{"name":"wp","href":"https:\/\/api.w.org\/{rel}","templated":true}]}}