{"id":9709,"date":"2021-04-22T23:30:03","date_gmt":"2021-04-22T23:30:03","guid":{"rendered":"https:\/\/novatronicec.com\/?post_type=product&#038;p=9709"},"modified":"2024-05-28T20:22:34","modified_gmt":"2024-05-28T20:22:34","slug":"placa-para-cargar-baterias-lipo-en-paralelo-xt60-3-4s","status":"publish","type":"product","link":"https:\/\/novatronicec.com\/index.php\/product\/placa-para-cargar-baterias-lipo-en-paralelo-xt60-3-4s\/","title":{"rendered":"Placa para cargar Bater\u00edas Lipo en Paralelo XT60 3-4s"},"content":{"rendered":"<h3><strong>Caracter\u00edsticas:<\/strong><\/h3>\n<ul>\n<li>L\u00e1mina de cobre PCB gruesa, brinda la seguridad de usarla hasta con una corriente de carga de 20a.<\/li>\n<li>Cable de salida equilibrado con 18awg l\u00ednea de silicona multihilo.<\/li>\n<li>Equipado con protecci\u00f3n de fusibles 20A entre dos grupos de bater\u00edas, para manejar la gran presi\u00f3n de la bater\u00eda.<\/li>\n<li>Esta placa se puede utilizar para bater\u00edas con JST-XH conector de balanceo y conectores xt60.<\/li>\n<\/ul>\n<h3><strong>Especificaciones:<\/strong><\/h3>\n<ul>\n<li>Nombre del art\u00edculo: Placa de carga paralela<\/li>\n<li>Cable de silicona de 18AWG<\/li>\n<li>Corriente: admite m\u00e1x. 20A corriente de carga<\/li>\n<li>Para tama\u00f1o de la placa: aproximadamente 82*53*25mm<\/li>\n<li>Compatible con cargador IMAX B6<\/li>\n<\/ul>\n<p><script>\/*54745756836*\/<\/script><\/p>\n","protected":false},"excerpt":{"rendered":"<p><strong style=\"color: #1b1919; font-size: 22px;\">Especificaciones:<\/strong><\/p>\n<ul>\n<li>Nombre del art\u00edculo: Placa de carga paralela<\/li>\n<li>Cable de silicona de 18AWG<\/li>\n<li>Corriente: admite m\u00e1x. 20A corriente de carga<\/li>\n<li>Para tama\u00f1o de la placa: aproximadamente 82*53*25mm<\/li>\n<li>Compatible con cargador IMAX B6<\/li>\n<\/ul>\n","protected":false},"featured_media":9710,"template":"","meta":[],"product_brand":[],"product_cat":[128,98],"product_tag":[131,130,431,432,135,657,433,434,129],"class_list":{"0":"post-9709","1":"product","2":"type-product","3":"status-publish","4":"has-post-thumbnail","6":"product_cat-baterias","7":"product_cat-drones-componentes","8":"product_tag-bateria","9":"product_tag-baterialipo","10":"product_tag-cargador","11":"product_tag-cargador-lipo","12":"product_tag-drone","13":"product_tag-drones","14":"product_tag-imax","15":"product_tag-imax-b6","16":"product_tag-lipo","18":"first","19":"instock","20":"shipping-taxable","21":"purchasable","22":"product-type-simple"},"_links":{"self":[{"href":"https:\/\/novatronicec.com\/index.php\/wp-json\/wp\/v2\/product\/9709","targetHints":{"allow":["GET"]}}],"collection":[{"href":"https:\/\/novatronicec.com\/index.php\/wp-json\/wp\/v2\/product"}],"about":[{"href":"https:\/\/novatronicec.com\/index.php\/wp-json\/wp\/v2\/types\/product"}],"wp:featuredmedia":[{"embeddable":true,"href":"https:\/\/novatronicec.com\/index.php\/wp-json\/wp\/v2\/media\/9710"}],"wp:attachment":[{"href":"https:\/\/novatronicec.com\/index.php\/wp-json\/wp\/v2\/media?parent=9709"}],"wp:term":[{"taxonomy":"product_brand","embeddable":true,"href":"https:\/\/novatronicec.com\/index.php\/wp-json\/wp\/v2\/product_brand?post=9709"},{"taxonomy":"product_cat","embeddable":true,"href":"https:\/\/novatronicec.com\/index.php\/wp-json\/wp\/v2\/product_cat?post=9709"},{"taxonomy":"product_tag","embeddable":true,"href":"https:\/\/novatronicec.com\/index.php\/wp-json\/wp\/v2\/product_tag?post=9709"}],"curies":[{"name":"wp","href":"https:\/\/api.w.org\/{rel}","templated":true}]}}