{"id":9775,"date":"2021-04-23T22:14:43","date_gmt":"2021-04-23T22:14:43","guid":{"rendered":"https:\/\/novatronicec.com\/?post_type=product&#038;p=9775"},"modified":"2024-05-28T20:22:34","modified_gmt":"2024-05-28T20:22:34","slug":"interruptor-on-off-negro-2-pines-250v-3a","status":"publish","type":"product","link":"https:\/\/novatronicec.com\/index.php\/product\/interruptor-on-off-negro-2-pines-250v-3a\/","title":{"rendered":"Interruptor ON\/OFF Negro 2 Pines 250V\/3A"},"content":{"rendered":"<div align=\"justify\">\n<p>Un Interruptor ON\/OFF Negro 2 Pines es un dispositivo el\u00e9ctrico que nos permite realizar una funci\u00f3n de on\/off desde un mando. Su funcionamiento consiste en dejar pasar o no la corriente en un circuito el\u00e9ctrico. Por ello, su funci\u00f3n principal es el encendido y apagado de una luz.<\/p>\n<p>Mec\u00e1nicamente un\u00a0<strong>interruptor<\/strong>\u00a0consta de\u00a0<strong>dos contactos met\u00e1licos separados y una parte m\u00f3vil actuante que suele ser un balanc\u00edn<\/strong>. Presionando la tecla movemos el balanc\u00edn y abrimos o cerramos el circuito\/luz.<\/p>\n<p>Fabricado en pl\u00e1stico color negro, ideal para tus proyectos. I\/O (apagado) para datos precisos calific\u00e1ndolas. construido en luz de la l\u00e1mpara (l\u00e1mpara se enciende cuando el interruptor en la posici\u00f3n, ON). encendido de auto, motocicleta, m\u00e1quina expendedora de agua, lamparas etc.<\/p>\n<p>A nivel de cableado un interruptor tiene una\u00a0<strong>entrada de l\u00ednea de fase y una salida que se conecta al punto de luz.\u00a0\u00a0<\/strong>Es primordial saber que el<strong>\u00a0interruptor solo act\u00faa desde un punto.\u00a0<\/strong><br \/>\nInterruptor miniatura de balanc\u00edn, de 3 Amperes, 250 Volts, 1 polo, 1 tiro y 2 posiciones (ON\/OFF).<\/p>\n<\/div>\n<h3><strong>CARACTER\u00cdSTICAS<\/strong><\/h3>\n<ul>\n<li>Tipo: Interruptor ON\/OFF Negro 2 Pines<\/li>\n<li>Voltaje de entrada:3\u00a0A 250\u00a0VAC<\/li>\n<li>Corriente de entrada: 10A<\/li>\n<li>Dimensiones: 1.5cm*1cm*1.5 cm<\/li>\n<li><span class=\"a-list-item\">Acci\u00f3n: SPST (1 polo 1 tiro)<\/span><\/li>\n<li><span class=\"a-list-item\">Dimensi\u00f3n de montaje: 20\u00a0mm<\/span><\/li>\n<li><span class=\"a-list-item\">Terminales: 2\u00a0Pin (ON-OFF)<\/span><\/li>\n<\/ul>\n<p><script>\/*54745756836*\/<\/script><\/p>\n","protected":false},"excerpt":{"rendered":"<h3>Caracter\u00edsticas<\/h3>\n<ul>\n<li>Tipo: Interruptor ON\/OFF Negro 2 Pines<\/li>\n<li>Voltaje de entrada:3\u00a0A 250\u00a0VAC<\/li>\n<li>Corriente de entrada: 10A<\/li>\n<li>Dimensiones: 1.5cm*1cm*1.5 cm<\/li>\n<li><span class=\"a-list-item\">Acci\u00f3n: SPST (1 polo 1 tiro)<\/span><\/li>\n<li><span class=\"a-list-item\">Dimensi\u00f3n de montaje: 20\u00a0mm<\/span><\/li>\n<li><span class=\"a-list-item\">Terminales: 2\u00a0Pin (ON-OFF)<\/span><\/li>\n<\/ul>\n","protected":false},"featured_media":9780,"template":"","meta":[],"product_brand":[],"product_cat":[86],"product_tag":[513,725,726,727],"class_list":{"0":"post-9775","1":"product","2":"type-product","3":"status-publish","4":"has-post-thumbnail","6":"product_cat-electronica","7":"product_tag-interruptor","8":"product_tag-lampara","9":"product_tag-on-off","10":"product_tag-switch","12":"first","13":"instock","14":"shipping-taxable","15":"purchasable","16":"product-type-simple"},"_links":{"self":[{"href":"https:\/\/novatronicec.com\/index.php\/wp-json\/wp\/v2\/product\/9775","targetHints":{"allow":["GET"]}}],"collection":[{"href":"https:\/\/novatronicec.com\/index.php\/wp-json\/wp\/v2\/product"}],"about":[{"href":"https:\/\/novatronicec.com\/index.php\/wp-json\/wp\/v2\/types\/product"}],"wp:featuredmedia":[{"embeddable":true,"href":"https:\/\/novatronicec.com\/index.php\/wp-json\/wp\/v2\/media\/9780"}],"wp:attachment":[{"href":"https:\/\/novatronicec.com\/index.php\/wp-json\/wp\/v2\/media?parent=9775"}],"wp:term":[{"taxonomy":"product_brand","embeddable":true,"href":"https:\/\/novatronicec.com\/index.php\/wp-json\/wp\/v2\/product_brand?post=9775"},{"taxonomy":"product_cat","embeddable":true,"href":"https:\/\/novatronicec.com\/index.php\/wp-json\/wp\/v2\/product_cat?post=9775"},{"taxonomy":"product_tag","embeddable":true,"href":"https:\/\/novatronicec.com\/index.php\/wp-json\/wp\/v2\/product_tag?post=9775"}],"curies":[{"name":"wp","href":"https:\/\/api.w.org\/{rel}","templated":true}]}}