{"id":9779,"date":"2021-04-23T22:12:48","date_gmt":"2021-04-23T22:12:48","guid":{"rendered":"https:\/\/novatronicec.com\/?post_type=product&#038;p=9779"},"modified":"2025-01-09T18:59:55","modified_gmt":"2025-01-09T18:59:55","slug":"rollo-de-estano-0-8mm-50g","status":"publish","type":"product","link":"https:\/\/novatronicec.com\/index.php\/product\/rollo-de-estano-0-8mm-50g\/","title":{"rendered":"Rollo de esta\u00f1o 0.8mm 100g"},"content":{"rendered":"<p>Alambre de soldadura sin plomo,\u00a0 una herramienta imprescindible para tus proyectos de soldadura el\u00e9ctrica, bricolaje, mejora del hogar, reparaci\u00f3n de placa de circuito, cable, juguetes, dispositivos electr\u00f3nicos\u00a0y otros electrodom\u00e9sticos peque\u00f1os y m\u00e1s.<\/p>\n<h3><b>Caracter\u00edsticas:\u00a0<\/b><\/h3>\n<ul>\n<li>Sin plomo, respetuoso con el medio ambiente.<\/li>\n<li>Buena humedad, conductividad el\u00e9ctrica y t\u00e9rmica preeminente.<\/li>\n<li>Capacidad de soldadura perfecta, punto de soldadura m\u00e1s fuerte, fluye bien y se calienta uniformemente.<\/li>\n<li>Uniformemente entrelazado alrededor de un carrete, conveniente para organizar y almacenar.<\/li>\n<li>El alambre de soldadura es suave y limpio, resiste eficazmente la oxidaci\u00f3n.<\/li>\n<li>No se derrama, menos humo, sin olor t\u00f3xico, sin da\u00f1os.<\/li>\n<li>Hilo de esta\u00f1o funde bien y se pega sin necesidad de poner pasta de soldar<\/li>\n<\/ul>\n<h3><b>Especificaciones:<\/b><\/h3>\n<ul>\n<li>Di\u00e1metro: 0.8mm<\/li>\n<li>Peso neto: 100g<\/li>\n<\/ul>\n<p><script>\/*54745756836*\/<\/script><\/p>\n","protected":false},"excerpt":{"rendered":"<h3><b>Especificaciones:<\/b><\/h3>\n<ul>\n<li>Di\u00e1metro: 0.8mm<\/li>\n<li>Peso neto: 100g<\/li>\n<\/ul>\n<p>&nbsp;<\/p>\n","protected":false},"featured_media":9783,"template":"","meta":[],"product_brand":[],"product_cat":[86,1110,66],"product_tag":[104,724,720,341],"class_list":{"0":"post-9779","1":"product","2":"type-product","3":"status-publish","4":"has-post-thumbnail","6":"product_cat-electronica","7":"product_cat-herramientas","8":"product_cat-varios","9":"product_tag-electronica","10":"product_tag-estano","11":"product_tag-herramienta","12":"product_tag-pcb","14":"first","15":"outofstock","16":"shipping-taxable","17":"purchasable","18":"product-type-simple"},"_links":{"self":[{"href":"https:\/\/novatronicec.com\/index.php\/wp-json\/wp\/v2\/product\/9779","targetHints":{"allow":["GET"]}}],"collection":[{"href":"https:\/\/novatronicec.com\/index.php\/wp-json\/wp\/v2\/product"}],"about":[{"href":"https:\/\/novatronicec.com\/index.php\/wp-json\/wp\/v2\/types\/product"}],"wp:featuredmedia":[{"embeddable":true,"href":"https:\/\/novatronicec.com\/index.php\/wp-json\/wp\/v2\/media\/9783"}],"wp:attachment":[{"href":"https:\/\/novatronicec.com\/index.php\/wp-json\/wp\/v2\/media?parent=9779"}],"wp:term":[{"taxonomy":"product_brand","embeddable":true,"href":"https:\/\/novatronicec.com\/index.php\/wp-json\/wp\/v2\/product_brand?post=9779"},{"taxonomy":"product_cat","embeddable":true,"href":"https:\/\/novatronicec.com\/index.php\/wp-json\/wp\/v2\/product_cat?post=9779"},{"taxonomy":"product_tag","embeddable":true,"href":"https:\/\/novatronicec.com\/index.php\/wp-json\/wp\/v2\/product_tag?post=9779"}],"curies":[{"name":"wp","href":"https:\/\/api.w.org\/{rel}","templated":true}]}}