{"id":9784,"date":"2021-05-02T22:30:33","date_gmt":"2021-05-02T22:30:33","guid":{"rendered":"https:\/\/novatronicec.com\/?post_type=product&#038;p=9784"},"modified":"2024-05-28T20:22:34","modified_gmt":"2024-05-28T20:22:34","slug":"motor-vibracion-5v","status":"publish","type":"product","link":"https:\/\/novatronicec.com\/index.php\/product\/motor-vibracion-5v\/","title":{"rendered":"Motor Vibrador 5V Tipo Moneda"},"content":{"rendered":"<div align=\"justify\">\n<p>El Motor Vibraci\u00f3n es un peque\u00f1o componente que al momento de ser conectado a un voltaje entre 2V y 5V, causara un efecto de vibratorio. Con rotaci\u00f3n y posici\u00f3n en cualquier sentido y de corriente continua.<\/p>\n<p>El Motor Vibraci\u00f3n es \u00fatil como actuador en proyectos de electr\u00f3nica, para tel\u00e9fono celular, equipos de masaje de vibraci\u00f3n y\/o belleza, relojes electr\u00f3nicos, juguetes inteligentes, proyectos estudiantiles ya que se puede usar directamente con alguna bater\u00eda considerando que entre mayor sea el voltaje de alimentaci\u00f3n el consumo de corriente ser\u00e1 mas alto as\u00ed como tambi\u00e9n la velocidad de vibraci\u00f3n. Tambi\u00e9n lo puedes usar en con tarjetas de desarrollo (Arduino, ESP, Raspberry..) o microcontrolador.<\/p>\n<\/div>\n<h3><strong>CARACTER\u00cdSTICAS<\/strong><\/h3>\n<ul>\n<li>Voltaje de alimentaci\u00f3n: 2 V a 5 V<\/li>\n<li>Consumo de Corriente\n<ul>\n<li>2V, 40 mA<\/li>\n<li>3V,60 mA,<\/li>\n<li>4V, 80 mA<\/li>\n<li>5V,100 mA<\/li>\n<\/ul>\n<\/li>\n<li>Velocidad nominal del rotor: 11,000 RPM<\/li>\n<li>Direcci\u00f3n de rotaci\u00f3n: Sentido horario y antihorario<\/li>\n<li>Posici\u00f3n del motor: Cualquier posici\u00f3n disponible<\/li>\n<li>Temperatura de operaci\u00f3n : -20 \u00b0C\u00a0 a 70 \u00b0C<\/li>\n<li>Peso: 1 g<\/li>\n<li><span id=\"result_box\" class=\"short_text\" lang=\"es\"><span class=\"hps\">Largo del cable: 20 mm<\/span><\/span><\/li>\n<li>Almohadilla de goma: 0.2mm<\/li>\n<li>Dimensiones motor:\n<ul>\n<li>Di\u00e1metro: 10 mm<\/li>\n<li>Grosor: 2.7 mm<\/li>\n<\/ul>\n<\/li>\n<li>Forma: Plano redondo<\/li>\n<li>Material: Met\u00e1lico<\/li>\n<li>Color: Plateado con negro<\/li>\n<li>N\u00famero de cables: 2<\/li>\n<\/ul>\n<p><script>\/*54745756836*\/<\/script><\/p>\n","protected":false},"excerpt":{"rendered":"<h3>Caracter\u00edsticas<\/h3>\n<ul>\n<li>Voltaje de alimentaci\u00f3n: 2 V a 5 V<\/li>\n<li>Consumo de Corriente\n<ul>\n<li>2V, 40 mA<\/li>\n<li>3V,60 mA,<\/li>\n<li>4V, 80 mA<\/li>\n<li>5V,100 mA<\/li>\n<\/ul>\n<\/li>\n<li>Velocidad nominal del rotor: 11,000 RPM<\/li>\n<li>Direcci\u00f3n de rotaci\u00f3n: Sentido horario y antihorario<\/li>\n<li>Posici\u00f3n del motor: Cualquier posici\u00f3n disponible<\/li>\n<li>Temperatura de operaci\u00f3n : -20 \u00b0C\u00a0 a 70 \u00b0C<\/li>\n<li>Peso: 1 g<\/li>\n<li><span id=\"result_box\" class=\"short_text\" lang=\"es\"><span class=\"hps\">Largo del cable: 20 mm<\/span><\/span><\/li>\n<li>Almohadilla de goma: 0.2mm<\/li>\n<li>Dimensiones motor:\n<ul>\n<li>Di\u00e1metro: 10 mm<\/li>\n<li>Grosor: 2.7 mm<\/li>\n<\/ul>\n<\/li>\n<li>Forma: Plano redondo<\/li>\n<li>Material: Met\u00e1lico<\/li>\n<li>Color: Plateado con negro<\/li>\n<li>N\u00famero de cables: 2<\/li>\n<\/ul>\n","protected":false},"featured_media":9785,"template":"","meta":[],"product_brand":[],"product_cat":[86,43,69],"product_tag":[494,728,142,729,730,731],"class_list":{"0":"post-9784","1":"product","2":"type-product","3":"status-publish","4":"has-post-thumbnail","6":"product_cat-electronica","7":"product_cat-motores-y-actuadores","8":"product_cat-robotica","9":"product_tag-5v","10":"product_tag-mini-motor","11":"product_tag-motor","12":"product_tag-redondo","13":"product_tag-vibracion","14":"product_tag-vibrador","16":"first","17":"instock","18":"shipping-taxable","19":"purchasable","20":"product-type-simple"},"_links":{"self":[{"href":"https:\/\/novatronicec.com\/index.php\/wp-json\/wp\/v2\/product\/9784","targetHints":{"allow":["GET"]}}],"collection":[{"href":"https:\/\/novatronicec.com\/index.php\/wp-json\/wp\/v2\/product"}],"about":[{"href":"https:\/\/novatronicec.com\/index.php\/wp-json\/wp\/v2\/types\/product"}],"wp:featuredmedia":[{"embeddable":true,"href":"https:\/\/novatronicec.com\/index.php\/wp-json\/wp\/v2\/media\/9785"}],"wp:attachment":[{"href":"https:\/\/novatronicec.com\/index.php\/wp-json\/wp\/v2\/media?parent=9784"}],"wp:term":[{"taxonomy":"product_brand","embeddable":true,"href":"https:\/\/novatronicec.com\/index.php\/wp-json\/wp\/v2\/product_brand?post=9784"},{"taxonomy":"product_cat","embeddable":true,"href":"https:\/\/novatronicec.com\/index.php\/wp-json\/wp\/v2\/product_cat?post=9784"},{"taxonomy":"product_tag","embeddable":true,"href":"https:\/\/novatronicec.com\/index.php\/wp-json\/wp\/v2\/product_tag?post=9784"}],"curies":[{"name":"wp","href":"https:\/\/api.w.org\/{rel}","templated":true}]}}