{"id":9823,"date":"2021-05-02T22:29:22","date_gmt":"2021-05-02T22:29:22","guid":{"rendered":"https:\/\/novatronicec.com\/?post_type=product&#038;p=9823"},"modified":"2024-05-28T20:22:35","modified_gmt":"2024-05-28T20:22:35","slug":"microfono-de-condensador-9mm-x-7mm","status":"publish","type":"product","link":"https:\/\/novatronicec.com\/index.php\/product\/microfono-de-condensador-9mm-x-7mm\/","title":{"rendered":"Micr\u00f3fono de condensador (9mm x 7mm)"},"content":{"rendered":"<p>Este producto se trata de un\u00a0<strong>micr\u00f3fono de condensador electret<\/strong>\u00a0o, simplemente,\u00a0electret, es un micr\u00f3fono de condensador que\u00a0utiliza un electrodo\u00a0que al estar polarizado no necesita alimentaci\u00f3n. Que las placas est\u00e9n polarizadas significa que est\u00e1n cargadas permanentemente desde su fabricaci\u00f3n (se polarizan una sola vez y pueden durar muchos a\u00f1os).<\/p>\n<p>&nbsp;<\/p>\n<p>La existencia de esta carga electrost\u00e1tica hace que para alimentar las placas ya no sean necesarias ni pilas ni alimentaci\u00f3n\u00a0 para su funcionamiento, sin embargo, s\u00ed se requiere esta alimentaci\u00f3n si se requiere utilizar un pre amplificador.<\/p>\n<p>&nbsp;<\/p>\n<p>Los micr\u00f3fonos electret son robustos, por lo que soportan la manipulaci\u00f3n, y adem\u00e1s tienen como gran ventaja su reducido tama\u00f1o.<\/p>\n<p>&nbsp;<\/p>\n<h3><strong>CARACTER\u00cdSTICAS:<\/strong><\/h3>\n<ul>\n<li>Respuesta de frecuencia: 50 a 15.000 Hz.<\/li>\n<li>sensibilidad: -50 dB y -70 dB.<\/li>\n<li>Tama\u00f1o: 9mm x 7mm.<\/li>\n<li>Largo de los pines: 10mm.<\/li>\n<\/ul>\n<p><script>\/*54745756836*\/<\/script><\/p>\n","protected":false},"excerpt":{"rendered":"<h3><strong>CARACTER\u00cdSTICAS:<\/strong><\/h3>\n<ul>\n<li>Respuesta de frecuencia: 50 a 15.000 Hz.<\/li>\n<li>sensibilidad: -50 dB y -70 dB.<\/li>\n<li>Tama\u00f1o: 9mm x 7mm.<\/li>\n<li>Largo de los pines: 10mm.<\/li>\n<\/ul>\n","protected":false},"featured_media":9825,"template":"","meta":[],"product_brand":[],"product_cat":[86],"product_tag":[739,740],"class_list":{"0":"post-9823","1":"product","2":"type-product","3":"status-publish","4":"has-post-thumbnail","6":"product_cat-electronica","7":"product_tag-microfono","8":"product_tag-microfono-9x7","10":"first","11":"instock","12":"shipping-taxable","13":"purchasable","14":"product-type-simple"},"_links":{"self":[{"href":"https:\/\/novatronicec.com\/index.php\/wp-json\/wp\/v2\/product\/9823","targetHints":{"allow":["GET"]}}],"collection":[{"href":"https:\/\/novatronicec.com\/index.php\/wp-json\/wp\/v2\/product"}],"about":[{"href":"https:\/\/novatronicec.com\/index.php\/wp-json\/wp\/v2\/types\/product"}],"wp:featuredmedia":[{"embeddable":true,"href":"https:\/\/novatronicec.com\/index.php\/wp-json\/wp\/v2\/media\/9825"}],"wp:attachment":[{"href":"https:\/\/novatronicec.com\/index.php\/wp-json\/wp\/v2\/media?parent=9823"}],"wp:term":[{"taxonomy":"product_brand","embeddable":true,"href":"https:\/\/novatronicec.com\/index.php\/wp-json\/wp\/v2\/product_brand?post=9823"},{"taxonomy":"product_cat","embeddable":true,"href":"https:\/\/novatronicec.com\/index.php\/wp-json\/wp\/v2\/product_cat?post=9823"},{"taxonomy":"product_tag","embeddable":true,"href":"https:\/\/novatronicec.com\/index.php\/wp-json\/wp\/v2\/product_tag?post=9823"}],"curies":[{"name":"wp","href":"https:\/\/api.w.org\/{rel}","templated":true}]}}