{"id":9827,"date":"2021-05-02T22:29:01","date_gmt":"2021-05-02T22:29:01","guid":{"rendered":"https:\/\/novatronicec.com\/?post_type=product&#038;p=9827"},"modified":"2024-05-28T20:22:35","modified_gmt":"2024-05-28T20:22:35","slug":"laser-ajustable-5v-cabeza-de-cobre-6mm","status":"publish","type":"product","link":"https:\/\/novatronicec.com\/index.php\/product\/laser-ajustable-5v-cabeza-de-cobre-6mm\/","title":{"rendered":"Laser Ajustable 5V Cabeza de Cobre 6mm"},"content":{"rendered":"<p>Laser 5V 6mm es un dispositivo de emisi\u00f3n de luz o tambi\u00e9n conocido como tubo l\u00e1ser de punto rojo, integrado con un cabezal de cobre ajustable en l\u00e1ser. Este l\u00e1ser tiene un di\u00e1metro de 6mm y su longitud de onda es 650nm con alcance de hasta 15 metros, de igual forma cuenta con dos cables con longitud de 65mm para alimentar el laser entre 3V a 5V DC.<\/p>\n<p>Este tipo de laser son de prop\u00f3sito general y poden implantarse f\u00e1cilmente a cualquier proyecto de electr\u00f3nica, rob\u00f3tica y microcontroladores. Son ideales para desarrollar proyectos de observaci\u00f3n y orientaci\u00f3n o tener una referencia de concentricidad y posicionamiento en algunas herramientas ya sea de corte o taladros de banco y otras herramientas, tambi\u00e9n son implementados en equipos m\u00e9dicos, en juguetes y peque\u00f1os robots.<\/p>\n<h3><strong>CARACTER\u00cdSTICAS<\/strong><\/h3>\n<ul>\n<li>Tipo de Salida: Punto, Salida continua<\/li>\n<li>Voltaje de Operaci\u00f3n: 3V ~ 5V (T\u00edpico 3.7V ~ 4.5V)<\/li>\n<li>Corriente de trabajo: &lt;40mA<\/li>\n<li>Potencia de salida: 150mW<\/li>\n<li>Longitud de onda: 650nm<\/li>\n<li>Di\u00e1metro del Punto: 6mm<\/li>\n<li>Longitud del Cable: 65mm<\/li>\n<li>Temperatura de funcionamiento: -30 \u00b0C ~ 60 \u00b0C<\/li>\n<li>Vida \u00fatil: 1000 horas<\/li>\n<li>Alcance de hasta 15 metros<\/li>\n<li>Polaridad: Cable rojo +, cable azul \u2013<\/li>\n<\/ul>\n<p><script>\/*54745756836*\/<\/script><\/p>\n","protected":false},"excerpt":{"rendered":"<h3><strong>Caracter\u00edsticas<\/strong><\/h3>\n<ul>\n<li>Tipo de Salida: Punto, Salida continua<\/li>\n<li>Voltaje de Operaci\u00f3n: 3V ~ 5V (T\u00edpico 3.7V ~ 4.5V)<\/li>\n<li>Corriente de trabajo: &lt;40mA<\/li>\n<li>Potencia de salida: 150mW<\/li>\n<li>Longitud de onda: 650nm<\/li>\n<li>Di\u00e1metro del Punto: 6mm<\/li>\n<li>Longitud del Cable: 65mm<\/li>\n<li>Temperatura de funcionamiento: -30 \u00b0C ~ 60 \u00b0C<\/li>\n<li>Vida \u00fatil: 1000 horas<\/li>\n<li>Alcance de hasta 15 metros<\/li>\n<li>Polaridad: Cable rojo +, cable azul \u2013<\/li>\n<\/ul>\n","protected":false},"featured_media":9828,"template":"","meta":[],"product_brand":[],"product_cat":[86],"product_tag":[741,742,743],"class_list":{"0":"post-9827","1":"product","2":"type-product","3":"status-publish","4":"has-post-thumbnail","6":"product_cat-electronica","7":"product_tag-laser","8":"product_tag-laser-5v","9":"product_tag-laser-ajustable-5v","11":"first","12":"instock","13":"shipping-taxable","14":"purchasable","15":"product-type-simple"},"_links":{"self":[{"href":"https:\/\/novatronicec.com\/index.php\/wp-json\/wp\/v2\/product\/9827","targetHints":{"allow":["GET"]}}],"collection":[{"href":"https:\/\/novatronicec.com\/index.php\/wp-json\/wp\/v2\/product"}],"about":[{"href":"https:\/\/novatronicec.com\/index.php\/wp-json\/wp\/v2\/types\/product"}],"wp:featuredmedia":[{"embeddable":true,"href":"https:\/\/novatronicec.com\/index.php\/wp-json\/wp\/v2\/media\/9828"}],"wp:attachment":[{"href":"https:\/\/novatronicec.com\/index.php\/wp-json\/wp\/v2\/media?parent=9827"}],"wp:term":[{"taxonomy":"product_brand","embeddable":true,"href":"https:\/\/novatronicec.com\/index.php\/wp-json\/wp\/v2\/product_brand?post=9827"},{"taxonomy":"product_cat","embeddable":true,"href":"https:\/\/novatronicec.com\/index.php\/wp-json\/wp\/v2\/product_cat?post=9827"},{"taxonomy":"product_tag","embeddable":true,"href":"https:\/\/novatronicec.com\/index.php\/wp-json\/wp\/v2\/product_tag?post=9827"}],"curies":[{"name":"wp","href":"https:\/\/api.w.org\/{rel}","templated":true}]}}