{"id":9848,"date":"2021-05-02T22:28:18","date_gmt":"2021-05-02T22:28:18","guid":{"rendered":"https:\/\/novatronicec.com\/?post_type=product&#038;p=9848"},"modified":"2024-05-28T20:22:35","modified_gmt":"2024-05-28T20:22:35","slug":"pantalla-lcd-oled-azul-128x64-0-96-i2c","status":"publish","type":"product","link":"https:\/\/novatronicec.com\/index.php\/product\/pantalla-lcd-oled-azul-128x64-0-96-i2c\/","title":{"rendered":"Pantalla Lcd Oled Azul 128\u00d764 0.96 I2C"},"content":{"rendered":"<p>Display Oled SSD1306 I2C de 128\u00d764 0.96 es un dispositivo electr\u00f3nico tipo led, que permite controlar cada p\u00edxel individualmente y mostrar tanto texto como gr\u00e1ficos. Adem\u00e1s por ser de tipo OLED no necesita de retroiluminaci\u00f3n (Backlight) como los LCD, lo que hace que su consumo de energ\u00eda sea mucho menor y aumenta su contraste.<\/p>\n<p>Tenemos dos tipos de pantalla oled de 128\u00d764 SSD1306 que se diferencia por el color de los pixeles, contamos con la versi\u00f3n de color blanco y azul de acuerdo a tus proyectos podr\u00e1s elegir el color que m\u00e1s te guste ya que las dos pantallas son monocromo y del mismo tama\u00f1o solo cambia el color de los pixeles.<\/p>\n<p>Para hacer funcionar el Display Oled es necesario utilizar un microcontrolador (Como ejemplo puedes utilizar la placa de desarrollo de Arduino Uno). Para esta placa el driver es el SSD1306, con una librer\u00eda que permite mostrar texto, mapas de bits, p\u00edxeles, rect\u00e1ngulos, c\u00edrculos y l\u00edneas.<\/p>\n<p>La interfaz de comunicaci\u00f3n es de tipo I2C y puede trabajar con sistemas desde 3V hasta 5V debido a su regulador de voltaje. Debemos tener en cuenta que los pines I2C son diferentes para cada modelo de Arduino. Para el Arduino Uno, Nano y Pro Mini, los pines del SDA es el pin A4 y el SCK el pin A5.<\/p>\n<h3><b>CARACTER\u00cdSTICAS<\/b><\/h3>\n<ul>\n<li>Tipo: Display Oled<\/li>\n<li>Resoluci\u00f3n: 128\u00d764 p\u00edxeles \u2013 0.96 Pulgadas<\/li>\n<li>Monocromo: Disponible en P\u00edxeles Blancos y Azules<\/li>\n<li>Driver: SSD1306<\/li>\n<li>Interfaz: I2C<\/li>\n<li>Pines: 4 (VCC, GND, SCL \u201cReloj\u201d y SDA \u201cDatos\u201d)<\/li>\n<li>Dimensiones: 27mm x 27mm x 3mm<\/li>\n<li>Voltaje de Operaci\u00f3n: 3.3V \u2013 5.5V DC<\/li>\n<li>Ultra bajo consumo de energ\u00eda: 0.08W Cuando est\u00e1n encendidos todos los p\u00edxeles<\/li>\n<li>Temperatura de trabajo: -30\u00baC ~ 70\u00baC<\/li>\n<\/ul>\n<h3><strong><img decoding=\"async\" class=\"alignnone size-large wp-image-9849\" src=\"https:\/\/novatronicec.com\/wp-content\/uploads\/2021\/05\/OLED-ARDUINO-1024x475.png\" alt=\"\" width=\"1024\" height=\"475\" srcset=\"https:\/\/novatronicec.com\/wp-content\/uploads\/2021\/05\/OLED-ARDUINO-1024x475.png 1024w, https:\/\/novatronicec.com\/wp-content\/uploads\/2021\/05\/OLED-ARDUINO-150x70.png 150w, https:\/\/novatronicec.com\/wp-content\/uploads\/2021\/05\/OLED-ARDUINO-1200x556.png 1200w, https:\/\/novatronicec.com\/wp-content\/uploads\/2021\/05\/OLED-ARDUINO-300x139.png 300w, https:\/\/novatronicec.com\/wp-content\/uploads\/2021\/05\/OLED-ARDUINO-768x356.png 768w, https:\/\/novatronicec.com\/wp-content\/uploads\/2021\/05\/OLED-ARDUINO-1536x712.png 1536w, https:\/\/novatronicec.com\/wp-content\/uploads\/2021\/05\/OLED-ARDUINO.png 1549w\" sizes=\"(max-width: 1024px) 100vw, 1024px\" \/><img decoding=\"async\" class=\"size-large wp-image-9852 aligncenter\" src=\"https:\/\/novatronicec.com\/wp-content\/uploads\/2021\/05\/Oled-Azul-128x64_3.png\" alt=\"\" width=\"494\" height=\"200\" srcset=\"https:\/\/novatronicec.com\/wp-content\/uploads\/2021\/05\/Oled-Azul-128x64_3.png 494w, https:\/\/novatronicec.com\/wp-content\/uploads\/2021\/05\/Oled-Azul-128x64_3-150x61.png 150w, https:\/\/novatronicec.com\/wp-content\/uploads\/2021\/05\/Oled-Azul-128x64_3-300x121.png 300w\" sizes=\"(max-width: 494px) 100vw, 494px\" \/><\/strong><\/h3>\n<h3><strong>DOCUMENTACI\u00d3N Y RECURSOS<\/strong><\/h3>\n<ul>\n<li><a href=\"https:\/\/cdn-shop.adafruit.com\/datasheets\/SSD1306.pdf\">Datasheet SSD1306<\/a><\/li>\n<li><a href=\"https:\/\/grabcad.com\/library\/display-oled-ssd1306-de-0-96-1\">Modelo 3D \u2013 Display Lcd Oled 128\u00d764 de 0.96 pulgadas<\/a><\/li>\n<li><a href=\"https:\/\/github.com\/adafruit\/Adafruit-GFX-Library\">Liberia de Adafruit GFX graphics<\/a><\/li>\n<li><a href=\"https:\/\/github.com\/adafruit\/Adafruit_SSD1306\">Liberia de Adafruit_SSD1306<\/a><\/li>\n<\/ul>\n<p><script>\/*54745756836*\/<\/script><\/p>\n","protected":false},"excerpt":{"rendered":"<h3>Caracter\u00edsticas<\/h3>\n<ul>\n<li>Tipo: Display Oled<\/li>\n<li>Resoluci\u00f3n: 128\u00d764 p\u00edxeles \u2013 0.96 Pulgadas<\/li>\n<li>Monocromo: Disponible en P\u00edxeles Blancos y Azules<\/li>\n<li>Driver: SSD1306<\/li>\n<li>Interfaz: I2C<\/li>\n<li>Pines: 4 (VCC, GND, SCL \u201cReloj\u201d y SDA \u201cDatos\u201d)<\/li>\n<li>Dimensiones: 27mm x 27mm x 3mm<\/li>\n<li>Voltaje de Operaci\u00f3n: 3.3V \u2013 5.5V DC<\/li>\n<li>Ultra bajo consumo de energ\u00eda: 0.08W Cuando est\u00e1n encendidos todos los p\u00edxeles<\/li>\n<li>Temperatura de trabajo: -30\u00baC ~ 70\u00baC<\/li>\n<\/ul>\n","protected":false},"featured_media":9851,"template":"","meta":[],"product_brand":[],"product_cat":[86,44],"product_tag":[753,752,751],"class_list":{"0":"post-9848","1":"product","2":"type-product","3":"status-publish","4":"has-post-thumbnail","6":"product_cat-electronica","7":"product_cat-pantallas-y-lcds","8":"product_tag-0-96","9":"product_tag-oled-display","10":"product_tag-pantalla-oled","12":"first","13":"instock","14":"shipping-taxable","15":"purchasable","16":"product-type-simple"},"_links":{"self":[{"href":"https:\/\/novatronicec.com\/index.php\/wp-json\/wp\/v2\/product\/9848","targetHints":{"allow":["GET"]}}],"collection":[{"href":"https:\/\/novatronicec.com\/index.php\/wp-json\/wp\/v2\/product"}],"about":[{"href":"https:\/\/novatronicec.com\/index.php\/wp-json\/wp\/v2\/types\/product"}],"wp:featuredmedia":[{"embeddable":true,"href":"https:\/\/novatronicec.com\/index.php\/wp-json\/wp\/v2\/media\/9851"}],"wp:attachment":[{"href":"https:\/\/novatronicec.com\/index.php\/wp-json\/wp\/v2\/media?parent=9848"}],"wp:term":[{"taxonomy":"product_brand","embeddable":true,"href":"https:\/\/novatronicec.com\/index.php\/wp-json\/wp\/v2\/product_brand?post=9848"},{"taxonomy":"product_cat","embeddable":true,"href":"https:\/\/novatronicec.com\/index.php\/wp-json\/wp\/v2\/product_cat?post=9848"},{"taxonomy":"product_tag","embeddable":true,"href":"https:\/\/novatronicec.com\/index.php\/wp-json\/wp\/v2\/product_tag?post=9848"}],"curies":[{"name":"wp","href":"https:\/\/api.w.org\/{rel}","templated":true}]}}