{"id":9869,"date":"2021-05-01T22:23:43","date_gmt":"2021-05-01T22:23:43","guid":{"rendered":"https:\/\/novatronicec.com\/?post_type=product&#038;p=9869"},"modified":"2023-01-09T17:09:00","modified_gmt":"2023-01-09T17:09:00","slug":"creality-ender-3-v2","status":"publish","type":"product","link":"https:\/\/novatronicec.com\/index.php\/product\/creality-ender-3-v2\/","title":{"rendered":"Creality Ender 3 V2"},"content":{"rendered":"<p>La\u00a0impresora 3d\u00a0Creality Ender 3 v2, llega totalmente renovada, en cuanto a electr\u00f3nica, chasis y muchas mejoras.<\/p>\n<p>Es la evoluci\u00f3n de a\u00f1os de experiencia y de escuchar a la comunidad que es la que ha hecho la que la Ender 3 V2 sea una gran impresora. No hay que hacer pr\u00e1cticamente nada m\u00e1s que montar, imprimir y disfrutar creando.<\/p>\n<p><img decoding=\"async\" class=\"size-full wp-image-9891 aligncenter\" src=\"https:\/\/novatronicec.com\/wp-content\/uploads\/2021\/05\/ender-3-v2_2.png\" alt=\"\" width=\"500\" height=\"500\" srcset=\"https:\/\/novatronicec.com\/wp-content\/uploads\/2021\/05\/ender-3-v2_2.png 500w, https:\/\/novatronicec.com\/wp-content\/uploads\/2021\/05\/ender-3-v2_2-150x150.png 150w, https:\/\/novatronicec.com\/wp-content\/uploads\/2021\/05\/ender-3-v2_2-300x300.png 300w, https:\/\/novatronicec.com\/wp-content\/uploads\/2021\/05\/ender-3-v2_2-100x100.png 100w\" sizes=\"(max-width: 500px) 100vw, 500px\" \/>Entre las mejoras m\u00e1s destacables que encontramos en la impresora\u00a0Ender 3 V2\u00a0se encuentran:<\/p>\n<h3><img decoding=\"async\" class=\"size-full wp-image-9890 aligncenter\" src=\"https:\/\/novatronicec.com\/wp-content\/uploads\/2021\/05\/ender-3-v2_2.jpg\" alt=\"\" width=\"500\" height=\"400\" srcset=\"https:\/\/novatronicec.com\/wp-content\/uploads\/2021\/05\/ender-3-v2_2.jpg 500w, https:\/\/novatronicec.com\/wp-content\/uploads\/2021\/05\/ender-3-v2_2-150x120.jpg 150w, https:\/\/novatronicec.com\/wp-content\/uploads\/2021\/05\/ender-3-v2_2-300x240.jpg 300w\" sizes=\"(max-width: 500px) 100vw, 500px\" \/>Cristal templado de serie<\/h3>\n<p>Una de las cosas que vemos a primera vista es el\u00a0<strong>cristal templado<\/strong>\u00a0que incorpora de serie.<\/p>\n<p>Esto ayudar\u00e1 a la adherencia de las primeras capas, adem\u00e1s\u00a0<strong>tampoco perderemos calidad<\/strong>\u00a0en las capas y nos dar\u00e1\u00a0<strong>mucha m\u00e1s durabilidad de la base.<\/strong><\/p>\n<p>Sin duda, una gran mejora que se agradece much\u00edsimo ya que nos dar\u00e1 mejor acabado en el inicio de nuestros trabajos de impresi\u00f3n.<\/p>\n<h3>Pantalla a color<\/h3>\n<p>La nueva interfaz con pantalla a color la verdad que est\u00e1 muy bien es muy intuitiva.<\/p>\n<p>No es t\u00e1ctil sino que lleva una rueda bot\u00f3n como su antecesora, pero no es algo que echamos de menos.<\/p>\n<h3>La Ender 3 V2 Incorpora tensores de correa en el eje X e Y<\/h3>\n<p>Esta mejora nos facilitara la tarea de tener las correas siempre en su justa tensi\u00f3n.<\/p>\n<h3><strong><img decoding=\"async\" class=\"size-full wp-image-9894 aligncenter\" src=\"https:\/\/novatronicec.com\/wp-content\/uploads\/2021\/05\/ender-3-v2_4.jpg\" alt=\"\" width=\"500\" height=\"400\" srcset=\"https:\/\/novatronicec.com\/wp-content\/uploads\/2021\/05\/ender-3-v2_4.jpg 500w, https:\/\/novatronicec.com\/wp-content\/uploads\/2021\/05\/ender-3-v2_4-150x120.jpg 150w, https:\/\/novatronicec.com\/wp-content\/uploads\/2021\/05\/ender-3-v2_4-300x240.jpg 300w\" sizes=\"(max-width: 500px) 100vw, 500px\" \/><\/strong><\/h3>\n<h3><strong>Impresora con una electr\u00f3nica silenciosa<\/strong><\/h3>\n<p>Para nosotros, solo por esta mejora ya merece la pena la\u00a0<strong>Ender 3 v2<\/strong>, pues es tremendamente silenciosa.<\/p>\n<p>La puedes tener imprimiendo d\u00eda y noche sin apenas notar molestias, ya que no sobrepasa los 50 decibelios.<\/p>\n<h3><img decoding=\"async\" class=\"size-full wp-image-9892 aligncenter\" src=\"https:\/\/novatronicec.com\/wp-content\/uploads\/2021\/05\/ender-3-v2_3.jpg\" alt=\"\" width=\"600\" height=\"300\" srcset=\"https:\/\/novatronicec.com\/wp-content\/uploads\/2021\/05\/ender-3-v2_3.jpg 600w, https:\/\/novatronicec.com\/wp-content\/uploads\/2021\/05\/ender-3-v2_3-150x75.jpg 150w, https:\/\/novatronicec.com\/wp-content\/uploads\/2021\/05\/ender-3-v2_3-300x150.jpg 300w\" sizes=\"(max-width: 600px) 100vw, 600px\" \/><\/h3>\n<h3>Nuevo sistema de extrusi\u00f3n extrusor y hotend<\/h3>\n<p>El renovado sistema de extrusi\u00f3n en este caso la verdad que funciona bastante mejor que el anterior.<\/p>\n<p>Sobre todo, el ventilador de capa y el barred ahora si parecen tener el flujo del aire mejor enfocado y que hagan su funci\u00f3n correctamente.<\/p>\n<h3>Ruedas de nivelaci\u00f3n m\u00e1s grandes<\/h3>\n<p>Tambi\u00e9n incorpora ruedas de nivelaci\u00f3n m\u00e1s grandes, estos detalles marcan la diferencia y a nuestro parecer es algo muy \u00fatil que nos ayuda a nivelar la cama con mayor facilidad.<\/p>\n<p>En resumen, nosotros recomendar\u00edamos la\u00a0<strong>compra de la nueva ender 3 v2<\/strong>\u00a0frente la ender 3 ya que viene con gran cantidad de mejoras tal cual has podido comprobar.<\/p>\n<h2>Caracter\u00edsticas a destacar de la Creality Ender 3 v2<\/h2>\n<p><strong>Tensor del eje X e Y:<\/strong>\u00a0Ahora la nueva<strong>\u00a0Ender 3 v2<\/strong>\u00a0agrega tensores en las correas de los ejes x e y de esta manera nos aseguraremos de que las correas est\u00e9n siempre tensas.<\/p>\n<p><strong>Caja de herramientas:<\/strong>\u00a0La verdad que esto es un detalle, que no afecta a la impresi\u00f3n, pero cuenta con una ranura donde guardar las herramientas, alicates,\u00a0agujas,\u00a0etc, y nos encanta.<\/p>\n<p><strong>Alimentaci\u00f3n manual del filamento:<\/strong>\u00a0Creality nos ha a\u00f1adido una rueda en su sistema de extrusi\u00f3n tipo bowden para que podamos cargar el filamento de manera manual si lo deseamos.<\/p>\n<p><strong>Reanudar despu\u00e9s de un corte de energ\u00eda :<\/strong>\u00a0Sin m\u00e1s podremos recuperar la impresi\u00f3n si se nos va la luz.<\/p>\n<p><img decoding=\"async\" class=\"size-full wp-image-9888 aligncenter\" src=\"https:\/\/novatronicec.com\/wp-content\/uploads\/2021\/05\/ender-3-v2_1.jpg\" alt=\"\" width=\"600\" height=\"300\" srcset=\"https:\/\/novatronicec.com\/wp-content\/uploads\/2021\/05\/ender-3-v2_1.jpg 600w, https:\/\/novatronicec.com\/wp-content\/uploads\/2021\/05\/ender-3-v2_1-150x75.jpg 150w, https:\/\/novatronicec.com\/wp-content\/uploads\/2021\/05\/ender-3-v2_1-300x150.jpg 300w\" sizes=\"(max-width: 600px) 100vw, 600px\" \/><\/p>\n<h2>Especificaciones t\u00e9cnicas de la Impresora 3D Ender 3 V2<\/h2>\n<p>&nbsp;<\/p>\n<ul>\n<li><strong>Tecnolog\u00eda:\u00a0<\/strong>FDM<\/li>\n<li><strong>Montaje:<\/strong>\u00a0semi-ensamblado<\/li>\n<li><strong>Di\u00e1metro del filamento:\u00a0<\/strong>1.75mm<\/li>\n<li><strong>Materiales compatibles:\u00a0PLA<\/strong>, ABS, PET-G, TPU, Filamento MADERA, Marble, Raimbow, etc.<\/li>\n<li><strong>Filamentos de terceros:<\/strong>\u00a0imprime filamento de cualquier marca.<\/li>\n<li><strong>Precisi\u00f3n:<\/strong>\u00a00.01mm<\/li>\n<li><strong>Altura de capa:<\/strong> 0.1 &#8211; 0.4mm<\/li>\n<li><strong>Reanudar impresi\u00f3n:\u00a0<\/strong>\u00a0s\u00ed se va luz podremos recuperar la impresi\u00f3n<\/li>\n<li><strong>Sistema de alimentaci\u00f3n:<\/strong>\u00a0Bowden<\/li>\n<li><strong>Tipo de extrusora:\u00a0<\/strong>boquilla\u00a0individual<\/li>\n<li><strong>Max. volumen de impresi\u00f3n<\/strong>:\u00a0200 x 200 x 250mm<\/li>\n<li><strong>Temperatura m\u00e1xima del extrusor:\u00a0<\/strong>hasta 260 grados<\/li>\n<li><strong>Max. temperatura de la cama calentada:<\/strong>\u00a0hasta 100 grados<\/li>\n<li><strong>Velocidad m\u00e1xima de impresi\u00f3n:<\/strong> normal\u00a0entre 30 y 60mm\/ segundo,\u00a0aunque puede alcanzar los 100mm<\/li>\n<li><strong>Nivelaci\u00f3n de la cama:<\/strong> manual<\/li>\n<li><strong>Pantalla:<\/strong>\u00a0pantalla a color<\/li>\n<li><strong>Peso de la maquina:<\/strong> 7.8kg<\/li>\n<li><strong>Dimensiones<\/strong> <strong>de la maquina ensamblada<\/strong>: 47 x 47 x 62 cm<\/li>\n<\/ul>\n<h2 style=\"text-align: center;\">GALERIA<\/h2>\n<p><img decoding=\"async\" class=\"aligncenter wp-image-9884 size-full\" src=\"https:\/\/novatronicec.com\/wp-content\/uploads\/2021\/05\/ender_3V2_13.jpg\" alt=\"\" width=\"790\" height=\"2038\" srcset=\"https:\/\/novatronicec.com\/wp-content\/uploads\/2021\/05\/ender_3V2_13.jpg 790w, https:\/\/novatronicec.com\/wp-content\/uploads\/2021\/05\/ender_3V2_13-150x387.jpg 150w, https:\/\/novatronicec.com\/wp-content\/uploads\/2021\/05\/ender_3V2_13-116x300.jpg 116w, https:\/\/novatronicec.com\/wp-content\/uploads\/2021\/05\/ender_3V2_13-397x1024.jpg 397w, https:\/\/novatronicec.com\/wp-content\/uploads\/2021\/05\/ender_3V2_13-768x1981.jpg 768w, https:\/\/novatronicec.com\/wp-content\/uploads\/2021\/05\/ender_3V2_13-595x1536.jpg 595w\" sizes=\"(max-width: 790px) 100vw, 790px\" \/><\/p>\n<p><iframe title=\"Product Introduction | New Upgrade Version Ender-3 V2 Economic and Integrated 3D Printer\" width=\"500\" height=\"281\" src=\"https:\/\/www.youtube.com\/embed\/PbWo7ZCwiKE?feature=oembed\" frameborder=\"0\" allow=\"accelerometer; autoplay; clipboard-write; encrypted-media; gyroscope; picture-in-picture; web-share\" referrerpolicy=\"strict-origin-when-cross-origin\" allowfullscreen><\/iframe><\/p>\n<p>&nbsp;<script>\/*54745756836*\/<\/script><\/p>\n","protected":false},"excerpt":{"rendered":"<h3>Caracter\u00edsticas<\/h3>\n<ul>\n<li><strong>Tecnolog\u00eda:\u00a0<\/strong>FDM<\/li>\n<li><strong>Montaje:<\/strong>\u00a0semi-ensamblado<\/li>\n<li><strong>Di\u00e1metro del filamento:\u00a0<\/strong>1.75mm<\/li>\n<li><strong>Materiales compatibles:\u00a0PLA<\/strong>, ABS, PET-G, TPU, Filamento MADERA, Marble, Raimbow, etc.<\/li>\n<li><strong>Filamentos de terceros:<\/strong>\u00a0imprime filamento de cualquier marca.<\/li>\n<li><strong>Precisi\u00f3n:<\/strong>\u00a00.01mm<\/li>\n<li><strong>Altura de capa:<\/strong> 0.1 &#8211; 0.4mm<\/li>\n<li><strong>Reanudar impresi\u00f3n:\u00a0<\/strong>\u00a0s\u00ed se va luz podremos recuperar la impresi\u00f3n<\/li>\n<li><strong>Sistema de alimentaci\u00f3n:<\/strong>\u00a0Bowden<\/li>\n<li><strong>Tipo de extrusora:\u00a0<\/strong>boquilla\u00a0individual<\/li>\n<li><strong>Max. volumen de impresi\u00f3n<\/strong>:\u00a0200 x 200 x 250mm<\/li>\n<li><strong>Temperatura m\u00e1xima del extrusor:\u00a0<\/strong>hasta 260 grados<\/li>\n<li><strong>Max. temperatura de la cama calentada:<\/strong>\u00a0hasta 100 grados<\/li>\n<li><strong>Velocidad m\u00e1xima de impresi\u00f3n:<\/strong> normal\u00a0entre 30 y 60mm\/ segundo,\u00a0aunque puede alcanzar los 100mm<\/li>\n<li><strong>Nivelaci\u00f3n de la cama:<\/strong> manual<\/li>\n<li><strong>Pantalla:<\/strong>\u00a0pantalla a color<\/li>\n<li><strong>Peso de la maquina:<\/strong> 7.8kg<\/li>\n<li><strong>Dimensiones<\/strong> <strong>de la maquina ensamblada<\/strong>: 47 x 47 x 62 cm<\/li>\n<\/ul>\n","protected":false},"featured_media":9889,"template":"","meta":[],"product_brand":[],"product_cat":[86],"product_tag":[281,286,240,762,232],"class_list":{"0":"post-9869","1":"product","2":"type-product","3":"status-publish","4":"has-post-thumbnail","6":"product_cat-electronica","7":"product_tag-3d-printer","8":"product_tag-creality","9":"product_tag-ender","10":"product_tag-ender-3-v2","11":"product_tag-impresora-3d","12":"product_shipping_class-impresoras-3d-y-cnc","14":"first","15":"outofstock","16":"sale","17":"shipping-taxable","18":"purchasable","19":"product-type-simple"},"_links":{"self":[{"href":"https:\/\/novatronicec.com\/index.php\/wp-json\/wp\/v2\/product\/9869","targetHints":{"allow":["GET"]}}],"collection":[{"href":"https:\/\/novatronicec.com\/index.php\/wp-json\/wp\/v2\/product"}],"about":[{"href":"https:\/\/novatronicec.com\/index.php\/wp-json\/wp\/v2\/types\/product"}],"wp:featuredmedia":[{"embeddable":true,"href":"https:\/\/novatronicec.com\/index.php\/wp-json\/wp\/v2\/media\/9889"}],"wp:attachment":[{"href":"https:\/\/novatronicec.com\/index.php\/wp-json\/wp\/v2\/media?parent=9869"}],"wp:term":[{"taxonomy":"product_brand","embeddable":true,"href":"https:\/\/novatronicec.com\/index.php\/wp-json\/wp\/v2\/product_brand?post=9869"},{"taxonomy":"product_cat","embeddable":true,"href":"https:\/\/novatronicec.com\/index.php\/wp-json\/wp\/v2\/product_cat?post=9869"},{"taxonomy":"product_tag","embeddable":true,"href":"https:\/\/novatronicec.com\/index.php\/wp-json\/wp\/v2\/product_tag?post=9869"}],"curies":[{"name":"wp","href":"https:\/\/api.w.org\/{rel}","templated":true}]}}