{"id":9952,"date":"2021-05-02T00:56:07","date_gmt":"2021-05-02T00:56:07","guid":{"rendered":"https:\/\/novatronicec.com\/?post_type=product&#038;p=9952"},"modified":"2024-05-28T20:22:35","modified_gmt":"2024-05-28T20:22:35","slug":"impresora-3d-artillery-hornet","status":"publish","type":"product","link":"https:\/\/novatronicec.com\/index.php\/product\/impresora-3d-artillery-hornet\/","title":{"rendered":"Impresora 3D Artillery Hornet"},"content":{"rendered":"<p>La\u00a0<strong>impresora 3D Artillery Hornet<\/strong>\u00a0es una m\u00e1quina orientada a los entusiastas que se disponen a entrar en el mundo de la impresi\u00f3n 3D, gracias a\u00a0<strong>su facilidad de uso y a sus resultados de mucha precisi\u00f3n y calidad.<\/strong><\/p>\n<h3>Dise\u00f1o atractivo con una construcci\u00f3n resistente<\/h3>\n<p>La\u00a0<strong><a href=\"https:\/\/servitec3d.com\/impresoras-3d-artillery\/\">impresora 3D Artillery<\/a>\u00a0Hornet<\/strong>\u00a0tiene un dise\u00f1o inspirado en los coches deportivos de gamas altas para darle un un punto moderno a la estructura cl\u00e1sica de la impresora 3D.<\/p>\n<p><strong>Una impresora cl\u00e1sica con un dise\u00f1o moderno.<\/strong><\/p>\n<p>&nbsp;<\/p>\n<p><img decoding=\"async\" class=\"size-full wp-image-9959 aligncenter\" src=\"https:\/\/novatronicec.com\/wp-content\/uploads\/2021\/05\/impresora_3D_artillery_Hornet_7.jpg\" alt=\"\" width=\"500\" height=\"500\" srcset=\"https:\/\/novatronicec.com\/wp-content\/uploads\/2021\/05\/impresora_3D_artillery_Hornet_7.jpg 500w, https:\/\/novatronicec.com\/wp-content\/uploads\/2021\/05\/impresora_3D_artillery_Hornet_7-150x150.jpg 150w, https:\/\/novatronicec.com\/wp-content\/uploads\/2021\/05\/impresora_3D_artillery_Hornet_7-300x300.jpg 300w, https:\/\/novatronicec.com\/wp-content\/uploads\/2021\/05\/impresora_3D_artillery_Hornet_7-100x100.jpg 100w\" sizes=\"(max-width: 500px) 100vw, 500px\" \/><\/p>\n<p>Pero que su atractivo dise\u00f1o no os confunda, ya que cuenta con\u00a0<strong>una estructura de aluminio muy resistente<\/strong>\u00a0y un compartimiento protegido para la fuente de alimentaci\u00f3n, cosa que nos garantiza que obtendremos una impresora longeva.<\/p>\n<p>&nbsp;<\/p>\n<p><img decoding=\"async\" class=\"size-full wp-image-9956 aligncenter\" src=\"https:\/\/novatronicec.com\/wp-content\/uploads\/2021\/05\/impresora_3D_artillery_Hornet_4.jpg\" alt=\"\" width=\"500\" height=\"500\" srcset=\"https:\/\/novatronicec.com\/wp-content\/uploads\/2021\/05\/impresora_3D_artillery_Hornet_4.jpg 500w, https:\/\/novatronicec.com\/wp-content\/uploads\/2021\/05\/impresora_3D_artillery_Hornet_4-150x150.jpg 150w, https:\/\/novatronicec.com\/wp-content\/uploads\/2021\/05\/impresora_3D_artillery_Hornet_4-300x300.jpg 300w, https:\/\/novatronicec.com\/wp-content\/uploads\/2021\/05\/impresora_3D_artillery_Hornet_4-100x100.jpg 100w\" sizes=\"(max-width: 500px) 100vw, 500px\" \/><\/p>\n<h3>Cableado integrado con la nueva impresora 3D Artillery Hornet<\/h3>\n<p>Esta impresora no solo sorprende por su dise\u00f1o, sino tambi\u00e9n por su\u00a0<strong>cableado integrado<\/strong>, el cual nos evitar\u00e1 tener cables desordenados que nos molesten a la hora de imprimir.<\/p>\n<p>En esta impresora la alimentaci\u00f3n, la se\u00f1al y la carga de filamentos son todo en uno, gracias a lo cual tendremos menos dificultades de impresi\u00f3n.<\/p>\n<h3><strong><img decoding=\"async\" class=\"size-full wp-image-9957 aligncenter\" src=\"https:\/\/novatronicec.com\/wp-content\/uploads\/2021\/05\/impresora_3D_artillery_Hornet_5.jpg\" alt=\"\" width=\"500\" height=\"500\" srcset=\"https:\/\/novatronicec.com\/wp-content\/uploads\/2021\/05\/impresora_3D_artillery_Hornet_5.jpg 500w, https:\/\/novatronicec.com\/wp-content\/uploads\/2021\/05\/impresora_3D_artillery_Hornet_5-150x150.jpg 150w, https:\/\/novatronicec.com\/wp-content\/uploads\/2021\/05\/impresora_3D_artillery_Hornet_5-300x300.jpg 300w, https:\/\/novatronicec.com\/wp-content\/uploads\/2021\/05\/impresora_3D_artillery_Hornet_5-100x100.jpg 100w\" sizes=\"(max-width: 500px) 100vw, 500px\" \/><\/strong><\/h3>\n<h3><strong>Extrusora Titan y Hot-end modular<\/strong><\/h3>\n<p>La\u00a0<strong>Artillery Hornet<\/strong>\u00a0incorpora\u00a0<strong>un extrusora de titanio<\/strong>\u00a0que nos asegura una extrusi\u00f3n\u00a0<b>m\u00e1s potente con una alimentaci\u00f3n de filamento m\u00e1s fluida y estable.<\/b><\/p>\n<p>Conjuntamente con el\u00a0<strong>hot-end modular<\/strong>\u00a0y su boquilla de cobre nos aseguran\u00a0<strong>una r\u00e1pida fusi\u00f3n<\/strong>\u00a0con lo que obtendremos muy buenos resultados.<\/p>\n<h3><strong><img decoding=\"async\" class=\"size-full wp-image-9958 aligncenter\" src=\"https:\/\/novatronicec.com\/wp-content\/uploads\/2021\/05\/impresora_3D_artillery_Hornet_6.jpg\" alt=\"\" width=\"500\" height=\"500\" srcset=\"https:\/\/novatronicec.com\/wp-content\/uploads\/2021\/05\/impresora_3D_artillery_Hornet_6.jpg 500w, https:\/\/novatronicec.com\/wp-content\/uploads\/2021\/05\/impresora_3D_artillery_Hornet_6-150x150.jpg 150w, https:\/\/novatronicec.com\/wp-content\/uploads\/2021\/05\/impresora_3D_artillery_Hornet_6-300x300.jpg 300w, https:\/\/novatronicec.com\/wp-content\/uploads\/2021\/05\/impresora_3D_artillery_Hornet_6-100x100.jpg 100w\" sizes=\"(max-width: 500px) 100vw, 500px\" \/><\/strong><\/h3>\n<h3><strong>Plataforma de vidrio templado revestido\u00a0<\/strong><\/h3>\n<p>La plataforma de<strong>\u00a0vidrio templado revestido<\/strong>\u00a0resulta en una base de muy buena calidad para esta impresora.<\/p>\n<p>Con esta base\u00a0<strong>no necesitaremos utilizar ning\u00fan adhesivo<\/strong>\u00a0adicional. La plantilla se retira f\u00e1cilmente para\u00a0<strong>sacar las piezas sin da\u00f1arlas<\/strong>.<\/p>\n<h2><img decoding=\"async\" class=\"size-full wp-image-9960 aligncenter\" src=\"https:\/\/novatronicec.com\/wp-content\/uploads\/2021\/05\/impresora_3D_artillery_Hornet_8.jpg\" alt=\"\" width=\"600\" height=\"600\" srcset=\"https:\/\/novatronicec.com\/wp-content\/uploads\/2021\/05\/impresora_3D_artillery_Hornet_8.jpg 600w, https:\/\/novatronicec.com\/wp-content\/uploads\/2021\/05\/impresora_3D_artillery_Hornet_8-150x150.jpg 150w, https:\/\/novatronicec.com\/wp-content\/uploads\/2021\/05\/impresora_3D_artillery_Hornet_8-300x300.jpg 300w, https:\/\/novatronicec.com\/wp-content\/uploads\/2021\/05\/impresora_3D_artillery_Hornet_8-100x100.jpg 100w\" sizes=\"(max-width: 600px) 100vw, 600px\" \/><\/h2>\n<h2><\/h2>\n<h2>Especificaciones t\u00e9cnicas de la impresora 3D Artillery Hornet<\/h2>\n<ul>\n<li><strong>Volumen de impresi\u00f3n<\/strong>: 220 x 220 x 250 mm.<\/li>\n<li><strong>Resoluci\u00f3n<\/strong>: 0.1 \u2013 0.32 mm.<\/li>\n<li><strong>Velocidad de impresi\u00f3n<\/strong>: 60 \u2013 100 mm\/s<\/li>\n<li><strong>Tipo superficie Impresi\u00f3n<\/strong>: Artillery Build Plate<\/li>\n<li><strong>Tipo de cama<\/strong>: Cama calor DC<\/li>\n<li><strong>Extrusor tipo<\/strong>: Bowden<\/li>\n<li><strong>Filamento di\u00e1metro<\/strong>: 1.75mm<\/li>\n<li><strong>Materiales Compatibles<\/strong>: Filamento PLA, TPU, ABS\u2026<\/li>\n<li>Calibraci\u00f3n manual<\/li>\n<li><strong>Tecnolog\u00eda de Impresi\u00f3n<\/strong>: FFF<\/li>\n<li><strong>Di\u00e1metro Boquilla<\/strong>: 0.4 mm.<\/li>\n<li><strong>Nozzle compatible<\/strong>\u00a0con E3D V6<\/li>\n<li><strong>Temperatura Boquilla<\/strong>: 180\u00a0 \u2013 240\u00baC<\/li>\n<li>Tiempo de\u00a0<strong>calentamiento placa de construcci\u00f3n<\/strong>: 80\u00baC en menos de 180 segundos<\/li>\n<li><strong>Tablero de control<\/strong>: Artillery Ruby 32bit Mainboard<\/li>\n<li><strong>Peso<\/strong>: 7.8KG<\/li>\n<li><strong>Dimensiones<\/strong>: 470 mm x 450mm x 510mm\uff08montada completamente\uff09<\/li>\n<\/ul>\n<p><script>\/*54745756836*\/<\/script><\/p>\n","protected":false},"excerpt":{"rendered":"<h3>Caracter\u00edsticas<\/h3>\n<ul>\n<li><strong>Volumen de impresi\u00f3n<\/strong>: 220 x 220 x 250 mm.<\/li>\n<li><strong>Resoluci\u00f3n<\/strong>: 0.1 \u2013 0.32 mm.<\/li>\n<li><strong>Velocidad de impresi\u00f3n<\/strong>: 60 \u2013 100 mm\/s<\/li>\n<li><strong>Tipo superficie Impresi\u00f3n<\/strong>: Artillery Build Plate<\/li>\n<li><strong>Tipo de cama<\/strong>: Cama calor DC<\/li>\n<li><strong>Extrusor tipo<\/strong>: Bowden<\/li>\n<li><strong>Filamento di\u00e1metro<\/strong>: 1.75mm<\/li>\n<li><strong>Materiales Compatibles<\/strong>: Filamento PLA, TPU, ABS\u2026<\/li>\n<li>Calibraci\u00f3n manual<\/li>\n<li><strong>Tecnolog\u00eda de Impresi\u00f3n<\/strong>: FFF<\/li>\n<li><strong>Di\u00e1metro Boquilla<\/strong>: 0.4 mm.<\/li>\n<li><strong>Nozzle compatible<\/strong>\u00a0con E3D V6<\/li>\n<li><strong>Temperatura Boquilla<\/strong>: 180\u00a0 \u2013 240\u00baC<\/li>\n<li>Tiempo de\u00a0<strong>calentamiento placa de construcci\u00f3n<\/strong>: 80\u00baC en menos de 180 segundos<\/li>\n<li><strong>Tablero de control<\/strong>: Artillery Ruby 32bit Mainboard<\/li>\n<li><strong>Peso<\/strong>: 7.8KG<\/li>\n<li><strong>Dimensiones<\/strong>: 470 mm x 450mm x 510mm\uff08montada completamente\uff09<\/li>\n<\/ul>\n","protected":false},"featured_media":9953,"template":"","meta":[],"product_brand":[],"product_cat":[86],"product_tag":[280,776,777,232],"class_list":{"0":"post-9952","1":"product","2":"type-product","3":"status-publish","4":"has-post-thumbnail","6":"product_cat-electronica","7":"product_tag-artillery","8":"product_tag-artillery-hornet","9":"product_tag-hornet","10":"product_tag-impresora-3d","11":"product_shipping_class-impresoras-3d-y-cnc","13":"first","14":"outofstock","15":"shipping-taxable","16":"purchasable","17":"product-type-simple"},"_links":{"self":[{"href":"https:\/\/novatronicec.com\/index.php\/wp-json\/wp\/v2\/product\/9952","targetHints":{"allow":["GET"]}}],"collection":[{"href":"https:\/\/novatronicec.com\/index.php\/wp-json\/wp\/v2\/product"}],"about":[{"href":"https:\/\/novatronicec.com\/index.php\/wp-json\/wp\/v2\/types\/product"}],"wp:featuredmedia":[{"embeddable":true,"href":"https:\/\/novatronicec.com\/index.php\/wp-json\/wp\/v2\/media\/9953"}],"wp:attachment":[{"href":"https:\/\/novatronicec.com\/index.php\/wp-json\/wp\/v2\/media?parent=9952"}],"wp:term":[{"taxonomy":"product_brand","embeddable":true,"href":"https:\/\/novatronicec.com\/index.php\/wp-json\/wp\/v2\/product_brand?post=9952"},{"taxonomy":"product_cat","embeddable":true,"href":"https:\/\/novatronicec.com\/index.php\/wp-json\/wp\/v2\/product_cat?post=9952"},{"taxonomy":"product_tag","embeddable":true,"href":"https:\/\/novatronicec.com\/index.php\/wp-json\/wp\/v2\/product_tag?post=9952"}],"curies":[{"name":"wp","href":"https:\/\/api.w.org\/{rel}","templated":true}]}}